{"id":12164,"date":"2025-04-15T21:53:17","date_gmt":"2025-04-15T21:53:17","guid":{"rendered":"https:\/\/www.cleanlease.com\/?page_id=12164"},"modified":"2025-05-06T15:51:55","modified_gmt":"2025-05-06T15:51:55","slug":"jeu-concours-landal-cleanlease","status":"publish","type":"page","link":"https:\/\/www.cleanlease.com\/fr\/jeu-concours-landal-cleanlease\/","title":{"rendered":"Gagnez un week-end!"},"content":{"rendered":"\n<\/div>\n<div class=\"block simple-content   block-margin-top-normal block-margin-bottom-normal block-text-center\"\n        style=\"background-color:#f8f8f8\">\n    <div class=\"container small\">\n        <div class=\"row\">\n            <div class=\"col-12 \">\n                <div class=\"simple-content-container\">\n                    <div class=\"simple-content-intro\">\n                                                    <span class=\"tagline\">TU PARTICIPES AUSSI?<\/span>\n                        <h1 class='block-title'>Partez en week-end avec Landal <\/h1>                    <\/div>\n                                    <\/div>\n            <\/div>\n                    <\/div>\n    <\/div>\n<\/div>\n<div class=\"container\">\n\n\n\n<figure class=\"wp-block-image size-large\"><img loading=\"lazy\" decoding=\"async\" width=\"1024\" height=\"575\" src=\"https:\/\/www.cleanlease.com\/wp-content\/uploads\/2025\/05\/Winactie-Landal_FR-small-1024x575.png\" alt=\"\" class=\"wp-image-12179\" srcset=\"https:\/\/www.cleanlease.com\/wp-content\/uploads\/2025\/05\/Winactie-Landal_FR-small-1024x575.png 1024w, https:\/\/www.cleanlease.com\/wp-content\/uploads\/2025\/05\/Winactie-Landal_FR-small-300x168.png 300w, https:\/\/www.cleanlease.com\/wp-content\/uploads\/2025\/05\/Winactie-Landal_FR-small-768x431.png 768w, https:\/\/www.cleanlease.com\/wp-content\/uploads\/2025\/05\/Winactie-Landal_FR-small-1536x862.png 1536w, https:\/\/www.cleanlease.com\/wp-content\/uploads\/2025\/05\/Winactie-Landal_FR-small-2048x1149.png 2048w\" sizes=\"auto, (max-width: 1024px) 100vw, 1024px\" \/><\/figure>\n\n\n\n<\/div>\n<div class=\"block simple-content   block-margin-top-normal block-margin-bottom-normal block-text-left\"\n        style=\"background-color:#FFFFFF\">\n    <div class=\"container small\">\n        <div class=\"row\">\n            <div class=\"col-12 \">\n                <div class=\"simple-content-container\">\n                    <div class=\"simple-content-intro\">\n                                            <\/div>\n                    \n                        <h2 class=\"\" data-start=\"205\" data-end=\"259\">Tentez de gagner un week-end tout confort pour 4 personnes dans un parc Landal!<\/h2>\n<p class=\"\" data-start=\"260\" data-end=\"355\">Un superbe s\u00e9jour \u00e0 remporter sp\u00e9cialement pour les collaborateurs de CleanLease.<\/p>\n<p>Pour f\u00eater notre belle collaboration avec <strong>Landal<\/strong> \u2013 le plus grand contrat de l\u2019histoire de CleanLease \u2013 <strong>nous offrons 4 week-ends inoubliable<\/strong>s!<br \/>\n\u00c0 vous l\u2019\u00e9vasion, la d\u00e9tente et de bons moments en pleine nature.<\/p>\n<p>Voici ce qui vous attend:<\/p>\n<ul>\n<li>Un s\u00e9jour dans un magnifique parc Landal<\/li>\n<li><strong>Trois personnes<\/strong> de votre choix pour partager l\u2019aventure<\/li>\n<li><strong>250 \u20ac d\u2019argent de poche<\/strong> pour un d\u00eener, une activit\u00e9 ou tout ce qui vous fait plaisir<\/li>\n<\/ul>\n                        \n                                    <\/div>\n            <\/div>\n                    <\/div>\n    <\/div>\n<\/div>\n<div class=\"container\">\n\n\n\n<div class=\"form-block block  block-margin-top-normal block-margin-bottom-normal block-text-left\" >\n    <div class=\"form-block-background\"><\/div>\n    <div class=\"row\">\n        <div class=\"col-12 col-lg-5\">\n                            <div class=\"form-block-introduction\">\n                    <h2>Comment participer?<\/h2>                    <div class=\"form-block-description\"><p>Facile! Remplissez votre nom, votre unit\u00e9 et indiquez votre parc Landal pr\u00e9f\u00e9r\u00e9.<\/p>\n<\/div>                <\/div>\n                    <\/div>\n        <div class=\"col-12 col-lg-7\">\n            <div class=\"form-block-holder \">\n                <div class=\"form-block-holder-content\">\n                                                            <div class=\"form-block-holder-form\">\n                                            <\/div>\n                <\/div>\n            <\/div>\n        <\/div>\n    <\/div>\n<\/div>\n\n\n\n<figure class=\"wp-block-image size-large\"><img loading=\"lazy\" decoding=\"async\" width=\"1024\" height=\"576\" src=\"https:\/\/www.cleanlease.com\/wp-content\/uploads\/2025\/04\/landal-1-1024x576.webp\" alt=\"\" class=\"wp-image-12099\" srcset=\"https:\/\/www.cleanlease.com\/wp-content\/uploads\/2025\/04\/landal-1-1024x576.webp 1024w, https:\/\/www.cleanlease.com\/wp-content\/uploads\/2025\/04\/landal-1-300x169.webp 300w, https:\/\/www.cleanlease.com\/wp-content\/uploads\/2025\/04\/landal-1-768x432.webp 768w, https:\/\/www.cleanlease.com\/wp-content\/uploads\/2025\/04\/landal-1.webp 1280w\" sizes=\"auto, (max-width: 1024px) 100vw, 1024px\" \/><\/figure>\n\n\n\n<\/div>\n<div class=\"block simple-content   block-margin-top-normal block-margin-bottom-normal block-text-left\"\n        style=\"background-color:#FFFFFF\">\n    <div class=\"container\">\n        <div class=\"row\">\n            <div class=\"col-12 \">\n                <div class=\"simple-content-container\">\n                    <div class=\"simple-content-intro\">\n                        <h2 class='block-title'>\u00c0 savoir<\/h2>                    <\/div>\n                    \n                        <p>Le <strong>26 mai 2025<\/strong>, nous annoncerons l<strong>es quatre heureux<\/strong> gagnants !<br \/>\nTout le monde peut tenter sa chance : que vous travailliez sur une unit\u00e9 ou dans un bureau centralis\u00e9, que vous soyez un coll\u00e8gue depuis de nombreuses ann\u00e9es ou fra\u00eechement arriv\u00e9 dans la soci\u00e9t\u00e9.<br \/>\nSeule condition : <strong>\u00eatre employ\u00e9(e) sur un site CleanLease<\/strong>.<\/p>\n<p>Alors\u2026 pr\u00eat(e) \u00e0 partir pour un week-end de r\u00eave avec ceux que vous aimez ?<br \/>\nInscrivez-vous vite et, qui sait, le 26 mai, ce sera peut-\u00eatre votre tour de faire vos valises !<\/p>\n                        \n                                    <\/div>\n            <\/div>\n                    <\/div>\n    <\/div>\n<\/div>\n<div class=\"container\">\n\n\n\n<figure class=\"wp-block-image size-full\"><img loading=\"lazy\" decoding=\"async\" width=\"1024\" height=\"683\" src=\"https:\/\/www.cleanlease.com\/wp-content\/uploads\/2025\/04\/landal-zwempark.webp\" alt=\"\" class=\"wp-image-12102\" srcset=\"https:\/\/www.cleanlease.com\/wp-content\/uploads\/2025\/04\/landal-zwempark.webp 1024w, https:\/\/www.cleanlease.com\/wp-content\/uploads\/2025\/04\/landal-zwempark-300x200.webp 300w, https:\/\/www.cleanlease.com\/wp-content\/uploads\/2025\/04\/landal-zwempark-768x512.webp 768w\" sizes=\"auto, (max-width: 1024px) 100vw, 1024px\" \/><\/figure>\n","protected":false},"excerpt":{"rendered":"","protected":false},"author":5,"featured_media":0,"parent":0,"menu_order":0,"comment_status":"closed","ping_status":"closed","template":"","meta":{"_acf_changed":false,"footnotes":""},"class_list":["post-12164","page","type-page","status-publish","hentry"],"acf":[],"yoast_head":"<!-- This site is optimized with the Yoast SEO plugin v26.8 - https:\/\/yoast.com\/product\/yoast-seo-wordpress\/ -->\n<title>Gagnez un week-end! - CleanLease<\/title>\n<meta name=\"robots\" content=\"index, follow, max-snippet:-1, max-image-preview:large, max-video-preview:-1\" \/>\n<link rel=\"canonical\" href=\"https:\/\/www.cleanlease.com\/fr\/jeu-concours-landal-cleanlease\/\" \/>\n<meta property=\"og:locale\" content=\"fr_FR\" \/>\n<meta property=\"og:type\" content=\"article\" \/>\n<meta property=\"og:title\" content=\"Gagnez un week-end! - CleanLease\" \/>\n<meta property=\"og:url\" content=\"https:\/\/www.cleanlease.com\/fr\/jeu-concours-landal-cleanlease\/\" \/>\n<meta property=\"og:site_name\" content=\"CleanLease\" \/>\n<meta property=\"article:modified_time\" content=\"2025-05-06T15:51:55+00:00\" \/>\n<meta property=\"og:image\" content=\"https:\/\/www.cleanlease.com\/wp-content\/uploads\/2025\/05\/Winactie-Landal_FR-small-1024x575.png\" \/>\n\t<meta property=\"og:image:width\" content=\"1024\" \/>\n\t<meta property=\"og:image:height\" content=\"575\" \/>\n\t<meta property=\"og:image:type\" content=\"image\/png\" \/>\n<meta name=\"twitter:card\" content=\"summary_large_image\" \/>\n<meta name=\"twitter:label1\" content=\"Dur\u00e9e de lecture estim\u00e9e\" \/>\n\t<meta name=\"twitter:data1\" content=\"2 minutes\" \/>\n<script type=\"application\/ld+json\" class=\"yoast-schema-graph\">{\"@context\":\"https:\/\/schema.org\",\"@graph\":[{\"@type\":\"WebPage\",\"@id\":\"https:\/\/www.cleanlease.com\/fr\/jeu-concours-landal-cleanlease\/\",\"url\":\"https:\/\/www.cleanlease.com\/fr\/jeu-concours-landal-cleanlease\/\",\"name\":\"Gagnez un week-end! - CleanLease\",\"isPartOf\":{\"@id\":\"https:\/\/www.cleanlease.com\/#website\"},\"primaryImageOfPage\":{\"@id\":\"https:\/\/www.cleanlease.com\/fr\/jeu-concours-landal-cleanlease\/#primaryimage\"},\"image\":{\"@id\":\"https:\/\/www.cleanlease.com\/fr\/jeu-concours-landal-cleanlease\/#primaryimage\"},\"thumbnailUrl\":\"https:\/\/www.cleanlease.com\/wp-content\/uploads\/2025\/05\/Winactie-Landal_FR-small-1024x575.png\",\"datePublished\":\"2025-04-15T21:53:17+00:00\",\"dateModified\":\"2025-05-06T15:51:55+00:00\",\"breadcrumb\":{\"@id\":\"https:\/\/www.cleanlease.com\/fr\/jeu-concours-landal-cleanlease\/#breadcrumb\"},\"inLanguage\":\"fr-FR\",\"potentialAction\":[{\"@type\":\"ReadAction\",\"target\":[\"https:\/\/www.cleanlease.com\/fr\/jeu-concours-landal-cleanlease\/\"]}]},{\"@type\":\"ImageObject\",\"inLanguage\":\"fr-FR\",\"@id\":\"https:\/\/www.cleanlease.com\/fr\/jeu-concours-landal-cleanlease\/#primaryimage\",\"url\":\"https:\/\/www.cleanlease.com\/wp-content\/uploads\/2025\/05\/Winactie-Landal_FR-small-1024x575.png\",\"contentUrl\":\"https:\/\/www.cleanlease.com\/wp-content\/uploads\/2025\/05\/Winactie-Landal_FR-small-1024x575.png\"},{\"@type\":\"BreadcrumbList\",\"@id\":\"https:\/\/www.cleanlease.com\/fr\/jeu-concours-landal-cleanlease\/#breadcrumb\",\"itemListElement\":[{\"@type\":\"ListItem\",\"position\":1,\"name\":\"Home\",\"item\":\"https:\/\/www.cleanlease.com\/fr\/\"},{\"@type\":\"ListItem\",\"position\":2,\"name\":\"Gagnez un week-end!\"}]},{\"@type\":\"WebSite\",\"@id\":\"https:\/\/www.cleanlease.com\/#website\",\"url\":\"https:\/\/www.cleanlease.com\/\",\"name\":\"CleanLease\",\"description\":\"Because we care\",\"potentialAction\":[{\"@type\":\"SearchAction\",\"target\":{\"@type\":\"EntryPoint\",\"urlTemplate\":\"https:\/\/www.cleanlease.com\/?s={search_term_string}\"},\"query-input\":{\"@type\":\"PropertyValueSpecification\",\"valueRequired\":true,\"valueName\":\"search_term_string\"}}],\"inLanguage\":\"fr-FR\"}]}<\/script>\n<!-- \/ Yoast SEO plugin. -->","yoast_head_json":{"title":"Gagnez un week-end! - CleanLease","robots":{"index":"index","follow":"follow","max-snippet":"max-snippet:-1","max-image-preview":"max-image-preview:large","max-video-preview":"max-video-preview:-1"},"canonical":"https:\/\/www.cleanlease.com\/fr\/jeu-concours-landal-cleanlease\/","og_locale":"fr_FR","og_type":"article","og_title":"Gagnez un week-end! - CleanLease","og_url":"https:\/\/www.cleanlease.com\/fr\/jeu-concours-landal-cleanlease\/","og_site_name":"CleanLease","article_modified_time":"2025-05-06T15:51:55+00:00","og_image":[{"width":1024,"height":575,"url":"https:\/\/www.cleanlease.com\/wp-content\/uploads\/2025\/05\/Winactie-Landal_FR-small-1024x575.png","type":"image\/png"}],"twitter_card":"summary_large_image","twitter_misc":{"Dur\u00e9e de lecture estim\u00e9e":"2 minutes"},"schema":{"@context":"https:\/\/schema.org","@graph":[{"@type":"WebPage","@id":"https:\/\/www.cleanlease.com\/fr\/jeu-concours-landal-cleanlease\/","url":"https:\/\/www.cleanlease.com\/fr\/jeu-concours-landal-cleanlease\/","name":"Gagnez un week-end! - CleanLease","isPartOf":{"@id":"https:\/\/www.cleanlease.com\/#website"},"primaryImageOfPage":{"@id":"https:\/\/www.cleanlease.com\/fr\/jeu-concours-landal-cleanlease\/#primaryimage"},"image":{"@id":"https:\/\/www.cleanlease.com\/fr\/jeu-concours-landal-cleanlease\/#primaryimage"},"thumbnailUrl":"https:\/\/www.cleanlease.com\/wp-content\/uploads\/2025\/05\/Winactie-Landal_FR-small-1024x575.png","datePublished":"2025-04-15T21:53:17+00:00","dateModified":"2025-05-06T15:51:55+00:00","breadcrumb":{"@id":"https:\/\/www.cleanlease.com\/fr\/jeu-concours-landal-cleanlease\/#breadcrumb"},"inLanguage":"fr-FR","potentialAction":[{"@type":"ReadAction","target":["https:\/\/www.cleanlease.com\/fr\/jeu-concours-landal-cleanlease\/"]}]},{"@type":"ImageObject","inLanguage":"fr-FR","@id":"https:\/\/www.cleanlease.com\/fr\/jeu-concours-landal-cleanlease\/#primaryimage","url":"https:\/\/www.cleanlease.com\/wp-content\/uploads\/2025\/05\/Winactie-Landal_FR-small-1024x575.png","contentUrl":"https:\/\/www.cleanlease.com\/wp-content\/uploads\/2025\/05\/Winactie-Landal_FR-small-1024x575.png"},{"@type":"BreadcrumbList","@id":"https:\/\/www.cleanlease.com\/fr\/jeu-concours-landal-cleanlease\/#breadcrumb","itemListElement":[{"@type":"ListItem","position":1,"name":"Home","item":"https:\/\/www.cleanlease.com\/fr\/"},{"@type":"ListItem","position":2,"name":"Gagnez un week-end!"}]},{"@type":"WebSite","@id":"https:\/\/www.cleanlease.com\/#website","url":"https:\/\/www.cleanlease.com\/","name":"CleanLease","description":"Because we care","potentialAction":[{"@type":"SearchAction","target":{"@type":"EntryPoint","urlTemplate":"https:\/\/www.cleanlease.com\/?s={search_term_string}"},"query-input":{"@type":"PropertyValueSpecification","valueRequired":true,"valueName":"search_term_string"}}],"inLanguage":"fr-FR"}]}},"_links":{"self":[{"href":"https:\/\/www.cleanlease.com\/fr\/wp-json\/wp\/v2\/pages\/12164","targetHints":{"allow":["GET"]}}],"collection":[{"href":"https:\/\/www.cleanlease.com\/fr\/wp-json\/wp\/v2\/pages"}],"about":[{"href":"https:\/\/www.cleanlease.com\/fr\/wp-json\/wp\/v2\/types\/page"}],"author":[{"embeddable":true,"href":"https:\/\/www.cleanlease.com\/fr\/wp-json\/wp\/v2\/users\/5"}],"replies":[{"embeddable":true,"href":"https:\/\/www.cleanlease.com\/fr\/wp-json\/wp\/v2\/comments?post=12164"}],"version-history":[{"count":4,"href":"https:\/\/www.cleanlease.com\/fr\/wp-json\/wp\/v2\/pages\/12164\/revisions"}],"predecessor-version":[{"id":12182,"href":"https:\/\/www.cleanlease.com\/fr\/wp-json\/wp\/v2\/pages\/12164\/revisions\/12182"}],"wp:attachment":[{"href":"https:\/\/www.cleanlease.com\/fr\/wp-json\/wp\/v2\/media?parent=12164"}],"curies":[{"name":"wp","href":"https:\/\/api.w.org\/{rel}","templated":true}]}}