{"id":11272,"date":"2023-08-23T18:05:38","date_gmt":"2023-08-23T18:05:38","guid":{"rendered":"https:\/\/www.cleanlease.com\/?page_id=11272"},"modified":"2025-04-16T19:01:38","modified_gmt":"2025-04-16T19:01:38","slug":"innovation","status":"publish","type":"page","link":"https:\/\/www.cleanlease.com\/fr\/a-propos-de-cleanlease\/innovation\/","title":{"rendered":"Innovation"},"content":{"rendered":"\n<\/div>\n<div class=\"block simple-content   block-margin-top-large block-margin-bottom-large block-text-center\"\n        style=\"background-color:#f8f8f8\">\n    <div class=\"container\">\n        <div class=\"row\">\n            <div class=\"col-12 \">\n                <div class=\"simple-content-container\">\n                    <div class=\"simple-content-intro\">\n                        <h1 class='block-title'>Innovation<\/h1>                    <\/div>\n                    \n                        <p>En tant que leader du march\u00e9, CleanLease investit continuellement dans l\u2019innovation et le d\u00e9veloppement durable. L\u2019innovation va bien au-del\u00e0 de l\u2019am\u00e9lioration des processus de lavage. Nous sommes aussi constamment \u00e0 la recherche de solutions innovantes et d&rsquo;am\u00e9liorations en mati\u00e8re de logistique et de collaboration avec nos clients. Des innovations logistiques importantes sont n\u00e9cessaires pour r\u00e9pondre aux tendances, telles que l&rsquo;individualisation dans l&rsquo;industrie textile. C&rsquo;est pourquoi nous investissons continuellement dans les technologies de l&rsquo;information qui permettent de rationaliser davantage notre gestion des donn\u00e9es logistiques. La logistique et les TIC sont de plus en plus \u00e9troitement li\u00e9es. Il suffit de penser au suivi en temps r\u00e9el, au codage des pools de v\u00eatements et aux syst\u00e8mes de chargement automatis\u00e9s, mais aussi \u00e0 l\u2019installation de distributeurs automatiques de v\u00eatements et \u00e0 la sous-traitance de l\u2019ensemble d\u2019un d\u00e9partement de linge.<\/p>\n                        \n                                    <\/div>\n            <\/div>\n                    <\/div>\n    <\/div>\n<\/div>\n<div class=\"container\">\n\n\n\n<\/div>\n<div class=\"block simple-content position-left  block-margin-top-large block-margin-bottom-none block-text-left\"\n        style=\"background-color:#FFFFFF\">\n    <div class=\"container\">\n        <div class=\"row\">\n            <div class=\"col-12 col-lg-7 offset-lg-1\">\n                <div class=\"simple-content-container\">\n                    <div class=\"simple-content-intro\">\n                        <h2 class='block-title'>D\u00e9veloppement durable et innovation<\/h2>                    <\/div>\n                    \n                        <p>Le d\u00e9veloppement durable joue un r\u00f4le de plus en plus essentiel dans toutes nos innovations. Il est tr\u00e8s important pour nous que nos produits et nos processus contribuent de mani\u00e8re significative \u00e0 un environnement de vie plus sain. Nous avons pris plusieurs initiatives \u00e0 cet \u00e9gard\u00a0: l\u2019emballage plastique remplac\u00e9 par du papier, les nouveaux conteneurs roulants intelligents permettant de transporter un plus grand volume en un seul voyage, et le nouveau camion hybride utilis\u00e9 pour les transports en ville, ainsi qu\u2019une s\u00e9rie de nouveaux produits, tels que les blouses d\u2019isolation st\u00e9riles et r\u00e9utilisables et les calots chirurgicaux, qui r\u00e9duisent significativement la quantit\u00e9 de d\u00e9chets engendr\u00e9s par les articles jetables.<\/p>\n<p>&nbsp;<\/p>\n                        \n                                    <\/div>\n            <\/div>\n                            <div class=\"simple-content-media has-image\">\n                                            <img loading=\"lazy\" decoding=\"async\" width=\"1\" height=\"1\" src=\"https:\/\/www.cleanlease.com\/wp-content\/uploads\/2023\/08\/Lamp-idea-1.svg\" class=\"attachment-large size-large\" alt=\"\" \/>                                                        <\/div>\n                    <\/div>\n    <\/div>\n<\/div>\n<div class=\"container\">\n\n\n\n<\/div>\n<div class=\"block simple-content position-right  block-margin-top-normal block-margin-bottom-normal block-text-left\"\n        style=\"background-color:#FFFFFF\">\n    <div class=\"container\">\n        <div class=\"row\">\n            <div class=\"col-12 col-lg-7 \">\n                <div class=\"simple-content-container\">\n                    <div class=\"simple-content-intro\">\n                                                    <span class=\"tagline\">CleanLab<\/span>\n                        <h2 class='block-title'>Experience room<\/h2>                    <\/div>\n                    \n                        <p>Nous avons ouvert une Experience Room dans notre blanchisserie \u00e0 Eindhoven (Pays-Bas), un espace o\u00f9 vous pouvez d\u00e9couvrir vous-m\u00eame tous nos produits, services et innovations. Examinez nos textiles de luxe, nos v\u00eatements de service et nos solutions logistiques. Envie d\u2019en savoir plus\u00a0? Nous vous invitons, vous et vos coll\u00e8gues, \u00e0 visiter notre CleanLab \u00e0 Eindhoven.<\/p>\n<p><a class=\"btn btn-primary\" href=\"https:\/\/cleanlease.com\/fr\/contact\/\"><span data-contrast=\"auto\">Prenez rendez-vous d\u00e8s maintenant<\/span><\/a><\/p>\n                        \n                                    <\/div>\n            <\/div>\n                            <div class=\"simple-content-media has-image offset-lg-1\">\n                                            <img loading=\"lazy\" decoding=\"async\" width=\"800\" height=\"800\" src=\"https:\/\/www.cleanlease.com\/wp-content\/uploads\/2023\/12\/INNOVATIE-CleanLab.png\" class=\"attachment-large size-large\" alt=\"\" srcset=\"https:\/\/www.cleanlease.com\/wp-content\/uploads\/2023\/12\/INNOVATIE-CleanLab.png 800w, https:\/\/www.cleanlease.com\/wp-content\/uploads\/2023\/12\/INNOVATIE-CleanLab-300x300.png 300w, https:\/\/www.cleanlease.com\/wp-content\/uploads\/2023\/12\/INNOVATIE-CleanLab-150x150.png 150w, https:\/\/www.cleanlease.com\/wp-content\/uploads\/2023\/12\/INNOVATIE-CleanLab-768x768.png 768w\" sizes=\"auto, (max-width: 800px) 100vw, 800px\" \/>                                                        <\/div>\n                    <\/div>\n    <\/div>\n<\/div>\n<div class=\"container\">\n\n\n\n<\/div>\n<div class=\"block simple-content position-left  block-margin-top-normal block-margin-bottom-normal block-text-left\"\n        style=\"background-color:#FFFFFF\">\n    <div class=\"container\">\n        <div class=\"row\">\n            <div class=\"col-12 col-lg-7 offset-lg-1\">\n                <div class=\"simple-content-container\">\n                    <div class=\"simple-content-intro\">\n                                                    <span class=\"tagline\">Skincair<\/span>\n                        <h2 class='block-title'>Drap-housse innovant 3D pour lit m\u00e9dicalis\u00e9<\/h2>                    <\/div>\n                    \n                        <p>Skincair a \u00e9t\u00e9 sp\u00e9cialement con\u00e7u dans le but d\u2019offrir aux patients une plus grande mobilit\u00e9 et un confort optimal, particuli\u00e8rement aux patients pr\u00e9sentant un risque d\u2019escarres. Ses propri\u00e9t\u00e9s uniques le rendent particuli\u00e8rement adapt\u00e9 aux personnes souffrant de bouff\u00e9es de chaleur ou de sueurs nocturnes dues \u00e0 un d\u00e9r\u00e8glement de la temp\u00e9rature corporelle, aux personnes \u00e0 mobilit\u00e9 r\u00e9duite ayant des difficult\u00e9s pour se d\u00e9placer dans le lit, et aux personnes qui se remettent d\u2019une intervention chirurgicale ou d\u2019un traitement, ou qui souffrent d\u2019une maladie de la peau. Skincair soulage \u00e9galement les soignants, car les patients \u00e9prouvent moins de difficult\u00e9s et sont plus autonomes.<\/p>\n                        \n                                    <\/div>\n            <\/div>\n                            <div class=\"simple-content-media has-image\">\n                                            <img loading=\"lazy\" decoding=\"async\" width=\"800\" height=\"800\" src=\"https:\/\/www.cleanlease.com\/wp-content\/uploads\/2023\/12\/SK-Sense-Textile-V22.png\" class=\"attachment-large size-large\" alt=\"\" srcset=\"https:\/\/www.cleanlease.com\/wp-content\/uploads\/2023\/12\/SK-Sense-Textile-V22.png 800w, https:\/\/www.cleanlease.com\/wp-content\/uploads\/2023\/12\/SK-Sense-Textile-V22-300x300.png 300w, https:\/\/www.cleanlease.com\/wp-content\/uploads\/2023\/12\/SK-Sense-Textile-V22-150x150.png 150w, https:\/\/www.cleanlease.com\/wp-content\/uploads\/2023\/12\/SK-Sense-Textile-V22-768x768.png 768w\" sizes=\"auto, (max-width: 800px) 100vw, 800px\" \/>                                                        <\/div>\n                    <\/div>\n    <\/div>\n<\/div>\n<div class=\"container\">\n\n\n\n<\/div>\n<div class=\"block simple-content position-right  block-margin-top-normal block-margin-bottom-normal block-text-left\"\n        style=\"background-color:#FFFFFF\">\n    <div class=\"container\">\n        <div class=\"row\">\n            <div class=\"col-12 col-lg-7 \">\n                <div class=\"simple-content-container\">\n                    <div class=\"simple-content-intro\">\n                                                    <span class=\"tagline\">Syst\u00e8me UHF RFID pour les textiles<\/span>\n                        <h2 class='block-title'>Textile de qualit\u00e9 dot\u00e9 d\u2019une technologie intelligente<\/h2>                    <\/div>\n                    \n                        <p>RFID est l\u2019abr\u00e9viation de Radio Frequency Identification (identification par radiofr\u00e9quence). Cette technologie utilise des ondes radio pour lire des informations sans fil \u00e0 distance. Gr\u00e2ce aux puces RFID invisibles, nous savons toujours pr\u00e9cis\u00e9ment o\u00f9 se trouve le textile, combien de fois l\u2019article a \u00e9t\u00e9 lav\u00e9, combien d\u2019articles sont en circulation et quelle est la dur\u00e9e de vie de l\u2019article. Nous pouvons ainsi en assurer une gestion optimale.<\/p>\n                        \n                                    <\/div>\n            <\/div>\n                            <div class=\"simple-content-media has-image offset-lg-1\">\n                                            <img loading=\"lazy\" decoding=\"async\" width=\"800\" height=\"800\" src=\"https:\/\/www.cleanlease.com\/wp-content\/uploads\/2023\/12\/INNOVATIE-RFID-Chip.png\" class=\"attachment-large size-large\" alt=\"\" srcset=\"https:\/\/www.cleanlease.com\/wp-content\/uploads\/2023\/12\/INNOVATIE-RFID-Chip.png 800w, https:\/\/www.cleanlease.com\/wp-content\/uploads\/2023\/12\/INNOVATIE-RFID-Chip-300x300.png 300w, https:\/\/www.cleanlease.com\/wp-content\/uploads\/2023\/12\/INNOVATIE-RFID-Chip-150x150.png 150w, https:\/\/www.cleanlease.com\/wp-content\/uploads\/2023\/12\/INNOVATIE-RFID-Chip-768x768.png 768w\" sizes=\"auto, (max-width: 800px) 100vw, 800px\" \/>                                                        <\/div>\n                    <\/div>\n    <\/div>\n<\/div>\n<div class=\"container\">\n\n\n\n<\/div>\n<div class=\"block simple-content position-left  block-margin-top-normal block-margin-bottom-normal block-text-left\"\n        style=\"background-color:#FFFFFF\">\n    <div class=\"container\">\n        <div class=\"row\">\n            <div class=\"col-12 col-lg-7 offset-lg-1\">\n                <div class=\"simple-content-container\">\n                    <div class=\"simple-content-intro\">\n                                                    <span class=\"tagline\">Moins d&#8217;emballages en plastique<\/span>\n                        <h2 class='block-title'>Emballage en papier<\/h2>                    <\/div>\n                    \n                        <p>Nous contribuons de diff\u00e9rentes mani\u00e8res \u00e0 la r\u00e9duction des emballages et nous nous effor\u00e7ons au maximum de pr\u00e9server l\u2019environnement. L\u2019une des derni\u00e8res mesures mises en \u0153uvre consiste \u00e0 l\u2019emballage d\u2019articles \u00e0 l\u2019aide de bandes en papier au lieu de plastique.<\/p>\n<p>Ces bandes ou \u00ab straps \u00bb en papier pr\u00e9sentent de nombreux avantages par rapport aux bandes ou aux sacs en plastique : elles sont 100 % recyclables, ne risquent pas d\u2019endommager les v\u00eatements, facilitent l\u2019ouverture des paquets et sont 80 % moins nocives pour l\u2019environnement ! Elles peuvent m\u00eame \u00eatre pourvues d\u2019un logo ou d\u2019un texte.<\/p>\n                        \n                                    <\/div>\n            <\/div>\n                            <div class=\"simple-content-media has-image\">\n                                            <img loading=\"lazy\" decoding=\"async\" width=\"1024\" height=\"1024\" src=\"https:\/\/www.cleanlease.com\/wp-content\/uploads\/2023\/09\/CURE-rond-diversen9-1024x1024.png\" class=\"attachment-large size-large\" alt=\"\" srcset=\"https:\/\/www.cleanlease.com\/wp-content\/uploads\/2023\/09\/CURE-rond-diversen9-1024x1024.png 1024w, https:\/\/www.cleanlease.com\/wp-content\/uploads\/2023\/09\/CURE-rond-diversen9-300x300.png 300w, https:\/\/www.cleanlease.com\/wp-content\/uploads\/2023\/09\/CURE-rond-diversen9-150x150.png 150w, https:\/\/www.cleanlease.com\/wp-content\/uploads\/2023\/09\/CURE-rond-diversen9-768x768.png 768w, https:\/\/www.cleanlease.com\/wp-content\/uploads\/2023\/09\/CURE-rond-diversen9.png 1067w\" sizes=\"auto, (max-width: 1024px) 100vw, 1024px\" \/>                                                        <\/div>\n                    <\/div>\n    <\/div>\n<\/div>\n<div class=\"container\">\n\n\n\n<\/div>\n<div class=\"block simple-content position-right  block-margin-top-normal block-margin-bottom-large block-text-left\"\n        style=\"background-color:#FFFFFF\">\n    <div class=\"container\">\n        <div class=\"row\">\n            <div class=\"col-12 col-lg-7 \">\n                <div class=\"simple-content-container\">\n                    <div class=\"simple-content-intro\">\n                                                    <span class=\"tagline\">CleanLease vous pr\u00e9sente Roy<\/span>\n                        <h2 class='block-title'>Le robot de gestion des serviettes qui prend en charge les t\u00e2ches monotones des humains<\/h2>                    <\/div>\n                    \n                        <p>Malgr\u00e9 le fait que de nombreux processus ont \u00e9t\u00e9 automatis\u00e9s dans le secteur du nettoyage du textile, les t\u00e2ches de triage et d\u2019insertion sont toujours en grande partie assur\u00e9es par des humains. L\u2019arriv\u00e9e du robot Roy a chang\u00e9 cette situation.<\/p>\n<p>Roy porte un nom humain parce qu\u2019il fait du travail humain. Il saisit les extr\u00e9mit\u00e9s de la serviette et utilise une cam\u00e9ra pour v\u00e9rifier qu\u2019elle ne pr\u00e9sente aucune tache. La serviette est-elle propre et sans tache\u00a0? Il la place ensuite dans la machine o\u00f9 la serviette est pli\u00e9e. Avec l\u2019introduction du robot de gestion des serviettes, nous franchissons une \u00e9tape importante dans l\u2019automatisation, dans un souci de rendre le travail plus agr\u00e9able pour nos collaborateurs.<\/p>\n                        \n                                    <\/div>\n            <\/div>\n                            <div class=\"simple-content-media has-image offset-lg-1\">\n                                            <img loading=\"lazy\" decoding=\"async\" width=\"800\" height=\"800\" src=\"https:\/\/www.cleanlease.com\/wp-content\/uploads\/2023\/12\/INNOVATIE-Robotvouwer-Roy.png\" class=\"attachment-large size-large\" alt=\"\" srcset=\"https:\/\/www.cleanlease.com\/wp-content\/uploads\/2023\/12\/INNOVATIE-Robotvouwer-Roy.png 800w, https:\/\/www.cleanlease.com\/wp-content\/uploads\/2023\/12\/INNOVATIE-Robotvouwer-Roy-300x300.png 300w, https:\/\/www.cleanlease.com\/wp-content\/uploads\/2023\/12\/INNOVATIE-Robotvouwer-Roy-150x150.png 150w, https:\/\/www.cleanlease.com\/wp-content\/uploads\/2023\/12\/INNOVATIE-Robotvouwer-Roy-768x768.png 768w\" sizes=\"auto, (max-width: 800px) 100vw, 800px\" \/>                                                        <\/div>\n                    <\/div>\n    <\/div>\n<\/div>\n<div class=\"container\">\n\n\n<\/div>\n<div class=\"block highlight-image has-background  block-margin-top-normal block-margin-bottom-none block-text-left\" style=\"background-image: url(https:\/\/www.cleanlease.com\/wp-content\/uploads\/2023\/12\/CleanLease-uw-adviespartner-in-ziekenhuislogistiek.jpg)\" >\n  <div class=\"container\">\n        <div class=\"block-introduction\">\n          <div class=\"block-introduction-content\">\n                          <span class=\"tagline \">INT\u00c9GRATION DE LA LOGISTIQUE HOSPITALI\u00c8RE<\/span>\n            <h2 class=\"block-title\">CleanLease est votre partenaire consultatif global\u202f<\/h2>          <\/div>\n          <div class=\"block-introduction-icon\">\n            <img loading=\"lazy\" decoding=\"async\" width=\"1\" height=\"1\" src=\"https:\/\/www.cleanlease.com\/wp-content\/uploads\/2023\/08\/legepixel.svg\" class=\"attachment-80x80 size-80x80\" alt=\"\" \/>          <\/div>\n    <\/div>\n          <div class=\"row\">\n        <div class=\"col-md-6\">\n          <p>Nous sommes plus qu\u2019un fournisseur de textile. Nous r\u00e9fl\u00e9chissons avec vous \u00e0 chaque \u00e9tape logistique du processus. Assurer la distribution, le lavage et la livraison de votre linge est loin d\u2019\u00eatre aussi simple qu\u2019il y para\u00eet. Notre savoir-faire logistique fait la diff\u00e9rence sur le march\u00e9 et vous garantit une prise en charge compl\u00e8te. Nous pouvons organiser la distribution au niveau de chaque d\u00e9partement. C\u2019est pr\u00e9cis\u00e9ment notre sp\u00e9cialit\u00e9.<\/p>\n        <\/div>\n        <div class=\"col-md-6\">\n          <p>N\u2019h\u00e9sitez pas \u00e0 prendre contact avec nous pour plus d\u2019informations, nous serons ravis de r\u00e9fl\u00e9chir \u00e0 vos c\u00f4t\u00e9s\u00a0!<\/p>\n<p><a class=\"btn btn-primary\" href=\"https:\/\/cleanlease.com\/fr\/contact\/\">Allez sur la page de contact<\/a><\/p>\n        <\/div>\n      <\/div>\n      <\/div>\n    <div class=\"overlay\" style=\"opacity: 0.6\"    ><\/div>\n\n<\/div>\n<div class=\"container\">\n","protected":false},"excerpt":{"rendered":"","protected":false},"author":5,"featured_media":0,"parent":11264,"menu_order":0,"comment_status":"closed","ping_status":"closed","template":"","meta":{"_acf_changed":false,"footnotes":""},"class_list":["post-11272","page","type-page","status-publish","hentry"],"acf":[],"yoast_head":"<!-- This site is optimized with the Yoast SEO plugin v26.8 - https:\/\/yoast.com\/product\/yoast-seo-wordpress\/ -->\n<title>Innovation dans les solutions textiles | CleanLease<\/title>\n<meta name=\"description\" content=\"D\u00e9couvrez comment CleanLease innove avec des solutions textiles intelligentes, alliant technologie et efficacit\u00e9.\" \/>\n<meta name=\"robots\" content=\"index, follow, max-snippet:-1, max-image-preview:large, max-video-preview:-1\" \/>\n<link rel=\"canonical\" href=\"https:\/\/www.cleanlease.com\/fr\/a-propos-de-cleanlease\/innovation\/\" \/>\n<meta property=\"og:locale\" content=\"fr_FR\" \/>\n<meta property=\"og:type\" content=\"article\" \/>\n<meta property=\"og:title\" content=\"Innovation dans les solutions textiles | CleanLease\" \/>\n<meta property=\"og:description\" content=\"D\u00e9couvrez comment CleanLease innove avec des solutions textiles intelligentes, alliant technologie et efficacit\u00e9.\" \/>\n<meta property=\"og:url\" content=\"https:\/\/www.cleanlease.com\/fr\/a-propos-de-cleanlease\/innovation\/\" \/>\n<meta property=\"og:site_name\" content=\"CleanLease\" \/>\n<meta property=\"article:modified_time\" content=\"2025-04-16T19:01:38+00:00\" \/>\n<meta name=\"twitter:card\" content=\"summary_large_image\" \/>\n<script type=\"application\/ld+json\" class=\"yoast-schema-graph\">{\"@context\":\"https:\/\/schema.org\",\"@graph\":[{\"@type\":\"WebPage\",\"@id\":\"https:\/\/www.cleanlease.com\/fr\/a-propos-de-cleanlease\/innovation\/\",\"url\":\"https:\/\/www.cleanlease.com\/fr\/a-propos-de-cleanlease\/innovation\/\",\"name\":\"Innovation dans les solutions textiles | CleanLease\",\"isPartOf\":{\"@id\":\"https:\/\/www.cleanlease.com\/#website\"},\"datePublished\":\"2023-08-23T18:05:38+00:00\",\"dateModified\":\"2025-04-16T19:01:38+00:00\",\"description\":\"D\u00e9couvrez comment CleanLease innove avec des solutions textiles intelligentes, alliant technologie et efficacit\u00e9.\",\"breadcrumb\":{\"@id\":\"https:\/\/www.cleanlease.com\/fr\/a-propos-de-cleanlease\/innovation\/#breadcrumb\"},\"inLanguage\":\"fr-FR\",\"potentialAction\":[{\"@type\":\"ReadAction\",\"target\":[\"https:\/\/www.cleanlease.com\/fr\/a-propos-de-cleanlease\/innovation\/\"]}]},{\"@type\":\"BreadcrumbList\",\"@id\":\"https:\/\/www.cleanlease.com\/fr\/a-propos-de-cleanlease\/innovation\/#breadcrumb\",\"itemListElement\":[{\"@type\":\"ListItem\",\"position\":1,\"name\":\"Home\",\"item\":\"https:\/\/www.cleanlease.com\/fr\/\"},{\"@type\":\"ListItem\",\"position\":2,\"name\":\"\u00c0 propos de CleanLease\",\"item\":\"https:\/\/www.cleanlease.com\/fr\/a-propos-de-cleanlease\/\"},{\"@type\":\"ListItem\",\"position\":3,\"name\":\"Innovation\"}]},{\"@type\":\"WebSite\",\"@id\":\"https:\/\/www.cleanlease.com\/#website\",\"url\":\"https:\/\/www.cleanlease.com\/\",\"name\":\"CleanLease\",\"description\":\"Because we care\",\"potentialAction\":[{\"@type\":\"SearchAction\",\"target\":{\"@type\":\"EntryPoint\",\"urlTemplate\":\"https:\/\/www.cleanlease.com\/?s={search_term_string}\"},\"query-input\":{\"@type\":\"PropertyValueSpecification\",\"valueRequired\":true,\"valueName\":\"search_term_string\"}}],\"inLanguage\":\"fr-FR\"}]}<\/script>\n<!-- \/ Yoast SEO plugin. -->","yoast_head_json":{"title":"Innovation dans les solutions textiles | CleanLease","description":"D\u00e9couvrez comment CleanLease innove avec des solutions textiles intelligentes, alliant technologie et efficacit\u00e9.","robots":{"index":"index","follow":"follow","max-snippet":"max-snippet:-1","max-image-preview":"max-image-preview:large","max-video-preview":"max-video-preview:-1"},"canonical":"https:\/\/www.cleanlease.com\/fr\/a-propos-de-cleanlease\/innovation\/","og_locale":"fr_FR","og_type":"article","og_title":"Innovation dans les solutions textiles | CleanLease","og_description":"D\u00e9couvrez comment CleanLease innove avec des solutions textiles intelligentes, alliant technologie et efficacit\u00e9.","og_url":"https:\/\/www.cleanlease.com\/fr\/a-propos-de-cleanlease\/innovation\/","og_site_name":"CleanLease","article_modified_time":"2025-04-16T19:01:38+00:00","twitter_card":"summary_large_image","schema":{"@context":"https:\/\/schema.org","@graph":[{"@type":"WebPage","@id":"https:\/\/www.cleanlease.com\/fr\/a-propos-de-cleanlease\/innovation\/","url":"https:\/\/www.cleanlease.com\/fr\/a-propos-de-cleanlease\/innovation\/","name":"Innovation dans les solutions textiles | CleanLease","isPartOf":{"@id":"https:\/\/www.cleanlease.com\/#website"},"datePublished":"2023-08-23T18:05:38+00:00","dateModified":"2025-04-16T19:01:38+00:00","description":"D\u00e9couvrez comment CleanLease innove avec des solutions textiles intelligentes, alliant technologie et efficacit\u00e9.","breadcrumb":{"@id":"https:\/\/www.cleanlease.com\/fr\/a-propos-de-cleanlease\/innovation\/#breadcrumb"},"inLanguage":"fr-FR","potentialAction":[{"@type":"ReadAction","target":["https:\/\/www.cleanlease.com\/fr\/a-propos-de-cleanlease\/innovation\/"]}]},{"@type":"BreadcrumbList","@id":"https:\/\/www.cleanlease.com\/fr\/a-propos-de-cleanlease\/innovation\/#breadcrumb","itemListElement":[{"@type":"ListItem","position":1,"name":"Home","item":"https:\/\/www.cleanlease.com\/fr\/"},{"@type":"ListItem","position":2,"name":"\u00c0 propos de CleanLease","item":"https:\/\/www.cleanlease.com\/fr\/a-propos-de-cleanlease\/"},{"@type":"ListItem","position":3,"name":"Innovation"}]},{"@type":"WebSite","@id":"https:\/\/www.cleanlease.com\/#website","url":"https:\/\/www.cleanlease.com\/","name":"CleanLease","description":"Because we care","potentialAction":[{"@type":"SearchAction","target":{"@type":"EntryPoint","urlTemplate":"https:\/\/www.cleanlease.com\/?s={search_term_string}"},"query-input":{"@type":"PropertyValueSpecification","valueRequired":true,"valueName":"search_term_string"}}],"inLanguage":"fr-FR"}]}},"_links":{"self":[{"href":"https:\/\/www.cleanlease.com\/fr\/wp-json\/wp\/v2\/pages\/11272","targetHints":{"allow":["GET"]}}],"collection":[{"href":"https:\/\/www.cleanlease.com\/fr\/wp-json\/wp\/v2\/pages"}],"about":[{"href":"https:\/\/www.cleanlease.com\/fr\/wp-json\/wp\/v2\/types\/page"}],"author":[{"embeddable":true,"href":"https:\/\/www.cleanlease.com\/fr\/wp-json\/wp\/v2\/users\/5"}],"replies":[{"embeddable":true,"href":"https:\/\/www.cleanlease.com\/fr\/wp-json\/wp\/v2\/comments?post=11272"}],"version-history":[{"count":4,"href":"https:\/\/www.cleanlease.com\/fr\/wp-json\/wp\/v2\/pages\/11272\/revisions"}],"predecessor-version":[{"id":12030,"href":"https:\/\/www.cleanlease.com\/fr\/wp-json\/wp\/v2\/pages\/11272\/revisions\/12030"}],"up":[{"embeddable":true,"href":"https:\/\/www.cleanlease.com\/fr\/wp-json\/wp\/v2\/pages\/11264"}],"wp:attachment":[{"href":"https:\/\/www.cleanlease.com\/fr\/wp-json\/wp\/v2\/media?parent=11272"}],"curies":[{"name":"wp","href":"https:\/\/api.w.org\/{rel}","templated":true}]}}