{"id":11260,"date":"2023-08-24T07:25:29","date_gmt":"2023-08-24T07:25:29","guid":{"rendered":"https:\/\/www.cleanlease.com\/?page_id=11260"},"modified":"2025-04-16T18:58:08","modified_gmt":"2025-04-16T18:58:08","slug":"service-de-blanchisserie","status":"publish","type":"page","link":"https:\/\/www.cleanlease.com\/fr\/leisure\/service-de-blanchisserie\/","title":{"rendered":"Service de blanchisserie"},"content":{"rendered":"\n<\/div>\n<div class=\"block simple-content   block-margin-top-normal block-margin-bottom-normal block-text-center\"\n        style=\"background-color:#f8f8f8\">\n    <div class=\"container small\">\n        <div class=\"row\">\n            <div class=\"col-12 \">\n                <div class=\"simple-content-container\">\n                    <div class=\"simple-content-intro\">\n                                                    <span class=\"tagline\">LEISURE<\/span>\n                                            <\/div>\n                    \n                        <h1 class=\"wp-block wp-block-post-title block-editor-block-list__block editor-post-title editor-post-title__input rich-text is-selected\" role=\"textbox\" contenteditable=\"true\" aria-label=\"Titel toevoegen\" aria-multiline=\"true\">Service de blanchisserie<\/h1>\n<p>L\u2019entretien professionnel du textile requiert une organisation judicieuse. Nos processus de lavage sont con\u00e7us de mani\u00e8re durable et efficace. Le textile est soigneusement emball\u00e9 et ensuite livr\u00e9 dans votre village de vacances dans des conteneurs roulants. Apr\u00e8s la livraison, nous ramenons directement le linge sale dans notre blanchisserie pour le laver conform\u00e9ment \u00e0 des normes de qualit\u00e9 strictes. Nous desservons tous les villages de vacances aux Pays-Bas et en Belgique depuis cinq blanchisseries industrielles. Gr\u00e2ce \u00e0 notre exp\u00e9rience et \u00e0 nos pr\u00e9visions pr\u00e9cises, nous sommes bien pr\u00e9par\u00e9s pour faire face aux semaines (de vacances) charg\u00e9es. Avec l\u2019appui du personnel professionnel de nos blanchisseries et des chauffeurs exp\u00e9riment\u00e9s, nous sommes d\u00e9j\u00e0 devenu le partenaire de confiance de plus de 260 villages de vacances en mati\u00e8re d\u2019entretien du textile.<\/p>\n                        \n                                    <\/div>\n            <\/div>\n                    <\/div>\n    <\/div>\n<\/div>\n<div class=\"container\">\n\n\n\n<\/div>\n<div class=\"block simple-content position-right  block-margin-top-large block-margin-bottom-normal block-text-left\"\n        style=\"background-color:#FFFFFF\">\n    <div class=\"container\">\n        <div class=\"row\">\n            <div class=\"col-12 col-lg-7 \">\n                <div class=\"simple-content-container\">\n                    <div class=\"simple-content-intro\">\n                                                    <span class=\"tagline\">Service de blanchisserie<\/span>\n                        <h2 class='block-title'>Kwaliteit borgen<\/h2>                    <\/div>\n                    \n                        <p>Nos blanchisseries font l\u2019objet d\u2019innovations permanentes et sont \u00e9quip\u00e9es des technologies les plus r\u00e9centes afin d\u2019am\u00e9liorer le processus de lavage et de le rendre plus durable et plus efficace. Nos lignes de calandrage permettent de d\u00e9froisser le linge. Nous utilisons \u00e9galement un syst\u00e8me de d\u00e9tection vid\u00e9o nous permettant de retirer les articles rejet\u00e9s.<\/p>\n<p>Le processus de lavage est r\u00e9gl\u00e9 avec pr\u00e9cision pour garder les couleurs et garantir un nettoyage optimal.<\/p>\n                        \n                                    <\/div>\n            <\/div>\n                            <div class=\"simple-content-media has-image offset-lg-1\">\n                                            <img loading=\"lazy\" decoding=\"async\" width=\"1024\" height=\"1024\" src=\"https:\/\/www.cleanlease.com\/wp-content\/uploads\/2023\/10\/LEISURE30-1024x1024.png\" class=\"attachment-large size-large\" alt=\"\" srcset=\"https:\/\/www.cleanlease.com\/wp-content\/uploads\/2023\/10\/LEISURE30-1024x1024.png 1024w, https:\/\/www.cleanlease.com\/wp-content\/uploads\/2023\/10\/LEISURE30-300x300.png 300w, https:\/\/www.cleanlease.com\/wp-content\/uploads\/2023\/10\/LEISURE30-150x150.png 150w, https:\/\/www.cleanlease.com\/wp-content\/uploads\/2023\/10\/LEISURE30-768x768.png 768w, https:\/\/www.cleanlease.com\/wp-content\/uploads\/2023\/10\/LEISURE30-1536x1536.png 1536w, https:\/\/www.cleanlease.com\/wp-content\/uploads\/2023\/10\/LEISURE30.png 1667w\" sizes=\"auto, (max-width: 1024px) 100vw, 1024px\" \/>                                                        <\/div>\n                    <\/div>\n    <\/div>\n<\/div>\n<div class=\"container\">\n\n\n\n<\/div>\n<div class=\"block simple-content position-left  block-margin-top-normal block-margin-bottom-normal block-text-left\"\n        style=\"background-color:#FFFFFF\">\n    <div class=\"container\">\n        <div class=\"row\">\n            <div class=\"col-12 col-lg-7 offset-lg-1\">\n                <div class=\"simple-content-container\">\n                    <div class=\"simple-content-intro\">\n                                                    <span class=\"tagline\">Service de blanchisserie<\/span>\n                        <h2 class='block-title'>Un processus de lavage durable<\/h2>                    <\/div>\n                    \n                        <p>Le d\u00e9veloppement durable fait partie int\u00e9grante de CleanLease. Nous r\u00e9pondons \u00e0 toutes les l\u00e9gislations et r\u00e9glementations en mati\u00e8re d\u2019environnement et faisons notre possible pour minimaliser l\u2019impact environnemental de nos activit\u00e9s. Nous nous effor\u00e7ons en permanence de r\u00e9duire au minimum l\u2019utilisation de produits chimiques et la consommation d\u2019eau dans les processus de lavage. Nos efforts de pr\u00e9servation de l\u2019environnement nous permettent de diminuer l\u2019impact du processus de lavage et, dans une moindre mesure, de r\u00e9duire les \u00e9missions de particules fines du parc de v\u00e9hicules.<\/p>\n<p>Nous avons mis en \u0153uvre un syst\u00e8me de management environnemental conforme \u00e0 la norme ISO 14001, qui fait l\u2019objet d\u2019un contr\u00f4le annuel par un organisme certificateur. En r\u00e9pondant \u00e0 ces <a href=\"https:\/\/www.cleanlease.com\/fr\/certifications-et-labels-de-qualite\/\">certifications<\/a>, nous assurons une utilisation responsable des ressources et nous r\u00e9duisons notre impact sur l\u2019environnement.<\/p>\n                        <a class=\"btn btn-primary\" href=\"https:\/\/www.cleanlease.com\/fr\/a-propos-de-cleanlease\/developpement-durable\/\" target=\"_self\"><span class=\"btn-text\">En savoir plus sur notre politique en mati\u00e8re de durabilit\u00e9<\/span><\/a>\n                                    <\/div>\n            <\/div>\n                            <div class=\"simple-content-media has-image\">\n                                            <img loading=\"lazy\" decoding=\"async\" width=\"1024\" height=\"1024\" src=\"https:\/\/www.cleanlease.com\/wp-content\/uploads\/2023\/10\/LEISURE29-1024x1024.png\" class=\"attachment-large size-large\" alt=\"\" srcset=\"https:\/\/www.cleanlease.com\/wp-content\/uploads\/2023\/10\/LEISURE29-1024x1024.png 1024w, https:\/\/www.cleanlease.com\/wp-content\/uploads\/2023\/10\/LEISURE29-300x300.png 300w, https:\/\/www.cleanlease.com\/wp-content\/uploads\/2023\/10\/LEISURE29-150x150.png 150w, https:\/\/www.cleanlease.com\/wp-content\/uploads\/2023\/10\/LEISURE29-768x768.png 768w, https:\/\/www.cleanlease.com\/wp-content\/uploads\/2023\/10\/LEISURE29-1536x1536.png 1536w, https:\/\/www.cleanlease.com\/wp-content\/uploads\/2023\/10\/LEISURE29.png 1667w\" sizes=\"auto, (max-width: 1024px) 100vw, 1024px\" \/>                                                        <\/div>\n                    <\/div>\n    <\/div>\n<\/div>\n<div class=\"container\">\n\n\n\n<\/div>\n<div class=\"block simple-content position-right  block-margin-top-normal block-margin-bottom-normal block-text-left\"\n        style=\"background-color:#FFFFFF\">\n    <div class=\"container\">\n        <div class=\"row\">\n            <div class=\"col-12 col-lg-7 \">\n                <div class=\"simple-content-container\">\n                    <div class=\"simple-content-intro\">\n                                                    <span class=\"tagline\">Service de blanchisserie<\/span>\n                        <h2 class='block-title'>Fiabilit\u00e9<\/h2>                    <\/div>\n                    \n                        <p>Basse ou haute saison? Vous devez toujours pouvoir compter sur un textile de qualit\u00e9, en quantit\u00e9 suffisante ! Nous traitons hebdomadairement le textile de plus de 200 000 h\u00f4tes r\u00e9partis dans plus de 260 villages de vacances. Cela fait de nous le partenaire id\u00e9al!<\/p>\n                        \n                                    <\/div>\n            <\/div>\n                            <div class=\"simple-content-media has-image offset-lg-1\">\n                                            <img loading=\"lazy\" decoding=\"async\" width=\"1024\" height=\"1024\" src=\"https:\/\/www.cleanlease.com\/wp-content\/uploads\/2023\/10\/LEISURE31-1024x1024.png\" class=\"attachment-large size-large\" alt=\"\" srcset=\"https:\/\/www.cleanlease.com\/wp-content\/uploads\/2023\/10\/LEISURE31-1024x1024.png 1024w, https:\/\/www.cleanlease.com\/wp-content\/uploads\/2023\/10\/LEISURE31-300x300.png 300w, https:\/\/www.cleanlease.com\/wp-content\/uploads\/2023\/10\/LEISURE31-150x150.png 150w, https:\/\/www.cleanlease.com\/wp-content\/uploads\/2023\/10\/LEISURE31-768x768.png 768w, https:\/\/www.cleanlease.com\/wp-content\/uploads\/2023\/10\/LEISURE31-1536x1536.png 1536w, https:\/\/www.cleanlease.com\/wp-content\/uploads\/2023\/10\/LEISURE31.png 1667w\" sizes=\"auto, (max-width: 1024px) 100vw, 1024px\" \/>                                                        <\/div>\n                    <\/div>\n    <\/div>\n<\/div>\n<div class=\"container\">\n\n\n\n<\/div>\n<div class=\"block simple-content position-left  block-margin-top-large block-margin-bottom-small block-text-left\"\n        style=\"background-color:#FFFFFF\">\n    <div class=\"container\">\n        <div class=\"row\">\n            <div class=\"col-12 col-lg-7 offset-lg-1\">\n                <div class=\"simple-content-container\">\n                    <div class=\"simple-content-intro\">\n                                                    <span class=\"tagline\">Service de blanchisserie<\/span>\n                        <h2 class='block-title'>Textile de qualit\u00e9 dot\u00e9 d\u2019une technologie intelligente<\/h2>                    <\/div>\n                    \n                        <p>Gr\u00e2ce aux puces RFID invisibles, nous savons toujours pr\u00e9cis\u00e9ment o\u00f9 se trouve le textile, et combien de fois il a \u00e9t\u00e9 lav\u00e9. Nous pouvons ainsi en assurer une gestion optimale. N\u2019ayez crainte, cette puce est cousue dans l\u2019ourlet. Elle est compl\u00e8tement invisible et imperceptible!<\/p>\n                        \n                                    <\/div>\n            <\/div>\n                            <div class=\"simple-content-media has-image\">\n                                            <img loading=\"lazy\" decoding=\"async\" width=\"1\" height=\"1\" src=\"https:\/\/www.cleanlease.com\/wp-content\/uploads\/2023\/08\/RFID-1.svg\" class=\"attachment-large size-large\" alt=\"\" \/>                                                        <\/div>\n                    <\/div>\n    <\/div>\n<\/div>\n<div class=\"container\">\n\n\n\n<div class=\"contact-location-block block  block-margin-top-none block-margin-bottom-none block-text-left\" >\n    <div class=\"row g-3\">\n        <div class=\"col-md-6 align-self-center\">\n            <div class=\"block-introduction\">\n                <h2>Toujours \u00e0 proximit\u00e9<\/h2><p>Vous trouverez toujours <a href=\"https:\/\/www.cleanlease.com\/fr\/contact\/\">un \u00e9tablissement CleanLease<\/a> pr\u00e8s de chez vous. Nous disposons de pas moins de 27 sites r\u00e9partis \u00e0 travers les Pays-Bas et la Belgique, dont cinq sont exclusivement consacr\u00e9s aux villages de vacances. Nous sommes sp\u00e9cialis\u00e9s dans le traitement de grands volumes de textile. En outre, CleanLease couvre tout le territoire national et g\u00e8re hebdomadairement le textile de plus de 260 villages de vacances. Nos itin\u00e9raires sont planifi\u00e9s aussi efficacement que possible afin de r\u00e9duire les \u00e9missions de CO2. Nous vous assurons ainsi un service optimal!<\/p>\n            <\/div>\n            <div class=\"content\">\n                            <\/div>\n        <\/div>\n                <div class=\"col-md-6\">\n            <div class=\"image\">\n<!--                -->                <img loading=\"lazy\" decoding=\"async\" width=\"928\" height=\"1024\" src=\"https:\/\/www.cleanlease.com\/wp-content\/uploads\/2024\/01\/CL-landkaartNLBE-1-928x1024.png\" class=\"attachment-large size-large\" alt=\"\" srcset=\"https:\/\/www.cleanlease.com\/wp-content\/uploads\/2024\/01\/CL-landkaartNLBE-1-928x1024.png 928w, https:\/\/www.cleanlease.com\/wp-content\/uploads\/2024\/01\/CL-landkaartNLBE-1-272x300.png 272w, https:\/\/www.cleanlease.com\/wp-content\/uploads\/2024\/01\/CL-landkaartNLBE-1-768x847.png 768w, https:\/\/www.cleanlease.com\/wp-content\/uploads\/2024\/01\/CL-landkaartNLBE-1.png 969w\" sizes=\"auto, (max-width: 928px) 100vw, 928px\" \/>            <\/div>\n        <\/div>\n            <\/div>\n<\/div>\n","protected":false},"excerpt":{"rendered":"","protected":false},"author":5,"featured_media":0,"parent":11252,"menu_order":0,"comment_status":"closed","ping_status":"closed","template":"","meta":{"_acf_changed":false,"footnotes":""},"class_list":["post-11260","page","type-page","status-publish","hentry"],"acf":[],"yoast_head":"<!-- This site is optimized with the Yoast SEO plugin v26.8 - https:\/\/yoast.com\/product\/yoast-seo-wordpress\/ -->\n<title>Service de blanchisserie pour le secteur des loisirs | CleanLease<\/title>\n<meta name=\"description\" content=\"Un service de blanchisserie professionnel, adapt\u00e9 au secteur des loisirs, offrant propret\u00e9, soin et efficacit\u00e9 au quotidien.\" \/>\n<meta name=\"robots\" content=\"index, follow, max-snippet:-1, max-image-preview:large, max-video-preview:-1\" \/>\n<link rel=\"canonical\" href=\"https:\/\/www.cleanlease.com\/fr\/leisure\/service-de-blanchisserie\/\" \/>\n<meta property=\"og:locale\" content=\"fr_FR\" \/>\n<meta property=\"og:type\" content=\"article\" \/>\n<meta property=\"og:title\" content=\"Service de blanchisserie pour le secteur des loisirs | CleanLease\" \/>\n<meta property=\"og:description\" content=\"Un service de blanchisserie professionnel, adapt\u00e9 au secteur des loisirs, offrant propret\u00e9, soin et efficacit\u00e9 au quotidien.\" \/>\n<meta property=\"og:url\" content=\"https:\/\/www.cleanlease.com\/fr\/leisure\/service-de-blanchisserie\/\" \/>\n<meta property=\"og:site_name\" content=\"CleanLease\" \/>\n<meta property=\"article:modified_time\" content=\"2025-04-16T18:58:08+00:00\" \/>\n<meta name=\"twitter:card\" content=\"summary_large_image\" \/>\n<meta name=\"twitter:label1\" content=\"Dur\u00e9e de lecture estim\u00e9e\" \/>\n\t<meta name=\"twitter:data1\" content=\"1 minute\" \/>\n<script type=\"application\/ld+json\" class=\"yoast-schema-graph\">{\"@context\":\"https:\/\/schema.org\",\"@graph\":[{\"@type\":\"WebPage\",\"@id\":\"https:\/\/www.cleanlease.com\/fr\/leisure\/service-de-blanchisserie\/\",\"url\":\"https:\/\/www.cleanlease.com\/fr\/leisure\/service-de-blanchisserie\/\",\"name\":\"Service de blanchisserie pour le secteur des loisirs | CleanLease\",\"isPartOf\":{\"@id\":\"https:\/\/www.cleanlease.com\/#website\"},\"datePublished\":\"2023-08-24T07:25:29+00:00\",\"dateModified\":\"2025-04-16T18:58:08+00:00\",\"description\":\"Un service de blanchisserie professionnel, adapt\u00e9 au secteur des loisirs, offrant propret\u00e9, soin et efficacit\u00e9 au quotidien.\",\"breadcrumb\":{\"@id\":\"https:\/\/www.cleanlease.com\/fr\/leisure\/service-de-blanchisserie\/#breadcrumb\"},\"inLanguage\":\"fr-FR\",\"potentialAction\":[{\"@type\":\"ReadAction\",\"target\":[\"https:\/\/www.cleanlease.com\/fr\/leisure\/service-de-blanchisserie\/\"]}]},{\"@type\":\"BreadcrumbList\",\"@id\":\"https:\/\/www.cleanlease.com\/fr\/leisure\/service-de-blanchisserie\/#breadcrumb\",\"itemListElement\":[{\"@type\":\"ListItem\",\"position\":1,\"name\":\"Home\",\"item\":\"https:\/\/www.cleanlease.com\/fr\/\"},{\"@type\":\"ListItem\",\"position\":2,\"name\":\"Leisure\",\"item\":\"https:\/\/www.cleanlease.com\/fr\/leisure\/\"},{\"@type\":\"ListItem\",\"position\":3,\"name\":\"Service de blanchisserie\"}]},{\"@type\":\"WebSite\",\"@id\":\"https:\/\/www.cleanlease.com\/#website\",\"url\":\"https:\/\/www.cleanlease.com\/\",\"name\":\"CleanLease\",\"description\":\"Because we care\",\"potentialAction\":[{\"@type\":\"SearchAction\",\"target\":{\"@type\":\"EntryPoint\",\"urlTemplate\":\"https:\/\/www.cleanlease.com\/?s={search_term_string}\"},\"query-input\":{\"@type\":\"PropertyValueSpecification\",\"valueRequired\":true,\"valueName\":\"search_term_string\"}}],\"inLanguage\":\"fr-FR\"}]}<\/script>\n<!-- \/ Yoast SEO plugin. -->","yoast_head_json":{"title":"Service de blanchisserie pour le secteur des loisirs | CleanLease","description":"Un service de blanchisserie professionnel, adapt\u00e9 au secteur des loisirs, offrant propret\u00e9, soin et efficacit\u00e9 au quotidien.","robots":{"index":"index","follow":"follow","max-snippet":"max-snippet:-1","max-image-preview":"max-image-preview:large","max-video-preview":"max-video-preview:-1"},"canonical":"https:\/\/www.cleanlease.com\/fr\/leisure\/service-de-blanchisserie\/","og_locale":"fr_FR","og_type":"article","og_title":"Service de blanchisserie pour le secteur des loisirs | CleanLease","og_description":"Un service de blanchisserie professionnel, adapt\u00e9 au secteur des loisirs, offrant propret\u00e9, soin et efficacit\u00e9 au quotidien.","og_url":"https:\/\/www.cleanlease.com\/fr\/leisure\/service-de-blanchisserie\/","og_site_name":"CleanLease","article_modified_time":"2025-04-16T18:58:08+00:00","twitter_card":"summary_large_image","twitter_misc":{"Dur\u00e9e de lecture estim\u00e9e":"1 minute"},"schema":{"@context":"https:\/\/schema.org","@graph":[{"@type":"WebPage","@id":"https:\/\/www.cleanlease.com\/fr\/leisure\/service-de-blanchisserie\/","url":"https:\/\/www.cleanlease.com\/fr\/leisure\/service-de-blanchisserie\/","name":"Service de blanchisserie pour le secteur des loisirs | CleanLease","isPartOf":{"@id":"https:\/\/www.cleanlease.com\/#website"},"datePublished":"2023-08-24T07:25:29+00:00","dateModified":"2025-04-16T18:58:08+00:00","description":"Un service de blanchisserie professionnel, adapt\u00e9 au secteur des loisirs, offrant propret\u00e9, soin et efficacit\u00e9 au quotidien.","breadcrumb":{"@id":"https:\/\/www.cleanlease.com\/fr\/leisure\/service-de-blanchisserie\/#breadcrumb"},"inLanguage":"fr-FR","potentialAction":[{"@type":"ReadAction","target":["https:\/\/www.cleanlease.com\/fr\/leisure\/service-de-blanchisserie\/"]}]},{"@type":"BreadcrumbList","@id":"https:\/\/www.cleanlease.com\/fr\/leisure\/service-de-blanchisserie\/#breadcrumb","itemListElement":[{"@type":"ListItem","position":1,"name":"Home","item":"https:\/\/www.cleanlease.com\/fr\/"},{"@type":"ListItem","position":2,"name":"Leisure","item":"https:\/\/www.cleanlease.com\/fr\/leisure\/"},{"@type":"ListItem","position":3,"name":"Service de blanchisserie"}]},{"@type":"WebSite","@id":"https:\/\/www.cleanlease.com\/#website","url":"https:\/\/www.cleanlease.com\/","name":"CleanLease","description":"Because we care","potentialAction":[{"@type":"SearchAction","target":{"@type":"EntryPoint","urlTemplate":"https:\/\/www.cleanlease.com\/?s={search_term_string}"},"query-input":{"@type":"PropertyValueSpecification","valueRequired":true,"valueName":"search_term_string"}}],"inLanguage":"fr-FR"}]}},"_links":{"self":[{"href":"https:\/\/www.cleanlease.com\/fr\/wp-json\/wp\/v2\/pages\/11260","targetHints":{"allow":["GET"]}}],"collection":[{"href":"https:\/\/www.cleanlease.com\/fr\/wp-json\/wp\/v2\/pages"}],"about":[{"href":"https:\/\/www.cleanlease.com\/fr\/wp-json\/wp\/v2\/types\/page"}],"author":[{"embeddable":true,"href":"https:\/\/www.cleanlease.com\/fr\/wp-json\/wp\/v2\/users\/5"}],"replies":[{"embeddable":true,"href":"https:\/\/www.cleanlease.com\/fr\/wp-json\/wp\/v2\/comments?post=11260"}],"version-history":[{"count":7,"href":"https:\/\/www.cleanlease.com\/fr\/wp-json\/wp\/v2\/pages\/11260\/revisions"}],"predecessor-version":[{"id":12007,"href":"https:\/\/www.cleanlease.com\/fr\/wp-json\/wp\/v2\/pages\/11260\/revisions\/12007"}],"up":[{"embeddable":true,"href":"https:\/\/www.cleanlease.com\/fr\/wp-json\/wp\/v2\/pages\/11252"}],"wp:attachment":[{"href":"https:\/\/www.cleanlease.com\/fr\/wp-json\/wp\/v2\/media?parent=11260"}],"curies":[{"name":"wp","href":"https:\/\/api.w.org\/{rel}","templated":true}]}}