{"id":11258,"date":"2023-08-24T07:39:48","date_gmt":"2023-08-24T07:39:48","guid":{"rendered":"https:\/\/www.cleanlease.com\/?page_id=11258"},"modified":"2025-04-16T18:57:27","modified_gmt":"2025-04-16T18:57:27","slug":"autres-produits","status":"publish","type":"page","link":"https:\/\/www.cleanlease.com\/fr\/leisure\/autres-produits\/","title":{"rendered":"Autres produits"},"content":{"rendered":"\n<\/div>\n<div class=\"block simple-content   block-margin-top-normal block-margin-bottom-normal block-text-center\"\n        style=\"background-color:#f8f8f8\">\n    <div class=\"container small\">\n        <div class=\"row\">\n            <div class=\"col-12 \">\n                <div class=\"simple-content-container\">\n                    <div class=\"simple-content-intro\">\n                                                    <span class=\"tagline\">LEISURE<\/span>\n                        <h1 class='block-title'>Autres produits<\/h1>                    <\/div>\n                    \n                        <p>Nous pouvons \u00e9galement vous fournir d\u2019autres textiles pour votre village de vacances ! Nous proposons une large gamme de couettes, d\u2019oreillers et de peignoirs pour garantir votre confort. Tous ces articles sont conformes aux crit\u00e8res &lsquo;Green Key&rsquo;! En outre, notre gamme inclut \u00e9galement des jet\u00e9s de lit et des coussins d\u00e9coratifs pour rendre la chambre encore plus chaleureuse. Tout votre textile est donc r\u00e9uni chez un seul partenaire.<\/p>\n                        \n                                    <\/div>\n            <\/div>\n                    <\/div>\n    <\/div>\n<\/div>\n<div class=\"container\">\n\n\n\n<\/div>\n<div class=\"block simple-content position-left  block-margin-top-normal block-margin-bottom-normal block-text-left\"\n        style=\"background-color:#FFFFFF\">\n    <div class=\"container\">\n        <div class=\"row\">\n            <div class=\"col-12 col-lg-7 offset-lg-1\">\n                <div class=\"simple-content-container\">\n                    <div class=\"simple-content-intro\">\n                        <h2 class='block-title'>Couettes<\/h2>                    <\/div>\n                    \n                        <p>Une bonne couette est indispensable pour garantir \u00e0 vos h\u00f4tes une bonne nuit de sommeil. CleanLease propose une large gamme de couettes de diff\u00e9rentes qualit\u00e9s et dans la taille de votre choix. Nous disposons de couettes dot\u00e9es du label Green Key Approved sp\u00e9cifiquement destin\u00e9es aux villages de vacances. Et bien s\u00fbr, toutes nos couettes sont adapt\u00e9es au lavage industriel.<\/p>\n                        \n                                    <\/div>\n            <\/div>\n                            <div class=\"simple-content-media has-image\">\n                                            <img loading=\"lazy\" decoding=\"async\" width=\"800\" height=\"800\" src=\"https:\/\/www.cleanlease.com\/wp-content\/uploads\/2023\/11\/LEISURE-Bedlinnen2.png\" class=\"attachment-large size-large\" alt=\"\" srcset=\"https:\/\/www.cleanlease.com\/wp-content\/uploads\/2023\/11\/LEISURE-Bedlinnen2.png 800w, https:\/\/www.cleanlease.com\/wp-content\/uploads\/2023\/11\/LEISURE-Bedlinnen2-300x300.png 300w, https:\/\/www.cleanlease.com\/wp-content\/uploads\/2023\/11\/LEISURE-Bedlinnen2-150x150.png 150w, https:\/\/www.cleanlease.com\/wp-content\/uploads\/2023\/11\/LEISURE-Bedlinnen2-768x768.png 768w\" sizes=\"auto, (max-width: 800px) 100vw, 800px\" \/>                                                        <\/div>\n                    <\/div>\n    <\/div>\n<\/div>\n<div class=\"container\">\n\n\n\n<\/div>\n<div class=\"block simple-content position-right  block-margin-top-normal block-margin-bottom-normal block-text-left\"\n        style=\"background-color:#FFFFFF\">\n    <div class=\"container\">\n        <div class=\"row\">\n            <div class=\"col-12 col-lg-7 \">\n                <div class=\"simple-content-container\">\n                    <div class=\"simple-content-intro\">\n                        <h2 class='block-title'>Oreillers<\/h2>                    <\/div>\n                    \n                        <p>Un bon oreiller peut faire la diff\u00e9rence pour une bonne nuit de sommeil. CleanLease propose des oreillers de diff\u00e9rentes qualit\u00e9s. Nous disposons d\u2019oreillers dot\u00e9s du label Green Key Approved sp\u00e9cifiquement destin\u00e9s aux villages de vacances. Et bien s\u00fbr, nos oreillers sont adapt\u00e9s au lavage industriel.<\/p>\n                        \n                                    <\/div>\n            <\/div>\n                            <div class=\"simple-content-media has-image offset-lg-1\">\n                                            <img loading=\"lazy\" decoding=\"async\" width=\"1024\" height=\"1024\" src=\"https:\/\/www.cleanlease.com\/wp-content\/uploads\/2023\/10\/LEISURE17-1024x1024.png\" class=\"attachment-large size-large\" alt=\"\" srcset=\"https:\/\/www.cleanlease.com\/wp-content\/uploads\/2023\/10\/LEISURE17-1024x1024.png 1024w, https:\/\/www.cleanlease.com\/wp-content\/uploads\/2023\/10\/LEISURE17-300x300.png 300w, https:\/\/www.cleanlease.com\/wp-content\/uploads\/2023\/10\/LEISURE17-150x150.png 150w, https:\/\/www.cleanlease.com\/wp-content\/uploads\/2023\/10\/LEISURE17-768x768.png 768w, https:\/\/www.cleanlease.com\/wp-content\/uploads\/2023\/10\/LEISURE17-1536x1536.png 1536w, https:\/\/www.cleanlease.com\/wp-content\/uploads\/2023\/10\/LEISURE17.png 1667w\" sizes=\"auto, (max-width: 1024px) 100vw, 1024px\" \/>                                                        <\/div>\n                    <\/div>\n    <\/div>\n<\/div>\n<div class=\"container\">\n\n\n\n<\/div>\n<div class=\"block simple-content position-left  block-margin-top-normal block-margin-bottom-normal block-text-left\"\n        style=\"background-color:#FFFFFF\">\n    <div class=\"container\">\n        <div class=\"row\">\n            <div class=\"col-12 col-lg-7 offset-lg-1\">\n                <div class=\"simple-content-container\">\n                    <div class=\"simple-content-intro\">\n                        <h2 class='block-title'>Peignoirs<\/h2>                    <\/div>\n                    \n                        <p>Apr\u00e8s une douche, enveloppez-vous dans un peignoir doux. Nos peignoirs ne sont pas seulement esth\u00e9tiques et doux, mais ils sont \u00e9galement dot\u00e9s du label GRS. Cela signifie que le peignoir est compos\u00e9 d\u2019au moins 50 % de mat\u00e9riaux recycl\u00e9s. Confortables pour vos clients et respectueux de l\u2019environnement. Si vous souhaitez personnaliser votre peignoir avec un passepoil color\u00e9 ou un logo, aucun probl\u00e8me!<\/p>\n                        \n                                    <\/div>\n            <\/div>\n                            <div class=\"simple-content-media has-image\">\n                                            <img loading=\"lazy\" decoding=\"async\" width=\"800\" height=\"800\" src=\"https:\/\/www.cleanlease.com\/wp-content\/uploads\/2023\/12\/LEISURE-Badjas2.png\" class=\"attachment-large size-large\" alt=\"\" srcset=\"https:\/\/www.cleanlease.com\/wp-content\/uploads\/2023\/12\/LEISURE-Badjas2.png 800w, https:\/\/www.cleanlease.com\/wp-content\/uploads\/2023\/12\/LEISURE-Badjas2-300x300.png 300w, https:\/\/www.cleanlease.com\/wp-content\/uploads\/2023\/12\/LEISURE-Badjas2-150x150.png 150w, https:\/\/www.cleanlease.com\/wp-content\/uploads\/2023\/12\/LEISURE-Badjas2-768x768.png 768w\" sizes=\"auto, (max-width: 800px) 100vw, 800px\" \/>                                                        <\/div>\n                    <\/div>\n    <\/div>\n<\/div>\n<div class=\"container\">\n\n\n\n<\/div>\n<div class=\"block simple-content position-right  block-margin-top-normal block-margin-bottom-normal block-text-left\"\n        style=\"background-color:#FFFFFF\">\n    <div class=\"container\">\n        <div class=\"row\">\n            <div class=\"col-12 col-lg-7 \">\n                <div class=\"simple-content-container\">\n                    <div class=\"simple-content-intro\">\n                        <h2 class='block-title'>Jet\u00e9s de lit et coussins d\u00e9coratifs<\/h2>                    <\/div>\n                    \n                        <p>Pour assurer le confort de vos maisons de vacances, les rendre accueillantes et leur apporter une ambiance chaleureuse, nos jet\u00e9s de lit et coussins d\u00e9coratifs sont la solution parfaite et personnalisent chaque pi\u00e8ce. Pr\u00e9f\u00e9rez-vous conserver les couleurs de votre \u00e9tablissement ou opter pour d\u2019autres couleurs contemporaines ? Pourquoi pas un design propre avec votre logo ou slogan ? Les possibilit\u00e9s sont infinies. Combinez sans crainte!<\/p>\n                        \n                                    <\/div>\n            <\/div>\n                            <div class=\"simple-content-media has-image offset-lg-1\">\n                                            <img loading=\"lazy\" decoding=\"async\" width=\"1024\" height=\"1024\" src=\"https:\/\/www.cleanlease.com\/wp-content\/uploads\/2023\/10\/LEISURE28-1024x1024.png\" class=\"attachment-large size-large\" alt=\"\" srcset=\"https:\/\/www.cleanlease.com\/wp-content\/uploads\/2023\/10\/LEISURE28-1024x1024.png 1024w, https:\/\/www.cleanlease.com\/wp-content\/uploads\/2023\/10\/LEISURE28-300x300.png 300w, https:\/\/www.cleanlease.com\/wp-content\/uploads\/2023\/10\/LEISURE28-150x150.png 150w, https:\/\/www.cleanlease.com\/wp-content\/uploads\/2023\/10\/LEISURE28-768x768.png 768w, https:\/\/www.cleanlease.com\/wp-content\/uploads\/2023\/10\/LEISURE28-1536x1536.png 1536w, https:\/\/www.cleanlease.com\/wp-content\/uploads\/2023\/10\/LEISURE28.png 1667w\" sizes=\"auto, (max-width: 1024px) 100vw, 1024px\" \/>                                                        <\/div>\n                    <\/div>\n    <\/div>\n<\/div>\n<div class=\"container\">\n\n\n\n<\/div>\n<div class=\"block simple-content position-left  block-margin-top-normal block-margin-bottom-normal block-text-left\"\n        style=\"background-color:#FFFFFF\">\n    <div class=\"container\">\n        <div class=\"row\">\n            <div class=\"col-12 col-lg-7 offset-lg-1\">\n                <div class=\"simple-content-container\">\n                    <div class=\"simple-content-intro\">\n                        <h2 class='block-title'>RFID<\/h2>                    <\/div>\n                    \n                        <p>Les avantages des puces RFID plac\u00e9es dans les articles propres au village de vacances, tels que les oreillers et les couettes, sont nombreux. Gr\u00e2ce aux fonctionnalit\u00e9s telles que l\u2019enregistrement du nombre de lavages et de la vitesse de circulation par article, nous pouvons vous fournir des informations pertinentes \u00e0 tout moment. Cela permet notamment d\u2019avoir un aper\u00e7u de la pr\u00e9sence physique des articles textiles (dans le village de vacances ou la blanchisserie) mais aussi de g\u00e9rer le processus d\u2019hygi\u00e8ne du village de vacances. Quelle est la fr\u00e9quence de lavage d\u2019un oreiller et quand une couette a-t-elle \u00e9t\u00e9 lav\u00e9e pour la derni\u00e8re fois?<\/p>\n                        \n                                    <\/div>\n            <\/div>\n                            <div class=\"simple-content-media has-image\">\n                                            <img loading=\"lazy\" decoding=\"async\" width=\"1\" height=\"1\" src=\"https:\/\/www.cleanlease.com\/wp-content\/uploads\/2023\/08\/RFID.svg\" class=\"attachment-large size-large\" alt=\"\" \/>                                                        <\/div>\n                    <\/div>\n    <\/div>\n<\/div>\n<div class=\"container\">\n","protected":false},"excerpt":{"rendered":"","protected":false},"author":5,"featured_media":0,"parent":11252,"menu_order":0,"comment_status":"closed","ping_status":"closed","template":"","meta":{"_acf_changed":false,"footnotes":""},"class_list":["post-11258","page","type-page","status-publish","hentry"],"acf":[],"yoast_head":"<!-- This site is optimized with the Yoast SEO plugin v26.8 - https:\/\/yoast.com\/product\/yoast-seo-wordpress\/ -->\n<title>Produits compl\u00e9mentaires pour l\u2019h\u00f4tellerie-loisirs | CleanLease<\/title>\n<meta name=\"description\" content=\"Explorez notre large gamme de produits compl\u00e9mentaires, pens\u00e9s pour enrichir l\u2019exp\u00e9rience de vos clients avec confort et qualit\u00e9.\" \/>\n<meta name=\"robots\" content=\"index, follow, max-snippet:-1, max-image-preview:large, max-video-preview:-1\" \/>\n<link rel=\"canonical\" href=\"https:\/\/www.cleanlease.com\/fr\/leisure\/autres-produits\/\" \/>\n<meta property=\"og:locale\" content=\"fr_FR\" \/>\n<meta property=\"og:type\" content=\"article\" \/>\n<meta property=\"og:title\" content=\"Produits compl\u00e9mentaires pour l\u2019h\u00f4tellerie-loisirs | CleanLease\" \/>\n<meta property=\"og:description\" content=\"Explorez notre large gamme de produits compl\u00e9mentaires, pens\u00e9s pour enrichir l\u2019exp\u00e9rience de vos clients avec confort et qualit\u00e9.\" \/>\n<meta property=\"og:url\" content=\"https:\/\/www.cleanlease.com\/fr\/leisure\/autres-produits\/\" \/>\n<meta property=\"og:site_name\" content=\"CleanLease\" \/>\n<meta property=\"article:modified_time\" content=\"2025-04-16T18:57:27+00:00\" \/>\n<meta name=\"twitter:card\" content=\"summary_large_image\" \/>\n<script type=\"application\/ld+json\" class=\"yoast-schema-graph\">{\"@context\":\"https:\/\/schema.org\",\"@graph\":[{\"@type\":\"WebPage\",\"@id\":\"https:\/\/www.cleanlease.com\/fr\/leisure\/autres-produits\/\",\"url\":\"https:\/\/www.cleanlease.com\/fr\/leisure\/autres-produits\/\",\"name\":\"Produits compl\u00e9mentaires pour l\u2019h\u00f4tellerie-loisirs | CleanLease\",\"isPartOf\":{\"@id\":\"https:\/\/www.cleanlease.com\/#website\"},\"datePublished\":\"2023-08-24T07:39:48+00:00\",\"dateModified\":\"2025-04-16T18:57:27+00:00\",\"description\":\"Explorez notre large gamme de produits compl\u00e9mentaires, pens\u00e9s pour enrichir l\u2019exp\u00e9rience de vos clients avec confort et qualit\u00e9.\",\"breadcrumb\":{\"@id\":\"https:\/\/www.cleanlease.com\/fr\/leisure\/autres-produits\/#breadcrumb\"},\"inLanguage\":\"fr-FR\",\"potentialAction\":[{\"@type\":\"ReadAction\",\"target\":[\"https:\/\/www.cleanlease.com\/fr\/leisure\/autres-produits\/\"]}]},{\"@type\":\"BreadcrumbList\",\"@id\":\"https:\/\/www.cleanlease.com\/fr\/leisure\/autres-produits\/#breadcrumb\",\"itemListElement\":[{\"@type\":\"ListItem\",\"position\":1,\"name\":\"Home\",\"item\":\"https:\/\/www.cleanlease.com\/fr\/\"},{\"@type\":\"ListItem\",\"position\":2,\"name\":\"Leisure\",\"item\":\"https:\/\/www.cleanlease.com\/fr\/leisure\/\"},{\"@type\":\"ListItem\",\"position\":3,\"name\":\"Autres produits\"}]},{\"@type\":\"WebSite\",\"@id\":\"https:\/\/www.cleanlease.com\/#website\",\"url\":\"https:\/\/www.cleanlease.com\/\",\"name\":\"CleanLease\",\"description\":\"Because we care\",\"potentialAction\":[{\"@type\":\"SearchAction\",\"target\":{\"@type\":\"EntryPoint\",\"urlTemplate\":\"https:\/\/www.cleanlease.com\/?s={search_term_string}\"},\"query-input\":{\"@type\":\"PropertyValueSpecification\",\"valueRequired\":true,\"valueName\":\"search_term_string\"}}],\"inLanguage\":\"fr-FR\"}]}<\/script>\n<!-- \/ Yoast SEO plugin. -->","yoast_head_json":{"title":"Produits compl\u00e9mentaires pour l\u2019h\u00f4tellerie-loisirs | CleanLease","description":"Explorez notre large gamme de produits compl\u00e9mentaires, pens\u00e9s pour enrichir l\u2019exp\u00e9rience de vos clients avec confort et qualit\u00e9.","robots":{"index":"index","follow":"follow","max-snippet":"max-snippet:-1","max-image-preview":"max-image-preview:large","max-video-preview":"max-video-preview:-1"},"canonical":"https:\/\/www.cleanlease.com\/fr\/leisure\/autres-produits\/","og_locale":"fr_FR","og_type":"article","og_title":"Produits compl\u00e9mentaires pour l\u2019h\u00f4tellerie-loisirs | CleanLease","og_description":"Explorez notre large gamme de produits compl\u00e9mentaires, pens\u00e9s pour enrichir l\u2019exp\u00e9rience de vos clients avec confort et qualit\u00e9.","og_url":"https:\/\/www.cleanlease.com\/fr\/leisure\/autres-produits\/","og_site_name":"CleanLease","article_modified_time":"2025-04-16T18:57:27+00:00","twitter_card":"summary_large_image","schema":{"@context":"https:\/\/schema.org","@graph":[{"@type":"WebPage","@id":"https:\/\/www.cleanlease.com\/fr\/leisure\/autres-produits\/","url":"https:\/\/www.cleanlease.com\/fr\/leisure\/autres-produits\/","name":"Produits compl\u00e9mentaires pour l\u2019h\u00f4tellerie-loisirs | CleanLease","isPartOf":{"@id":"https:\/\/www.cleanlease.com\/#website"},"datePublished":"2023-08-24T07:39:48+00:00","dateModified":"2025-04-16T18:57:27+00:00","description":"Explorez notre large gamme de produits compl\u00e9mentaires, pens\u00e9s pour enrichir l\u2019exp\u00e9rience de vos clients avec confort et qualit\u00e9.","breadcrumb":{"@id":"https:\/\/www.cleanlease.com\/fr\/leisure\/autres-produits\/#breadcrumb"},"inLanguage":"fr-FR","potentialAction":[{"@type":"ReadAction","target":["https:\/\/www.cleanlease.com\/fr\/leisure\/autres-produits\/"]}]},{"@type":"BreadcrumbList","@id":"https:\/\/www.cleanlease.com\/fr\/leisure\/autres-produits\/#breadcrumb","itemListElement":[{"@type":"ListItem","position":1,"name":"Home","item":"https:\/\/www.cleanlease.com\/fr\/"},{"@type":"ListItem","position":2,"name":"Leisure","item":"https:\/\/www.cleanlease.com\/fr\/leisure\/"},{"@type":"ListItem","position":3,"name":"Autres produits"}]},{"@type":"WebSite","@id":"https:\/\/www.cleanlease.com\/#website","url":"https:\/\/www.cleanlease.com\/","name":"CleanLease","description":"Because we care","potentialAction":[{"@type":"SearchAction","target":{"@type":"EntryPoint","urlTemplate":"https:\/\/www.cleanlease.com\/?s={search_term_string}"},"query-input":{"@type":"PropertyValueSpecification","valueRequired":true,"valueName":"search_term_string"}}],"inLanguage":"fr-FR"}]}},"_links":{"self":[{"href":"https:\/\/www.cleanlease.com\/fr\/wp-json\/wp\/v2\/pages\/11258","targetHints":{"allow":["GET"]}}],"collection":[{"href":"https:\/\/www.cleanlease.com\/fr\/wp-json\/wp\/v2\/pages"}],"about":[{"href":"https:\/\/www.cleanlease.com\/fr\/wp-json\/wp\/v2\/types\/page"}],"author":[{"embeddable":true,"href":"https:\/\/www.cleanlease.com\/fr\/wp-json\/wp\/v2\/users\/5"}],"replies":[{"embeddable":true,"href":"https:\/\/www.cleanlease.com\/fr\/wp-json\/wp\/v2\/comments?post=11258"}],"version-history":[{"count":3,"href":"https:\/\/www.cleanlease.com\/fr\/wp-json\/wp\/v2\/pages\/11258\/revisions"}],"predecessor-version":[{"id":11564,"href":"https:\/\/www.cleanlease.com\/fr\/wp-json\/wp\/v2\/pages\/11258\/revisions\/11564"}],"up":[{"embeddable":true,"href":"https:\/\/www.cleanlease.com\/fr\/wp-json\/wp\/v2\/pages\/11252"}],"wp:attachment":[{"href":"https:\/\/www.cleanlease.com\/fr\/wp-json\/wp\/v2\/media?parent=11258"}],"curies":[{"name":"wp","href":"https:\/\/api.w.org\/{rel}","templated":true}]}}