{"id":11256,"date":"2023-08-23T11:29:53","date_gmt":"2023-08-23T11:29:53","guid":{"rendered":"https:\/\/www.cleanlease.com\/?page_id=11256"},"modified":"2025-04-16T18:56:13","modified_gmt":"2025-04-16T18:56:13","slug":"linge-de-location","status":"publish","type":"page","link":"https:\/\/www.cleanlease.com\/fr\/leisure\/linge-de-location\/","title":{"rendered":"Linge de location"},"content":{"rendered":"\n<\/div>\n<div class=\"block simple-content   block-margin-top-normal block-margin-bottom-normal block-text-center\"\n        style=\"background-color:#f8f8f8\">\n    <div class=\"container\">\n        <div class=\"row\">\n            <div class=\"col-12 \">\n                <div class=\"simple-content-container\">\n                    <div class=\"simple-content-intro\">\n                                                    <span class=\"tagline\">LINGE DE LOCATION<\/span>\n                                            <\/div>\n                    \n                        <h1>Linge de location luxueux et confortable pour tous vos h\u00f4tes<\/h1>\n<p>Gr\u00e2ce \u00e0 nos textiles doux et durables, vous offrez \u00e0 vos h\u00f4tes un sentiment ultime de vacances sans investir vous-m\u00eame.<\/p>\n<p>Linge produit de mani\u00e8re durable  l  \u00c9labor\u00e9 \u00e0 partir de coton \u00e9pais et doux l  Nettoy\u00e9 et transport\u00e9 de mani\u00e8re durable  l  Hygi\u00e9nique et propre conform\u00e9ment aux normes en vigueur  l  Doux et agr\u00e9able avec un aspect luxueux  l  Stock de linge propre toujours suffisant<\/p>\n                        \n                                    <\/div>\n            <\/div>\n                    <\/div>\n    <\/div>\n<\/div>\n<div class=\"container\">\n\n\n\n<\/div>\n<div class=\"block simple-content position-right  block-margin-top-large block-margin-bottom-normal block-text-left\"\n        style=\"background-color:#FFFFFF\">\n    <div class=\"container\">\n        <div class=\"row\">\n            <div class=\"col-12 col-lg-7 \">\n                <div class=\"simple-content-container\">\n                    <div class=\"simple-content-intro\">\n                        <h2 class='block-title'>Linge de lit<\/h2>                    <\/div>\n                    \n                        <p>S&rsquo;endormir dans des draps frais, propres et doux, c\u2019est la garantie d\u2019un s\u00e9jour agr\u00e9able pour vos h\u00f4tes. Nous avons d\u00e9velopp\u00e9 plusieurs lignes textiles sp\u00e9cifiquement destin\u00e9es aux villages de vacances. Nous serons ravis de vous en dire plus lors d\u2019un <u><a href=\"https:\/\/cleanlease.com\/fr\/leisure#Prendre-contact\"><strong>rendez-vous personnel<\/strong><\/a><strong>.<\/strong><\/u><\/p>\n                        \n                                    <\/div>\n            <\/div>\n                            <div class=\"simple-content-media has-image offset-lg-1\">\n                                            <img loading=\"lazy\" decoding=\"async\" width=\"800\" height=\"800\" src=\"https:\/\/www.cleanlease.com\/wp-content\/uploads\/2023\/11\/LEISURE-Bedlinnen.png\" class=\"attachment-large size-large\" alt=\"\" srcset=\"https:\/\/www.cleanlease.com\/wp-content\/uploads\/2023\/11\/LEISURE-Bedlinnen.png 800w, https:\/\/www.cleanlease.com\/wp-content\/uploads\/2023\/11\/LEISURE-Bedlinnen-300x300.png 300w, https:\/\/www.cleanlease.com\/wp-content\/uploads\/2023\/11\/LEISURE-Bedlinnen-150x150.png 150w, https:\/\/www.cleanlease.com\/wp-content\/uploads\/2023\/11\/LEISURE-Bedlinnen-768x768.png 768w\" sizes=\"auto, (max-width: 800px) 100vw, 800px\" \/>                                                        <\/div>\n                    <\/div>\n    <\/div>\n<\/div>\n<div class=\"container\">\n\n\n\n<\/div>\n<div class=\"block simple-content position-left  block-margin-top-normal block-margin-bottom-normal block-text-left\"\n        style=\"background-color:#FFFFFF\">\n    <div class=\"container\">\n        <div class=\"row\">\n            <div class=\"col-12 col-lg-7 offset-lg-1\">\n                <div class=\"simple-content-container\">\n                    <div class=\"simple-content-intro\">\n                        <h2 class='block-title'>Linge de bain<\/h2>                    <\/div>\n                    \n                        <p>Vos h\u00f4tes veulent profiter de serviettes douces et propres lors de leurs vacances. Nous proposons une ample gamme de linge de bain alliant confort et luxe. Tout notre linge de bain est dot\u00e9 du label de durabilit\u00e9 GRS. Avec nos tapis de bain et nos serviettes de sauna, vous avez tout le n\u00e9cessaire pour vous d\u00e9tendre dans la salle de bain.<\/p>\n                        \n                                    <\/div>\n            <\/div>\n                            <div class=\"simple-content-media has-image\">\n                                            <img loading=\"lazy\" decoding=\"async\" width=\"1024\" height=\"1024\" src=\"https:\/\/www.cleanlease.com\/wp-content\/uploads\/2023\/10\/LEISURE20-1024x1024.png\" class=\"attachment-large size-large\" alt=\"\" srcset=\"https:\/\/www.cleanlease.com\/wp-content\/uploads\/2023\/10\/LEISURE20-1024x1024.png 1024w, https:\/\/www.cleanlease.com\/wp-content\/uploads\/2023\/10\/LEISURE20-300x300.png 300w, https:\/\/www.cleanlease.com\/wp-content\/uploads\/2023\/10\/LEISURE20-150x150.png 150w, https:\/\/www.cleanlease.com\/wp-content\/uploads\/2023\/10\/LEISURE20-768x768.png 768w, https:\/\/www.cleanlease.com\/wp-content\/uploads\/2023\/10\/LEISURE20-1536x1536.png 1536w, https:\/\/www.cleanlease.com\/wp-content\/uploads\/2023\/10\/LEISURE20.png 1667w\" sizes=\"auto, (max-width: 1024px) 100vw, 1024px\" \/>                                                        <\/div>\n                    <\/div>\n    <\/div>\n<\/div>\n<div class=\"container\">\n\n\n\n<\/div>\n<div class=\"block simple-content position-right  block-margin-top-normal block-margin-bottom-normal block-text-left\"\n        style=\"background-color:#FFFFFF\">\n    <div class=\"container\">\n        <div class=\"row\">\n            <div class=\"col-12 col-lg-7 \">\n                <div class=\"simple-content-container\">\n                    <div class=\"simple-content-intro\">\n                        <h2 class='block-title'>Textile de cuisine<\/h2>                    <\/div>\n                    \n                        <p>Dans les maisons de vacances, les serviettes de cuisine et les torchons doivent \u00eatre r\u00e9sistants et impeccables. Nous proposons plusieurs possibilit\u00e9s. Le textile de cuisine de CleanLease illumine chaque cuisine!<\/p>\n                        \n                                    <\/div>\n            <\/div>\n                            <div class=\"simple-content-media has-image offset-lg-1\">\n                                            <img loading=\"lazy\" decoding=\"async\" width=\"1024\" height=\"1024\" src=\"https:\/\/www.cleanlease.com\/wp-content\/uploads\/2023\/10\/LEISURE22-1024x1024.png\" class=\"attachment-large size-large\" alt=\"\" srcset=\"https:\/\/www.cleanlease.com\/wp-content\/uploads\/2023\/10\/LEISURE22-1024x1024.png 1024w, https:\/\/www.cleanlease.com\/wp-content\/uploads\/2023\/10\/LEISURE22-300x300.png 300w, https:\/\/www.cleanlease.com\/wp-content\/uploads\/2023\/10\/LEISURE22-150x150.png 150w, https:\/\/www.cleanlease.com\/wp-content\/uploads\/2023\/10\/LEISURE22-768x768.png 768w, https:\/\/www.cleanlease.com\/wp-content\/uploads\/2023\/10\/LEISURE22-1536x1536.png 1536w, https:\/\/www.cleanlease.com\/wp-content\/uploads\/2023\/10\/LEISURE22.png 1667w\" sizes=\"auto, (max-width: 1024px) 100vw, 1024px\" \/>                                                        <\/div>\n                    <\/div>\n    <\/div>\n<\/div>\n<div class=\"container\">\n\n\n\n<\/div>\n<div class=\"block simple-content position-left  block-margin-top-normal block-margin-bottom-none block-text-left\"\n        style=\"background-color:#FFFFFF\">\n    <div class=\"container\">\n        <div class=\"row\">\n            <div class=\"col-12 col-lg-7 offset-lg-1\">\n                <div class=\"simple-content-container\">\n                    <div class=\"simple-content-intro\">\n                        <h2 class='block-title'>Textile de qualit\u00e9 dot\u00e9 d\u2019une technologie intelligente<\/h2>                    <\/div>\n                    \n                        <p>Gr\u00e2ce aux puces RFID invisibles, nous savons toujours pr\u00e9cis\u00e9ment o\u00f9 se trouve le textile, et combien de fois il a \u00e9t\u00e9 lav\u00e9. Nous pouvons ainsi en assurer une gestion optimale. N\u2019ayez crainte, cette puce est cousue dans l\u2019ourlet. Elle est compl\u00e8tement invisible et imperceptible!<\/p>\n                        \n                                    <\/div>\n            <\/div>\n                            <div class=\"simple-content-media has-image\">\n                                            <img loading=\"lazy\" decoding=\"async\" width=\"1\" height=\"1\" src=\"https:\/\/www.cleanlease.com\/wp-content\/uploads\/2023\/08\/RFID-1.svg\" class=\"attachment-large size-large\" alt=\"\" \/>                                                        <\/div>\n                    <\/div>\n    <\/div>\n<\/div>\n<div class=\"container\">\n\n\n\n<div class=\"contact-location-block block  block-margin-top-none block-margin-bottom-none block-text-left\" >\n    <div class=\"row g-3\">\n        <div class=\"col-md-6 align-self-center\">\n            <div class=\"block-introduction\">\n                <h2>Toujours \u00e0 proximit\u00e9<\/h2><p>Il y a toujours un <a href=\"https:\/\/www.cleanlease.com\/fr\/contact\/\">\u00e9tablissement CleanLease<\/a> pr\u00e8s de chez vous. Nous disposons de pas moins de 27 sites r\u00e9partis \u00e0 travers les Pays-Bas et la Belgique, dont cinq sont exclusivement consacr\u00e9s aux villages de vacances. Nous sommes sp\u00e9cialis\u00e9s dans le traitement de grands volumes de textile. En outre, CleanLease couvre tout le territoire national et g\u00e8re hebdomadairement le textile de plus de 260 villages de vacances. Nos itin\u00e9raires sont planifi\u00e9s aussi efficacement que possible afin de r\u00e9duire les \u00e9missions de CO2. Nous vous assurons ainsi un service optimal!<\/p>\n            <\/div>\n            <div class=\"content\">\n                            <\/div>\n        <\/div>\n                <div class=\"col-md-6\">\n            <div class=\"image\">\n<!--                -->                <img loading=\"lazy\" decoding=\"async\" width=\"1\" height=\"1\" src=\"https:\/\/www.cleanlease.com\/wp-content\/uploads\/2024\/01\/CleanLeaselandkaartNLBE.svg\" class=\"attachment-large size-large\" alt=\"\" \/>            <\/div>\n        <\/div>\n            <\/div>\n<\/div>\n\n\n\n<p><\/p>\n","protected":false},"excerpt":{"rendered":"","protected":false},"author":5,"featured_media":0,"parent":11252,"menu_order":0,"comment_status":"closed","ping_status":"closed","template":"","meta":{"_acf_changed":false,"footnotes":""},"class_list":["post-11256","page","type-page","status-publish","hentry"],"acf":[],"yoast_head":"<!-- This site is optimized with the Yoast SEO plugin v26.8 - https:\/\/yoast.com\/product\/yoast-seo-wordpress\/ -->\n<title>Location de linge pour h\u00e9bergements de loisirs | CleanLease<\/title>\n<meta name=\"description\" content=\"Linge de location de haute qualit\u00e9 pour vos h\u00e9bergements touristiques, livr\u00e9 avec fiabilit\u00e9 et soin gr\u00e2ce au service CleanLease.\" \/>\n<meta name=\"robots\" content=\"index, follow, max-snippet:-1, max-image-preview:large, max-video-preview:-1\" \/>\n<link rel=\"canonical\" href=\"https:\/\/www.cleanlease.com\/fr\/leisure\/linge-de-location\/\" \/>\n<meta property=\"og:locale\" content=\"fr_FR\" \/>\n<meta property=\"og:type\" content=\"article\" \/>\n<meta property=\"og:title\" content=\"Location de linge pour h\u00e9bergements de loisirs | CleanLease\" \/>\n<meta property=\"og:description\" content=\"Linge de location de haute qualit\u00e9 pour vos h\u00e9bergements touristiques, livr\u00e9 avec fiabilit\u00e9 et soin gr\u00e2ce au service CleanLease.\" \/>\n<meta property=\"og:url\" content=\"https:\/\/www.cleanlease.com\/fr\/leisure\/linge-de-location\/\" \/>\n<meta property=\"og:site_name\" content=\"CleanLease\" \/>\n<meta property=\"article:modified_time\" content=\"2025-04-16T18:56:13+00:00\" \/>\n<meta name=\"twitter:card\" content=\"summary_large_image\" \/>\n<meta name=\"twitter:label1\" content=\"Dur\u00e9e de lecture estim\u00e9e\" \/>\n\t<meta name=\"twitter:data1\" content=\"1 minute\" \/>\n<script type=\"application\/ld+json\" class=\"yoast-schema-graph\">{\"@context\":\"https:\/\/schema.org\",\"@graph\":[{\"@type\":\"WebPage\",\"@id\":\"https:\/\/www.cleanlease.com\/fr\/leisure\/linge-de-location\/\",\"url\":\"https:\/\/www.cleanlease.com\/fr\/leisure\/linge-de-location\/\",\"name\":\"Location de linge pour h\u00e9bergements de loisirs | CleanLease\",\"isPartOf\":{\"@id\":\"https:\/\/www.cleanlease.com\/#website\"},\"datePublished\":\"2023-08-23T11:29:53+00:00\",\"dateModified\":\"2025-04-16T18:56:13+00:00\",\"description\":\"Linge de location de haute qualit\u00e9 pour vos h\u00e9bergements touristiques, livr\u00e9 avec fiabilit\u00e9 et soin gr\u00e2ce au service CleanLease.\",\"breadcrumb\":{\"@id\":\"https:\/\/www.cleanlease.com\/fr\/leisure\/linge-de-location\/#breadcrumb\"},\"inLanguage\":\"fr-FR\",\"potentialAction\":[{\"@type\":\"ReadAction\",\"target\":[\"https:\/\/www.cleanlease.com\/fr\/leisure\/linge-de-location\/\"]}]},{\"@type\":\"BreadcrumbList\",\"@id\":\"https:\/\/www.cleanlease.com\/fr\/leisure\/linge-de-location\/#breadcrumb\",\"itemListElement\":[{\"@type\":\"ListItem\",\"position\":1,\"name\":\"Home\",\"item\":\"https:\/\/www.cleanlease.com\/fr\/\"},{\"@type\":\"ListItem\",\"position\":2,\"name\":\"Leisure\",\"item\":\"https:\/\/www.cleanlease.com\/fr\/leisure\/\"},{\"@type\":\"ListItem\",\"position\":3,\"name\":\"Linge de location\"}]},{\"@type\":\"WebSite\",\"@id\":\"https:\/\/www.cleanlease.com\/#website\",\"url\":\"https:\/\/www.cleanlease.com\/\",\"name\":\"CleanLease\",\"description\":\"Because we care\",\"potentialAction\":[{\"@type\":\"SearchAction\",\"target\":{\"@type\":\"EntryPoint\",\"urlTemplate\":\"https:\/\/www.cleanlease.com\/?s={search_term_string}\"},\"query-input\":{\"@type\":\"PropertyValueSpecification\",\"valueRequired\":true,\"valueName\":\"search_term_string\"}}],\"inLanguage\":\"fr-FR\"}]}<\/script>\n<!-- \/ Yoast SEO plugin. -->","yoast_head_json":{"title":"Location de linge pour h\u00e9bergements de loisirs | CleanLease","description":"Linge de location de haute qualit\u00e9 pour vos h\u00e9bergements touristiques, livr\u00e9 avec fiabilit\u00e9 et soin gr\u00e2ce au service CleanLease.","robots":{"index":"index","follow":"follow","max-snippet":"max-snippet:-1","max-image-preview":"max-image-preview:large","max-video-preview":"max-video-preview:-1"},"canonical":"https:\/\/www.cleanlease.com\/fr\/leisure\/linge-de-location\/","og_locale":"fr_FR","og_type":"article","og_title":"Location de linge pour h\u00e9bergements de loisirs | CleanLease","og_description":"Linge de location de haute qualit\u00e9 pour vos h\u00e9bergements touristiques, livr\u00e9 avec fiabilit\u00e9 et soin gr\u00e2ce au service CleanLease.","og_url":"https:\/\/www.cleanlease.com\/fr\/leisure\/linge-de-location\/","og_site_name":"CleanLease","article_modified_time":"2025-04-16T18:56:13+00:00","twitter_card":"summary_large_image","twitter_misc":{"Dur\u00e9e de lecture estim\u00e9e":"1 minute"},"schema":{"@context":"https:\/\/schema.org","@graph":[{"@type":"WebPage","@id":"https:\/\/www.cleanlease.com\/fr\/leisure\/linge-de-location\/","url":"https:\/\/www.cleanlease.com\/fr\/leisure\/linge-de-location\/","name":"Location de linge pour h\u00e9bergements de loisirs | CleanLease","isPartOf":{"@id":"https:\/\/www.cleanlease.com\/#website"},"datePublished":"2023-08-23T11:29:53+00:00","dateModified":"2025-04-16T18:56:13+00:00","description":"Linge de location de haute qualit\u00e9 pour vos h\u00e9bergements touristiques, livr\u00e9 avec fiabilit\u00e9 et soin gr\u00e2ce au service CleanLease.","breadcrumb":{"@id":"https:\/\/www.cleanlease.com\/fr\/leisure\/linge-de-location\/#breadcrumb"},"inLanguage":"fr-FR","potentialAction":[{"@type":"ReadAction","target":["https:\/\/www.cleanlease.com\/fr\/leisure\/linge-de-location\/"]}]},{"@type":"BreadcrumbList","@id":"https:\/\/www.cleanlease.com\/fr\/leisure\/linge-de-location\/#breadcrumb","itemListElement":[{"@type":"ListItem","position":1,"name":"Home","item":"https:\/\/www.cleanlease.com\/fr\/"},{"@type":"ListItem","position":2,"name":"Leisure","item":"https:\/\/www.cleanlease.com\/fr\/leisure\/"},{"@type":"ListItem","position":3,"name":"Linge de location"}]},{"@type":"WebSite","@id":"https:\/\/www.cleanlease.com\/#website","url":"https:\/\/www.cleanlease.com\/","name":"CleanLease","description":"Because we care","potentialAction":[{"@type":"SearchAction","target":{"@type":"EntryPoint","urlTemplate":"https:\/\/www.cleanlease.com\/?s={search_term_string}"},"query-input":{"@type":"PropertyValueSpecification","valueRequired":true,"valueName":"search_term_string"}}],"inLanguage":"fr-FR"}]}},"_links":{"self":[{"href":"https:\/\/www.cleanlease.com\/fr\/wp-json\/wp\/v2\/pages\/11256","targetHints":{"allow":["GET"]}}],"collection":[{"href":"https:\/\/www.cleanlease.com\/fr\/wp-json\/wp\/v2\/pages"}],"about":[{"href":"https:\/\/www.cleanlease.com\/fr\/wp-json\/wp\/v2\/types\/page"}],"author":[{"embeddable":true,"href":"https:\/\/www.cleanlease.com\/fr\/wp-json\/wp\/v2\/users\/5"}],"replies":[{"embeddable":true,"href":"https:\/\/www.cleanlease.com\/fr\/wp-json\/wp\/v2\/comments?post=11256"}],"version-history":[{"count":5,"href":"https:\/\/www.cleanlease.com\/fr\/wp-json\/wp\/v2\/pages\/11256\/revisions"}],"predecessor-version":[{"id":11988,"href":"https:\/\/www.cleanlease.com\/fr\/wp-json\/wp\/v2\/pages\/11256\/revisions\/11988"}],"up":[{"embeddable":true,"href":"https:\/\/www.cleanlease.com\/fr\/wp-json\/wp\/v2\/pages\/11252"}],"wp:attachment":[{"href":"https:\/\/www.cleanlease.com\/fr\/wp-json\/wp\/v2\/media?parent=11256"}],"curies":[{"name":"wp","href":"https:\/\/api.w.org\/{rel}","templated":true}]}}