{"id":11254,"date":"2023-09-05T12:01:32","date_gmt":"2023-09-05T12:01:32","guid":{"rendered":"https:\/\/www.cleanlease.com\/?page_id=11254"},"modified":"2025-04-16T18:54:12","modified_gmt":"2025-04-16T18:54:12","slug":"service-rideaux","status":"publish","type":"page","link":"https:\/\/www.cleanlease.com\/fr\/leisure\/service-rideaux\/","title":{"rendered":"Service rideaux"},"content":{"rendered":"\n<\/div>\n<div class=\"block simple-content   block-margin-top-normal block-margin-bottom-normal block-text-center\"\n        style=\"background-color:#f8f8f8\">\n    <div class=\"container small\">\n        <div class=\"row\">\n            <div class=\"col-12 \">\n                <div class=\"simple-content-container\">\n                    <div class=\"simple-content-intro\">\n                                                    <span class=\"tagline\">LEISURE<\/span>\n                                            <\/div>\n                    \n                        <h1><span data-contrast=\"none\">Service rideaux<\/span><\/h1>\n<p><span data-contrast=\"none\">Le service rideaux de CleanLease est une solution compl\u00e8te pour l\u2019entretien des rideaux de vos maisons de vacances. Ce service peut comprendre le lavage professionnel, un plan d\u2019entretien complet sur mesure, ainsi qu\u2019un flux logistique distinct r\u00e9pondant \u00e0 vos besoins. Notre service mobile permet de laver vos rideaux sur place et de les rependre 90 \u00e0 120 minutes apr\u00e8s leur nettoyage! <\/span><span data-ccp-props=\"{&quot;134233117&quot;:false,&quot;134233118&quot;:false,&quot;335559738&quot;:0,&quot;335559739&quot;:0}\">\u00a0<\/span><\/p>\n                        \n                                    <\/div>\n            <\/div>\n                    <\/div>\n    <\/div>\n<\/div>\n<div class=\"container\">\n\n\n\n<\/div>\n<div class=\"block simple-content position-left  block-margin-top-normal block-margin-bottom-normal block-text-left\"\n        style=\"background-color:#FFFFFF\">\n    <div class=\"container\">\n        <div class=\"row\">\n            <div class=\"col-12 col-lg-7 offset-lg-1\">\n                <div class=\"simple-content-container\">\n                    <div class=\"simple-content-intro\">\n                        <h2 class='block-title'>Rideaux (de s\u00e9paration) et voilage<\/h2>                    <\/div>\n                    \n                        <p><span data-contrast=\"none\">Sur la base de la fr\u00e9quence de lavage prescrite et de vos besoins, un planning annuel d\u2019entretien des rideaux est \u00e9tabli, suivant lequel un collaborateur attitr\u00e9 du service rideaux fournit divers services: \u202f<\/span><span data-ccp-props=\"{&quot;134233117&quot;:false,&quot;134233118&quot;:false,&quot;335559738&quot;:0,&quot;335559739&quot;:0}\">\u00a0<\/span><\/p>\n<ul>\n<li><span data-contrast=\"none\">Collecte et enregistrement des rideaux;\u202f\u202f<\/span><span data-ccp-props=\"{&quot;134233117&quot;:false,&quot;134233118&quot;:false,&quot;335559738&quot;:0,&quot;335559739&quot;:0}\">\u00a0<\/span><\/li>\n<li><span data-contrast=\"none\">R\u00e9paration des ourlets, plis et boutonni\u00e8res;\u202f\u202f<\/span><span data-ccp-props=\"{&quot;134233117&quot;:false,&quot;134233118&quot;:false,&quot;335559738&quot;:0,&quot;335559739&quot;:0}\">\u00a0<\/span><\/li>\n<li><span data-contrast=\"none\">Suspension directe des rideaux de lit propres;\u202f\u202f<\/span><span data-ccp-props=\"{&quot;134233117&quot;:false,&quot;134233118&quot;:false,&quot;335559738&quot;:0,&quot;335559739&quot;:0}\">\u00a0<\/span><\/li>\n<li>R\u00e9approvisionnement en crochets, glissi\u00e8res et but\u00e9es.<\/li>\n<\/ul>\n                        \n                                    <\/div>\n            <\/div>\n                            <div class=\"simple-content-media has-image\">\n                                            <img loading=\"lazy\" decoding=\"async\" width=\"1024\" height=\"1024\" src=\"https:\/\/www.cleanlease.com\/wp-content\/uploads\/2023\/10\/LEISURE13-1024x1024.png\" class=\"attachment-large size-large\" alt=\"\" srcset=\"https:\/\/www.cleanlease.com\/wp-content\/uploads\/2023\/10\/LEISURE13-1024x1024.png 1024w, https:\/\/www.cleanlease.com\/wp-content\/uploads\/2023\/10\/LEISURE13-300x300.png 300w, https:\/\/www.cleanlease.com\/wp-content\/uploads\/2023\/10\/LEISURE13-150x150.png 150w, https:\/\/www.cleanlease.com\/wp-content\/uploads\/2023\/10\/LEISURE13-768x768.png 768w, https:\/\/www.cleanlease.com\/wp-content\/uploads\/2023\/10\/LEISURE13-1536x1536.png 1536w, https:\/\/www.cleanlease.com\/wp-content\/uploads\/2023\/10\/LEISURE13.png 1667w\" sizes=\"auto, (max-width: 1024px) 100vw, 1024px\" \/>                                                        <\/div>\n                    <\/div>\n    <\/div>\n<\/div>\n<div class=\"container\">\n\n\n\n<\/div>\n<div class=\"block simple-content position-right  block-margin-top-normal block-margin-bottom-normal block-text-left\"\n        style=\"background-color:#FFFFFF\">\n    <div class=\"container\">\n        <div class=\"row\">\n            <div class=\"col-12 col-lg-7 \">\n                <div class=\"simple-content-container\">\n                    <div class=\"simple-content-intro\">\n                        <h2 class='block-title'>Stores \u00e0 lamelles<\/h2>                    <\/div>\n                    \n                        <p>Nous pouvons \u00e9galement entretenir les stores \u00e0 lamelles sur place. \u00c0 l\u2019aide d\u2019un appareil de nettoyage sp\u00e9cial, nous pouvons laver, s\u00e9cher et rependre vos stores en un jour. Les stores sont lav\u00e9s \u00e0 l\u2019aide d\u2019une technique de nettoyage \u00e0 ultrasons (bas\u00e9e sur les vibrations sonores).<\/p>\n                        \n                                    <\/div>\n            <\/div>\n                            <div class=\"simple-content-media has-image offset-lg-1\">\n                                            <img loading=\"lazy\" decoding=\"async\" width=\"1024\" height=\"1024\" src=\"https:\/\/www.cleanlease.com\/wp-content\/uploads\/2023\/10\/LEISURE32-1024x1024.png\" class=\"attachment-large size-large\" alt=\"\" srcset=\"https:\/\/www.cleanlease.com\/wp-content\/uploads\/2023\/10\/LEISURE32-1024x1024.png 1024w, https:\/\/www.cleanlease.com\/wp-content\/uploads\/2023\/10\/LEISURE32-300x300.png 300w, https:\/\/www.cleanlease.com\/wp-content\/uploads\/2023\/10\/LEISURE32-150x150.png 150w, https:\/\/www.cleanlease.com\/wp-content\/uploads\/2023\/10\/LEISURE32-768x768.png 768w, https:\/\/www.cleanlease.com\/wp-content\/uploads\/2023\/10\/LEISURE32-1536x1536.png 1536w, https:\/\/www.cleanlease.com\/wp-content\/uploads\/2023\/10\/LEISURE32.png 1667w\" sizes=\"auto, (max-width: 1024px) 100vw, 1024px\" \/>                                                        <\/div>\n                    <\/div>\n    <\/div>\n<\/div>\n<div class=\"container\">\n\n\n\n<\/div>\n<div class=\"block simple-content position-left  block-margin-top-normal block-margin-bottom-none block-text-left\"\n        style=\"background-color:#FFFFFF\">\n    <div class=\"container\">\n        <div class=\"row\">\n            <div class=\"col-12 col-lg-7 offset-lg-1\">\n                <div class=\"simple-content-container\">\n                    <div class=\"simple-content-intro\">\n                        <h2 class='block-title'>Technique RFID<\/h2>                    <\/div>\n                    \n                        <p>Lorsque vos rideaux ou voilages sont fournis avec votre linge ordinaire, ils sont pourvus d\u2019une puce RFID sp\u00e9ciale. Cette puce, ni visible ni perceptible, nous permet de savoir pr\u00e9cis\u00e9ment o\u00f9 se trouve chaque rideau. Nous veillons ainsi \u00e0 ce que chaque rideau soit replac\u00e9 \u00e0 l\u2019endroit ad\u00e9quat!<\/p>\n                        \n                                    <\/div>\n            <\/div>\n                            <div class=\"simple-content-media has-image\">\n                                            <img loading=\"lazy\" decoding=\"async\" width=\"1\" height=\"1\" src=\"https:\/\/www.cleanlease.com\/wp-content\/uploads\/2023\/08\/RFID-1.svg\" class=\"attachment-large size-large\" alt=\"\" \/>                                                        <\/div>\n                    <\/div>\n    <\/div>\n<\/div>\n<div class=\"container\">\n\n\n\n<div class=\"contact-location-block block  block-margin-top-none block-margin-bottom-none block-text-left\" >\n    <div class=\"row g-3\">\n        <div class=\"col-md-6 align-self-center\">\n            <div class=\"block-introduction\">\n                <h2>Contact<\/h2><p>Nous \u00e9tablissons une offre sur mesure bas\u00e9e sur vos besoins afin que vos rideaux restent toujours hygi\u00e9niques et parfaits. Vous souhaitez plus d\u2019informations sur notre service?<\/p>\n            <\/div>\n            <div class=\"content\">\n                <a class=\"btn btn-secondary\" href=\"https:\/\/www.cleanlease.com\/fr\/leisure\/#afspraak\" target=\"_self\"><span class=\"btn-text\">Cliquez ici pour prendre contact avec l\u2019un de nos conseillers<\/span><\/a>            <\/div>\n        <\/div>\n                <div class=\"col-md-6\">\n            <div class=\"image\">\n<!--                -->                <img loading=\"lazy\" decoding=\"async\" width=\"928\" height=\"1024\" src=\"https:\/\/www.cleanlease.com\/wp-content\/uploads\/2024\/01\/CL-landkaartNLBE-1-928x1024.png\" class=\"attachment-large size-large\" alt=\"\" srcset=\"https:\/\/www.cleanlease.com\/wp-content\/uploads\/2024\/01\/CL-landkaartNLBE-1-928x1024.png 928w, https:\/\/www.cleanlease.com\/wp-content\/uploads\/2024\/01\/CL-landkaartNLBE-1-272x300.png 272w, https:\/\/www.cleanlease.com\/wp-content\/uploads\/2024\/01\/CL-landkaartNLBE-1-768x847.png 768w, https:\/\/www.cleanlease.com\/wp-content\/uploads\/2024\/01\/CL-landkaartNLBE-1.png 969w\" sizes=\"auto, (max-width: 928px) 100vw, 928px\" \/>            <\/div>\n        <\/div>\n            <\/div>\n<\/div>\n","protected":false},"excerpt":{"rendered":"","protected":false},"author":5,"featured_media":0,"parent":11252,"menu_order":0,"comment_status":"closed","ping_status":"closed","template":"","meta":{"_acf_changed":false,"footnotes":""},"class_list":["post-11254","page","type-page","status-publish","hentry"],"acf":[],"yoast_head":"<!-- This site is optimized with the Yoast SEO plugin v26.8 - https:\/\/yoast.com\/product\/yoast-seo-wordpress\/ -->\n<title>Service rideaux pour espaces r\u00e9cr\u00e9atifs | CleanLease<\/title>\n<meta name=\"description\" content=\"Apportez fra\u00eecheur, propret\u00e9 et une touche soign\u00e9e \u00e0 vos espaces gr\u00e2ce \u00e0 notre service professionnel de rideaux adapt\u00e9 \u00e0 vos besoins.\" \/>\n<meta name=\"robots\" content=\"index, follow, max-snippet:-1, max-image-preview:large, max-video-preview:-1\" \/>\n<link rel=\"canonical\" href=\"https:\/\/www.cleanlease.com\/fr\/leisure\/service-rideaux\/\" \/>\n<meta property=\"og:locale\" content=\"fr_FR\" \/>\n<meta property=\"og:type\" content=\"article\" \/>\n<meta property=\"og:title\" content=\"Service rideaux pour espaces r\u00e9cr\u00e9atifs | CleanLease\" \/>\n<meta property=\"og:description\" content=\"Apportez fra\u00eecheur, propret\u00e9 et une touche soign\u00e9e \u00e0 vos espaces gr\u00e2ce \u00e0 notre service professionnel de rideaux adapt\u00e9 \u00e0 vos besoins.\" \/>\n<meta property=\"og:url\" content=\"https:\/\/www.cleanlease.com\/fr\/leisure\/service-rideaux\/\" \/>\n<meta property=\"og:site_name\" content=\"CleanLease\" \/>\n<meta property=\"article:modified_time\" content=\"2025-04-16T18:54:12+00:00\" \/>\n<meta name=\"twitter:card\" content=\"summary_large_image\" \/>\n<meta name=\"twitter:label1\" content=\"Dur\u00e9e de lecture estim\u00e9e\" \/>\n\t<meta name=\"twitter:data1\" content=\"1 minute\" \/>\n<script type=\"application\/ld+json\" class=\"yoast-schema-graph\">{\"@context\":\"https:\/\/schema.org\",\"@graph\":[{\"@type\":\"WebPage\",\"@id\":\"https:\/\/www.cleanlease.com\/fr\/leisure\/service-rideaux\/\",\"url\":\"https:\/\/www.cleanlease.com\/fr\/leisure\/service-rideaux\/\",\"name\":\"Service rideaux pour espaces r\u00e9cr\u00e9atifs | CleanLease\",\"isPartOf\":{\"@id\":\"https:\/\/www.cleanlease.com\/#website\"},\"datePublished\":\"2023-09-05T12:01:32+00:00\",\"dateModified\":\"2025-04-16T18:54:12+00:00\",\"description\":\"Apportez fra\u00eecheur, propret\u00e9 et une touche soign\u00e9e \u00e0 vos espaces gr\u00e2ce \u00e0 notre service professionnel de rideaux adapt\u00e9 \u00e0 vos besoins.\",\"breadcrumb\":{\"@id\":\"https:\/\/www.cleanlease.com\/fr\/leisure\/service-rideaux\/#breadcrumb\"},\"inLanguage\":\"fr-FR\",\"potentialAction\":[{\"@type\":\"ReadAction\",\"target\":[\"https:\/\/www.cleanlease.com\/fr\/leisure\/service-rideaux\/\"]}]},{\"@type\":\"BreadcrumbList\",\"@id\":\"https:\/\/www.cleanlease.com\/fr\/leisure\/service-rideaux\/#breadcrumb\",\"itemListElement\":[{\"@type\":\"ListItem\",\"position\":1,\"name\":\"Home\",\"item\":\"https:\/\/www.cleanlease.com\/fr\/\"},{\"@type\":\"ListItem\",\"position\":2,\"name\":\"Leisure\",\"item\":\"https:\/\/www.cleanlease.com\/fr\/leisure\/\"},{\"@type\":\"ListItem\",\"position\":3,\"name\":\"Service rideaux\"}]},{\"@type\":\"WebSite\",\"@id\":\"https:\/\/www.cleanlease.com\/#website\",\"url\":\"https:\/\/www.cleanlease.com\/\",\"name\":\"CleanLease\",\"description\":\"Because we care\",\"potentialAction\":[{\"@type\":\"SearchAction\",\"target\":{\"@type\":\"EntryPoint\",\"urlTemplate\":\"https:\/\/www.cleanlease.com\/?s={search_term_string}\"},\"query-input\":{\"@type\":\"PropertyValueSpecification\",\"valueRequired\":true,\"valueName\":\"search_term_string\"}}],\"inLanguage\":\"fr-FR\"}]}<\/script>\n<!-- \/ Yoast SEO plugin. -->","yoast_head_json":{"title":"Service rideaux pour espaces r\u00e9cr\u00e9atifs | CleanLease","description":"Apportez fra\u00eecheur, propret\u00e9 et une touche soign\u00e9e \u00e0 vos espaces gr\u00e2ce \u00e0 notre service professionnel de rideaux adapt\u00e9 \u00e0 vos besoins.","robots":{"index":"index","follow":"follow","max-snippet":"max-snippet:-1","max-image-preview":"max-image-preview:large","max-video-preview":"max-video-preview:-1"},"canonical":"https:\/\/www.cleanlease.com\/fr\/leisure\/service-rideaux\/","og_locale":"fr_FR","og_type":"article","og_title":"Service rideaux pour espaces r\u00e9cr\u00e9atifs | CleanLease","og_description":"Apportez fra\u00eecheur, propret\u00e9 et une touche soign\u00e9e \u00e0 vos espaces gr\u00e2ce \u00e0 notre service professionnel de rideaux adapt\u00e9 \u00e0 vos besoins.","og_url":"https:\/\/www.cleanlease.com\/fr\/leisure\/service-rideaux\/","og_site_name":"CleanLease","article_modified_time":"2025-04-16T18:54:12+00:00","twitter_card":"summary_large_image","twitter_misc":{"Dur\u00e9e de lecture estim\u00e9e":"1 minute"},"schema":{"@context":"https:\/\/schema.org","@graph":[{"@type":"WebPage","@id":"https:\/\/www.cleanlease.com\/fr\/leisure\/service-rideaux\/","url":"https:\/\/www.cleanlease.com\/fr\/leisure\/service-rideaux\/","name":"Service rideaux pour espaces r\u00e9cr\u00e9atifs | CleanLease","isPartOf":{"@id":"https:\/\/www.cleanlease.com\/#website"},"datePublished":"2023-09-05T12:01:32+00:00","dateModified":"2025-04-16T18:54:12+00:00","description":"Apportez fra\u00eecheur, propret\u00e9 et une touche soign\u00e9e \u00e0 vos espaces gr\u00e2ce \u00e0 notre service professionnel de rideaux adapt\u00e9 \u00e0 vos besoins.","breadcrumb":{"@id":"https:\/\/www.cleanlease.com\/fr\/leisure\/service-rideaux\/#breadcrumb"},"inLanguage":"fr-FR","potentialAction":[{"@type":"ReadAction","target":["https:\/\/www.cleanlease.com\/fr\/leisure\/service-rideaux\/"]}]},{"@type":"BreadcrumbList","@id":"https:\/\/www.cleanlease.com\/fr\/leisure\/service-rideaux\/#breadcrumb","itemListElement":[{"@type":"ListItem","position":1,"name":"Home","item":"https:\/\/www.cleanlease.com\/fr\/"},{"@type":"ListItem","position":2,"name":"Leisure","item":"https:\/\/www.cleanlease.com\/fr\/leisure\/"},{"@type":"ListItem","position":3,"name":"Service rideaux"}]},{"@type":"WebSite","@id":"https:\/\/www.cleanlease.com\/#website","url":"https:\/\/www.cleanlease.com\/","name":"CleanLease","description":"Because we care","potentialAction":[{"@type":"SearchAction","target":{"@type":"EntryPoint","urlTemplate":"https:\/\/www.cleanlease.com\/?s={search_term_string}"},"query-input":{"@type":"PropertyValueSpecification","valueRequired":true,"valueName":"search_term_string"}}],"inLanguage":"fr-FR"}]}},"_links":{"self":[{"href":"https:\/\/www.cleanlease.com\/fr\/wp-json\/wp\/v2\/pages\/11254","targetHints":{"allow":["GET"]}}],"collection":[{"href":"https:\/\/www.cleanlease.com\/fr\/wp-json\/wp\/v2\/pages"}],"about":[{"href":"https:\/\/www.cleanlease.com\/fr\/wp-json\/wp\/v2\/types\/page"}],"author":[{"embeddable":true,"href":"https:\/\/www.cleanlease.com\/fr\/wp-json\/wp\/v2\/users\/5"}],"replies":[{"embeddable":true,"href":"https:\/\/www.cleanlease.com\/fr\/wp-json\/wp\/v2\/comments?post=11254"}],"version-history":[{"count":9,"href":"https:\/\/www.cleanlease.com\/fr\/wp-json\/wp\/v2\/pages\/11254\/revisions"}],"predecessor-version":[{"id":12000,"href":"https:\/\/www.cleanlease.com\/fr\/wp-json\/wp\/v2\/pages\/11254\/revisions\/12000"}],"up":[{"embeddable":true,"href":"https:\/\/www.cleanlease.com\/fr\/wp-json\/wp\/v2\/pages\/11252"}],"wp:attachment":[{"href":"https:\/\/www.cleanlease.com\/fr\/wp-json\/wp\/v2\/media?parent=11254"}],"curies":[{"name":"wp","href":"https:\/\/api.w.org\/{rel}","templated":true}]}}