{"id":11248,"date":"2023-09-05T10:13:14","date_gmt":"2023-09-05T10:13:14","guid":{"rendered":"https:\/\/www.cleanlease.com\/?page_id=11248"},"modified":"2025-04-16T18:50:51","modified_gmt":"2025-04-16T18:50:51","slug":"service-lingerie","status":"publish","type":"page","link":"https:\/\/www.cleanlease.com\/fr\/cure\/service-lingerie\/","title":{"rendered":"Service lingerie"},"content":{"rendered":"\n<\/div>\n<div class=\"block simple-content position-left  block-margin-top-normal block-margin-bottom-normal block-text-left\"\n        style=\"background-color:#FFFFFF\">\n    <div class=\"container\">\n        <div class=\"row\">\n            <div class=\"col-12 col-lg-7 offset-lg-1\">\n                <div class=\"simple-content-container\">\n                    <div class=\"simple-content-intro\">\n                                                    <span class=\"tagline\">Cure<\/span>\n                        <h2 class='block-title'>Service lingerie (FITS)<\/h2>                    <\/div>\n                    \n                        <p>Nos solutions FITS (Fully Integrated Textile Services) sont sp\u00e9cialement con\u00e7ues pour les h\u00f4pitaux qui souhaitent externaliser la gestion int\u00e9grale des op\u00e9rations textiles logistiques et de lingerie. Toutes les op\u00e9rations logistiques sont prises en charge et organis\u00e9es sur place par un collaborateur FITS de CleanLease. Il s\u2019agit par exemple des comptages du stock, d\u2019un soutien pour la gestion du DAV et d\u2019une aide pour des t\u00e2ches ordinaires telles que la logistique interne du linge et l\u2019approvisionnement en linge. Nous pouvons m\u00eame proposer un soutien int\u00e9gral pour l\u2019organisation de votre DAV et la gestion des v\u00eatements.<\/p>\n<p>Si vous le souhaitez, le collaborateur FITS peut assurer de mani\u00e8re autonome la gestion de votre lingerie et analyser la consommation. Le collaborateur FITS est votre interlocuteur attitr\u00e9 au sein de l\u2019h\u00f4pital et fait office d\u2019interm\u00e9diaire avec notre organisation. Du chauffeur qui vient r\u00e9cup\u00e9rer et livrer le textile au service client\u00e8le en passant par la blanchisserie\u00a0: nous disposons d\u2019un v\u00e9ritable r\u00e9seau qui assure une prise en charge totale \u00e0 votre organisation.<\/p>\n<p>Pour la reprise des lingeries actuelles au sein de votre h\u00f4pital, nous \u00e9tablissons un plan de transition qui pr\u00e9voit un transfert des t\u00e2ches \u00e9tape par \u00e9tape, \u00e9tay\u00e9 par un calcul des co\u00fbts ouvert.<\/p>\n                        \n                                    <\/div>\n            <\/div>\n                            <div class=\"simple-content-media has-image\">\n                                            <img loading=\"lazy\" decoding=\"async\" width=\"800\" height=\"800\" src=\"https:\/\/www.cleanlease.com\/wp-content\/uploads\/2023\/11\/CURE-Linnenkamer-FITS2-1.png\" class=\"attachment-large size-large\" alt=\"\" srcset=\"https:\/\/www.cleanlease.com\/wp-content\/uploads\/2023\/11\/CURE-Linnenkamer-FITS2-1.png 800w, https:\/\/www.cleanlease.com\/wp-content\/uploads\/2023\/11\/CURE-Linnenkamer-FITS2-1-300x300.png 300w, https:\/\/www.cleanlease.com\/wp-content\/uploads\/2023\/11\/CURE-Linnenkamer-FITS2-1-150x150.png 150w, https:\/\/www.cleanlease.com\/wp-content\/uploads\/2023\/11\/CURE-Linnenkamer-FITS2-1-768x768.png 768w\" sizes=\"auto, (max-width: 800px) 100vw, 800px\" \/>                                                        <\/div>\n                    <\/div>\n    <\/div>\n<\/div>\n<div class=\"container\">\n\n\n\n<\/div>\n<div class=\"block simple-content   block-margin-top-normal block-margin-bottom-normal block-text-left\"\n        style=\"background-color:#FFFFFF\">\n    <div class=\"container\">\n        <div class=\"row\">\n            <div class=\"col-12 \">\n                <div class=\"simple-content-container\">\n                    <div class=\"simple-content-intro\">\n                                            <\/div>\n                    \n                        <h3>Les avantages de FITS :<\/h3>\n<p><strong>Vous avez un impact direct sur vos stocks. Les stocks sont r\u00e9duits d\u2019au moins 5-20 %, ce qui entra\u00eene une r\u00e9duction des co\u00fbts.<\/strong><\/p>\n<ul>\n<li><span data-contrast=\"none\">Gestion optimale des v\u00eatements, meilleure identification et moins de retours.\u202f\u202f \u202f<\/span><span data-ccp-props=\"{&quot;134233117&quot;:false,&quot;134233118&quot;:false,&quot;335559685&quot;:0,&quot;335559738&quot;:0,&quot;335559739&quot;:0}\">\u00a0<\/span><\/li>\n<li><span data-contrast=\"none\">Moins de plaintes et traitement plus rapide en cas de probl\u00e8me. Vous disposez d\u2019un interlocuteur attitr\u00e9 qui conna\u00eet le fonctionnement de votre organisation.<\/span><span data-ccp-props=\"{&quot;134233117&quot;:false,&quot;134233118&quot;:false,&quot;335559685&quot;:0,&quot;335559738&quot;:0,&quot;335559739&quot;:0}\">\u00a0<\/span><\/li>\n<li><span data-contrast=\"none\">Plus grande efficacit\u00e9 gr\u00e2ce \u00e0 la flexibilit\u00e9 et \u00e0 la diminution des frais de personnel. \u202f \u202f<\/span><span data-ccp-props=\"{&quot;134233117&quot;:false,&quot;134233118&quot;:false,&quot;335559685&quot;:0,&quot;335559738&quot;:0,&quot;335559739&quot;:0}\">\u00a0<\/span><\/li>\n<li><span data-contrast=\"none\">Dans certains cas, un collaborateur FITS remplace pas moins de deux collaborateurs de votre lingerie.<\/span><span data-ccp-props=\"{&quot;134233117&quot;:false,&quot;134233118&quot;:false,&quot;335559685&quot;:0,&quot;335559738&quot;:0,&quot;335559739&quot;:0}\">\u00a0<\/span><\/li>\n<li><span data-contrast=\"none\">En cas de manque de personnel, un collaborateur FITS peut \u00eatre mobilis\u00e9 temporairement pour renforcer votre \u00e9quipe.<\/span><span data-ccp-props=\"{&quot;134233117&quot;:false,&quot;134233118&quot;:false,&quot;335559685&quot;:0,&quot;335559738&quot;:0,&quot;335559739&quot;:0}\">\u00a0<\/span><\/li>\n<\/ul>\n<p><strong>Vous souhaitez \u00e9galement externaliser le processus chronophage de la gestion du textile ? Gagnez en efficacit\u00e9 ! N\u2019h\u00e9sitez pas \u00e0 prendre contact avec nous pour de plus amples d\u2019informations. Nos conseillers sont pr\u00eats \u00e0 vous aider.<\/strong><\/p>\n<p><strong>\u00a0<\/strong><\/p>\n                        \n                                    <\/div>\n            <\/div>\n                    <\/div>\n    <\/div>\n<\/div>\n<div class=\"container\">\n","protected":false},"excerpt":{"rendered":"","protected":false},"author":5,"featured_media":0,"parent":11240,"menu_order":0,"comment_status":"closed","ping_status":"closed","template":"","meta":{"_acf_changed":false,"footnotes":""},"class_list":["post-11248","page","type-page","status-publish","hentry"],"acf":[],"yoast_head":"<!-- This site is optimized with the Yoast SEO plugin v26.8 - https:\/\/yoast.com\/product\/yoast-seo-wordpress\/ -->\n<title>Service de lingerie pour h\u00f4pitaux | CleanLease<\/title>\n<meta name=\"description\" content=\"Un service de lingerie hospitali\u00e8re efficace et fiable, garantissant une gestion textile hygi\u00e9nique, rigoureuse et de qualit\u00e9.\" \/>\n<meta name=\"robots\" content=\"index, follow, max-snippet:-1, max-image-preview:large, max-video-preview:-1\" \/>\n<link rel=\"canonical\" href=\"https:\/\/www.cleanlease.com\/fr\/cure\/service-lingerie\/\" \/>\n<meta property=\"og:locale\" content=\"fr_FR\" \/>\n<meta property=\"og:type\" content=\"article\" \/>\n<meta property=\"og:title\" content=\"Service de lingerie pour h\u00f4pitaux | CleanLease\" \/>\n<meta property=\"og:description\" content=\"Un service de lingerie hospitali\u00e8re efficace et fiable, garantissant une gestion textile hygi\u00e9nique, rigoureuse et de qualit\u00e9.\" \/>\n<meta property=\"og:url\" content=\"https:\/\/www.cleanlease.com\/fr\/cure\/service-lingerie\/\" \/>\n<meta property=\"og:site_name\" content=\"CleanLease\" \/>\n<meta property=\"article:modified_time\" content=\"2025-04-16T18:50:51+00:00\" \/>\n<meta name=\"twitter:card\" content=\"summary_large_image\" \/>\n<script type=\"application\/ld+json\" class=\"yoast-schema-graph\">{\"@context\":\"https:\/\/schema.org\",\"@graph\":[{\"@type\":\"WebPage\",\"@id\":\"https:\/\/www.cleanlease.com\/fr\/cure\/service-lingerie\/\",\"url\":\"https:\/\/www.cleanlease.com\/fr\/cure\/service-lingerie\/\",\"name\":\"Service de lingerie pour h\u00f4pitaux | CleanLease\",\"isPartOf\":{\"@id\":\"https:\/\/www.cleanlease.com\/#website\"},\"datePublished\":\"2023-09-05T10:13:14+00:00\",\"dateModified\":\"2025-04-16T18:50:51+00:00\",\"description\":\"Un service de lingerie hospitali\u00e8re efficace et fiable, garantissant une gestion textile hygi\u00e9nique, rigoureuse et de qualit\u00e9.\",\"breadcrumb\":{\"@id\":\"https:\/\/www.cleanlease.com\/fr\/cure\/service-lingerie\/#breadcrumb\"},\"inLanguage\":\"fr-FR\",\"potentialAction\":[{\"@type\":\"ReadAction\",\"target\":[\"https:\/\/www.cleanlease.com\/fr\/cure\/service-lingerie\/\"]}]},{\"@type\":\"BreadcrumbList\",\"@id\":\"https:\/\/www.cleanlease.com\/fr\/cure\/service-lingerie\/#breadcrumb\",\"itemListElement\":[{\"@type\":\"ListItem\",\"position\":1,\"name\":\"Home\",\"item\":\"https:\/\/www.cleanlease.com\/fr\/\"},{\"@type\":\"ListItem\",\"position\":2,\"name\":\"Cure\",\"item\":\"https:\/\/www.cleanlease.com\/fr\/cure\/\"},{\"@type\":\"ListItem\",\"position\":3,\"name\":\"Service lingerie\"}]},{\"@type\":\"WebSite\",\"@id\":\"https:\/\/www.cleanlease.com\/#website\",\"url\":\"https:\/\/www.cleanlease.com\/\",\"name\":\"CleanLease\",\"description\":\"Because we care\",\"potentialAction\":[{\"@type\":\"SearchAction\",\"target\":{\"@type\":\"EntryPoint\",\"urlTemplate\":\"https:\/\/www.cleanlease.com\/?s={search_term_string}\"},\"query-input\":{\"@type\":\"PropertyValueSpecification\",\"valueRequired\":true,\"valueName\":\"search_term_string\"}}],\"inLanguage\":\"fr-FR\"}]}<\/script>\n<!-- \/ Yoast SEO plugin. -->","yoast_head_json":{"title":"Service de lingerie pour h\u00f4pitaux | CleanLease","description":"Un service de lingerie hospitali\u00e8re efficace et fiable, garantissant une gestion textile hygi\u00e9nique, rigoureuse et de qualit\u00e9.","robots":{"index":"index","follow":"follow","max-snippet":"max-snippet:-1","max-image-preview":"max-image-preview:large","max-video-preview":"max-video-preview:-1"},"canonical":"https:\/\/www.cleanlease.com\/fr\/cure\/service-lingerie\/","og_locale":"fr_FR","og_type":"article","og_title":"Service de lingerie pour h\u00f4pitaux | CleanLease","og_description":"Un service de lingerie hospitali\u00e8re efficace et fiable, garantissant une gestion textile hygi\u00e9nique, rigoureuse et de qualit\u00e9.","og_url":"https:\/\/www.cleanlease.com\/fr\/cure\/service-lingerie\/","og_site_name":"CleanLease","article_modified_time":"2025-04-16T18:50:51+00:00","twitter_card":"summary_large_image","schema":{"@context":"https:\/\/schema.org","@graph":[{"@type":"WebPage","@id":"https:\/\/www.cleanlease.com\/fr\/cure\/service-lingerie\/","url":"https:\/\/www.cleanlease.com\/fr\/cure\/service-lingerie\/","name":"Service de lingerie pour h\u00f4pitaux | CleanLease","isPartOf":{"@id":"https:\/\/www.cleanlease.com\/#website"},"datePublished":"2023-09-05T10:13:14+00:00","dateModified":"2025-04-16T18:50:51+00:00","description":"Un service de lingerie hospitali\u00e8re efficace et fiable, garantissant une gestion textile hygi\u00e9nique, rigoureuse et de qualit\u00e9.","breadcrumb":{"@id":"https:\/\/www.cleanlease.com\/fr\/cure\/service-lingerie\/#breadcrumb"},"inLanguage":"fr-FR","potentialAction":[{"@type":"ReadAction","target":["https:\/\/www.cleanlease.com\/fr\/cure\/service-lingerie\/"]}]},{"@type":"BreadcrumbList","@id":"https:\/\/www.cleanlease.com\/fr\/cure\/service-lingerie\/#breadcrumb","itemListElement":[{"@type":"ListItem","position":1,"name":"Home","item":"https:\/\/www.cleanlease.com\/fr\/"},{"@type":"ListItem","position":2,"name":"Cure","item":"https:\/\/www.cleanlease.com\/fr\/cure\/"},{"@type":"ListItem","position":3,"name":"Service lingerie"}]},{"@type":"WebSite","@id":"https:\/\/www.cleanlease.com\/#website","url":"https:\/\/www.cleanlease.com\/","name":"CleanLease","description":"Because we care","potentialAction":[{"@type":"SearchAction","target":{"@type":"EntryPoint","urlTemplate":"https:\/\/www.cleanlease.com\/?s={search_term_string}"},"query-input":{"@type":"PropertyValueSpecification","valueRequired":true,"valueName":"search_term_string"}}],"inLanguage":"fr-FR"}]}},"_links":{"self":[{"href":"https:\/\/www.cleanlease.com\/fr\/wp-json\/wp\/v2\/pages\/11248","targetHints":{"allow":["GET"]}}],"collection":[{"href":"https:\/\/www.cleanlease.com\/fr\/wp-json\/wp\/v2\/pages"}],"about":[{"href":"https:\/\/www.cleanlease.com\/fr\/wp-json\/wp\/v2\/types\/page"}],"author":[{"embeddable":true,"href":"https:\/\/www.cleanlease.com\/fr\/wp-json\/wp\/v2\/users\/5"}],"replies":[{"embeddable":true,"href":"https:\/\/www.cleanlease.com\/fr\/wp-json\/wp\/v2\/comments?post=11248"}],"version-history":[{"count":3,"href":"https:\/\/www.cleanlease.com\/fr\/wp-json\/wp\/v2\/pages\/11248\/revisions"}],"predecessor-version":[{"id":11883,"href":"https:\/\/www.cleanlease.com\/fr\/wp-json\/wp\/v2\/pages\/11248\/revisions\/11883"}],"up":[{"embeddable":true,"href":"https:\/\/www.cleanlease.com\/fr\/wp-json\/wp\/v2\/pages\/11240"}],"wp:attachment":[{"href":"https:\/\/www.cleanlease.com\/fr\/wp-json\/wp\/v2\/media?parent=11248"}],"curies":[{"name":"wp","href":"https:\/\/api.w.org\/{rel}","templated":true}]}}