{"id":11246,"date":"2023-09-05T11:48:00","date_gmt":"2023-09-05T11:48:00","guid":{"rendered":"https:\/\/www.cleanlease.com\/?page_id=11246"},"modified":"2025-04-16T18:50:02","modified_gmt":"2025-04-16T18:50:02","slug":"linge-de-location","status":"publish","type":"page","link":"https:\/\/www.cleanlease.com\/fr\/cure\/linge-de-location\/","title":{"rendered":"Linge de location"},"content":{"rendered":"\n<\/div>\n<div class=\"block simple-content   block-margin-top-normal block-margin-bottom-normal block-text-center\"\n        style=\"background-color:#f8f8f8\">\n    <div class=\"container\">\n        <div class=\"row\">\n            <div class=\"col-12 \">\n                <div class=\"simple-content-container\">\n                    <div class=\"simple-content-intro\">\n                        <h1 class='block-title'>Linge de location<\/h1>                    <\/div>\n                    \n                        <p>Vos patients se sentent mieux et plus \u00e0 l\u2019aise dans un environnement qu\u2019ils per\u00e7oivent comme hygi\u00e9nique et propre. Le lavage du linge est un \u00e9l\u00e9ment crucial \u00e0 cet \u00e9gard. Un lit propre et frais permet aux patients de se sentir bien pendant leur s\u00e9jour dans votre institution de soins. Nous garantissons du linge (de location) s\u00fbr et de qualit\u00e9 sup\u00e9rieure qui est aussi particuli\u00e8rement durable. Nous veillons \u00e0 ce que vous disposiez \u00e0 tout moment d\u2019un stock de textile suffisant, adapt\u00e9 \u00e0 l\u2019utilisation effective. En outre, nos huit sites sp\u00e9cialis\u00e9s assurent la continuit\u00e9 de la rotation de votre textile.<\/p>\n<p>Outre le linge de bain et de lit, nous pouvons \u00e9galement assurer l\u2019entretien de votre textile de cuisine et vos <a href=\"https:\/\/cleanlease.com\/fr\/cure\/vetements-de-service\/\">v\u00eatements de service<\/a>.<\/p>\n                        \n                                    <\/div>\n            <\/div>\n                    <\/div>\n    <\/div>\n<\/div>\n<div class=\"container\">\n\n\n\n<\/div>\n<div class=\"block simple-content position-right  block-margin-top-normal block-margin-bottom-normal block-text-left\"\n        style=\"background-color:#FFFFFF\">\n    <div class=\"container\">\n        <div class=\"row\">\n            <div class=\"col-12 col-lg-7 \">\n                <div class=\"simple-content-container\">\n                    <div class=\"simple-content-intro\">\n                        <h2 class='block-title'>Livraisons standard<\/h2>                    <\/div>\n                    \n                        <p>Le linge de location fait l\u2019objet de livraisons standard. Il s\u2019agit de quantit\u00e9 fixes de textile par article, par d\u00e9partement et par jour de livraison. Lorsque vous devenez client, nous \u00e9tablissons ou reprenons votre consommation actuelle de linge de lit, de bain et de maison ainsi que le protocole de changement du linge. Dans ce cadre, le niveau des besoins des clients des diff\u00e9rents d\u00e9partements en termes de soins est bien entendu pris en compte.<\/p>\n<p>Nous d\u00e9finissons les livraisons standard sur la base du protocole de changement du linge de lit et de bain. Afin de ma\u00eetriser les stocks, et donc les co\u00fbts, un comptage du stock est effectu\u00e9 chaque semaine, un jour fixe. Cette t\u00e2che ne prend que quelques minutes \u00e0 votre organisation. Bien entendu, outre l\u2019annulation de la commande d\u2019articles, il est \u00e9galement possible de commander des articles suppl\u00e9mentaires en suivant la m\u00eame proc\u00e9dure. Lors de la livraison, les d\u00e9partements re\u00e7oivent un bon de livraison indiquant le nom du site, le d\u00e9partement, le centre de co\u00fbts et les quantit\u00e9s livr\u00e9es. Une m\u00e9thode claire et transparente!<\/p>\n                        \n                                    <\/div>\n            <\/div>\n                            <div class=\"simple-content-media has-image offset-lg-1\">\n                                            <img loading=\"lazy\" decoding=\"async\" width=\"1024\" height=\"942\" src=\"https:\/\/www.cleanlease.com\/wp-content\/uploads\/2023\/10\/cleanlease-screen-1-1024x942.png\" class=\"attachment-large size-large\" alt=\"\" srcset=\"https:\/\/www.cleanlease.com\/wp-content\/uploads\/2023\/10\/cleanlease-screen-1-1024x942.png 1024w, https:\/\/www.cleanlease.com\/wp-content\/uploads\/2023\/10\/cleanlease-screen-1-300x276.png 300w, https:\/\/www.cleanlease.com\/wp-content\/uploads\/2023\/10\/cleanlease-screen-1-768x706.png 768w, https:\/\/www.cleanlease.com\/wp-content\/uploads\/2023\/10\/cleanlease-screen-1-1536x1412.png 1536w, https:\/\/www.cleanlease.com\/wp-content\/uploads\/2023\/10\/cleanlease-screen-1-2048x1883.png 2048w\" sizes=\"auto, (max-width: 1024px) 100vw, 1024px\" \/>                                                        <\/div>\n                    <\/div>\n    <\/div>\n<\/div>\n<div class=\"container\">\n\n\n\n<\/div>\n<div class=\"block simple-content   block-margin-top-normal block-margin-bottom-large block-text-left\"\n        style=\"background-color:#FFFFFF\">\n    <div class=\"container\">\n        <div class=\"row\">\n            <div class=\"col-12 \">\n                <div class=\"simple-content-container\">\n                    <div class=\"simple-content-intro\">\n                        <h2 class='block-title'>Comptages par internet<\/h2>                    <\/div>\n                    \n                        <p><span data-contrast=\"none\">La communication des comptages du stock se fait \u00e0 l\u2019aide d\u2019un module de gestion des stocks (avec comptage par internet) ou de l\u2019application de comptage. Les articles qui peuvent \u00eatre livr\u00e9s et donc compt\u00e9s sont d\u00e9finis \u00e0 l\u2019avance par d\u00e9partement.<\/span><span data-ccp-props=\"{&quot;134233117&quot;:false,&quot;134233118&quot;:false,&quot;335559738&quot;:0,&quot;335559739&quot;:240}\">\u00a0<\/span><\/p>\n<p><b><span data-contrast=\"none\">Le comptage par internet pr\u00e9sente des avantages importants:<\/span><\/b><\/p>\n<ul>\n<li><span data-contrast=\"none\">Il ne d\u00e9pend pas d\u2019une seule personne, mais peut \u00eatre d\u00e9centralis\u00e9 en interne.<\/span><span data-ccp-props=\"{&quot;134233117&quot;:false,&quot;134233118&quot;:false,&quot;335559738&quot;:0,&quot;335559739&quot;:0}\">\u00a0<\/span><\/li>\n<li><span data-contrast=\"none\">Les comptages peuvent \u00eatre communiqu\u00e9s \u00e0 partir de tout poste de travail disposant d\u2019une connexion internet.<\/span><\/li>\n<li><span data-contrast=\"none\">Ce service est disponible 24 heures sur 24, 7 jours sur 7.<\/span><\/li>\n<li><span data-contrast=\"none\">Les donn\u00e9es sont saisies directement dans le syst\u00e8me logiciel de la blanchisserie. Il n\u2019est donc plus n\u00e9cessaire de r\u00e9introduire manuellement les donn\u00e9es, ce qui r\u00e9duit le risque d\u2019erreur.<\/span><span data-ccp-props=\"{&quot;134233117&quot;:false,&quot;134233118&quot;:false,&quot;335559738&quot;:0,&quot;335559739&quot;:240}\">\u00a0<\/span><\/li>\n<\/ul>\n                        \n                                    <\/div>\n            <\/div>\n                    <\/div>\n    <\/div>\n<\/div>\n<div class=\"container\">\n\n\n\n<\/div>\n<div class=\"block simple-content position-left  block-margin-top-large block-margin-bottom-none block-text-left\"\n        style=\"background-color:#FFFFFF\">\n    <div class=\"container\">\n        <div class=\"row\">\n            <div class=\"col-12 col-lg-7 offset-lg-1\">\n                <div class=\"simple-content-container\">\n                    <div class=\"simple-content-intro\">\n                        <h2 class='block-title'>Informations de gestion<\/h2>                    <\/div>\n                    \n                        <p><span data-contrast=\"none\">Gr\u00e2ce \u00e0 la puce RFID, il est possible de suivre tous les textiles de votre organisation. Un portail sp\u00e9cifique indique o\u00f9 se trouvent les textiles et depuis combien de temps ils se trouvent \u00e0 un endroit donn\u00e9. Cela vous permet d\u2019avoir une vue d&rsquo;ensemble des co\u00fbts et de la consommation. \u00a0<\/span><\/p>\n                        \n                                    <\/div>\n            <\/div>\n                            <div class=\"simple-content-media has-image\">\n                                            <img loading=\"lazy\" decoding=\"async\" width=\"1\" height=\"1\" src=\"https:\/\/www.cleanlease.com\/wp-content\/uploads\/2023\/08\/RFID-1.svg\" class=\"attachment-large size-large\" alt=\"\" \/>                                                        <\/div>\n                    <\/div>\n    <\/div>\n<\/div>\n<div class=\"container\">\n\n\n\n<p><\/p>\n","protected":false},"excerpt":{"rendered":"","protected":false},"author":5,"featured_media":0,"parent":11240,"menu_order":0,"comment_status":"closed","ping_status":"closed","template":"","meta":{"_acf_changed":false,"footnotes":""},"class_list":["post-11246","page","type-page","status-publish","hentry"],"acf":[],"yoast_head":"<!-- This site is optimized with the Yoast SEO plugin v26.8 - https:\/\/yoast.com\/product\/yoast-seo-wordpress\/ -->\n<title>Location de linge m\u00e9dical | CleanLease<\/title>\n<meta name=\"description\" content=\"Faites confiance \u00e0 CleanLease pour du linge m\u00e9dical de qualit\u00e9 \u2013 hygi\u00e9nique, confortable et livr\u00e9 avec fiabilit\u00e9.\" \/>\n<meta name=\"robots\" content=\"index, follow, max-snippet:-1, max-image-preview:large, max-video-preview:-1\" \/>\n<link rel=\"canonical\" href=\"https:\/\/www.cleanlease.com\/fr\/cure\/linge-de-location\/\" \/>\n<meta property=\"og:locale\" content=\"fr_FR\" \/>\n<meta property=\"og:type\" content=\"article\" \/>\n<meta property=\"og:title\" content=\"Location de linge m\u00e9dical | CleanLease\" \/>\n<meta property=\"og:description\" content=\"Faites confiance \u00e0 CleanLease pour du linge m\u00e9dical de qualit\u00e9 \u2013 hygi\u00e9nique, confortable et livr\u00e9 avec fiabilit\u00e9.\" \/>\n<meta property=\"og:url\" content=\"https:\/\/www.cleanlease.com\/fr\/cure\/linge-de-location\/\" \/>\n<meta property=\"og:site_name\" content=\"CleanLease\" \/>\n<meta property=\"article:modified_time\" content=\"2025-04-16T18:50:02+00:00\" \/>\n<meta name=\"twitter:card\" content=\"summary_large_image\" \/>\n<script type=\"application\/ld+json\" class=\"yoast-schema-graph\">{\"@context\":\"https:\/\/schema.org\",\"@graph\":[{\"@type\":\"WebPage\",\"@id\":\"https:\/\/www.cleanlease.com\/fr\/cure\/linge-de-location\/\",\"url\":\"https:\/\/www.cleanlease.com\/fr\/cure\/linge-de-location\/\",\"name\":\"Location de linge m\u00e9dical | CleanLease\",\"isPartOf\":{\"@id\":\"https:\/\/www.cleanlease.com\/#website\"},\"datePublished\":\"2023-09-05T11:48:00+00:00\",\"dateModified\":\"2025-04-16T18:50:02+00:00\",\"description\":\"Faites confiance \u00e0 CleanLease pour du linge m\u00e9dical de qualit\u00e9 \u2013 hygi\u00e9nique, confortable et livr\u00e9 avec fiabilit\u00e9.\",\"breadcrumb\":{\"@id\":\"https:\/\/www.cleanlease.com\/fr\/cure\/linge-de-location\/#breadcrumb\"},\"inLanguage\":\"fr-FR\",\"potentialAction\":[{\"@type\":\"ReadAction\",\"target\":[\"https:\/\/www.cleanlease.com\/fr\/cure\/linge-de-location\/\"]}]},{\"@type\":\"BreadcrumbList\",\"@id\":\"https:\/\/www.cleanlease.com\/fr\/cure\/linge-de-location\/#breadcrumb\",\"itemListElement\":[{\"@type\":\"ListItem\",\"position\":1,\"name\":\"Home\",\"item\":\"https:\/\/www.cleanlease.com\/fr\/\"},{\"@type\":\"ListItem\",\"position\":2,\"name\":\"Cure\",\"item\":\"https:\/\/www.cleanlease.com\/fr\/cure\/\"},{\"@type\":\"ListItem\",\"position\":3,\"name\":\"Linge de location\"}]},{\"@type\":\"WebSite\",\"@id\":\"https:\/\/www.cleanlease.com\/#website\",\"url\":\"https:\/\/www.cleanlease.com\/\",\"name\":\"CleanLease\",\"description\":\"Because we care\",\"potentialAction\":[{\"@type\":\"SearchAction\",\"target\":{\"@type\":\"EntryPoint\",\"urlTemplate\":\"https:\/\/www.cleanlease.com\/?s={search_term_string}\"},\"query-input\":{\"@type\":\"PropertyValueSpecification\",\"valueRequired\":true,\"valueName\":\"search_term_string\"}}],\"inLanguage\":\"fr-FR\"}]}<\/script>\n<!-- \/ Yoast SEO plugin. -->","yoast_head_json":{"title":"Location de linge m\u00e9dical | CleanLease","description":"Faites confiance \u00e0 CleanLease pour du linge m\u00e9dical de qualit\u00e9 \u2013 hygi\u00e9nique, confortable et livr\u00e9 avec fiabilit\u00e9.","robots":{"index":"index","follow":"follow","max-snippet":"max-snippet:-1","max-image-preview":"max-image-preview:large","max-video-preview":"max-video-preview:-1"},"canonical":"https:\/\/www.cleanlease.com\/fr\/cure\/linge-de-location\/","og_locale":"fr_FR","og_type":"article","og_title":"Location de linge m\u00e9dical | CleanLease","og_description":"Faites confiance \u00e0 CleanLease pour du linge m\u00e9dical de qualit\u00e9 \u2013 hygi\u00e9nique, confortable et livr\u00e9 avec fiabilit\u00e9.","og_url":"https:\/\/www.cleanlease.com\/fr\/cure\/linge-de-location\/","og_site_name":"CleanLease","article_modified_time":"2025-04-16T18:50:02+00:00","twitter_card":"summary_large_image","schema":{"@context":"https:\/\/schema.org","@graph":[{"@type":"WebPage","@id":"https:\/\/www.cleanlease.com\/fr\/cure\/linge-de-location\/","url":"https:\/\/www.cleanlease.com\/fr\/cure\/linge-de-location\/","name":"Location de linge m\u00e9dical | CleanLease","isPartOf":{"@id":"https:\/\/www.cleanlease.com\/#website"},"datePublished":"2023-09-05T11:48:00+00:00","dateModified":"2025-04-16T18:50:02+00:00","description":"Faites confiance \u00e0 CleanLease pour du linge m\u00e9dical de qualit\u00e9 \u2013 hygi\u00e9nique, confortable et livr\u00e9 avec fiabilit\u00e9.","breadcrumb":{"@id":"https:\/\/www.cleanlease.com\/fr\/cure\/linge-de-location\/#breadcrumb"},"inLanguage":"fr-FR","potentialAction":[{"@type":"ReadAction","target":["https:\/\/www.cleanlease.com\/fr\/cure\/linge-de-location\/"]}]},{"@type":"BreadcrumbList","@id":"https:\/\/www.cleanlease.com\/fr\/cure\/linge-de-location\/#breadcrumb","itemListElement":[{"@type":"ListItem","position":1,"name":"Home","item":"https:\/\/www.cleanlease.com\/fr\/"},{"@type":"ListItem","position":2,"name":"Cure","item":"https:\/\/www.cleanlease.com\/fr\/cure\/"},{"@type":"ListItem","position":3,"name":"Linge de location"}]},{"@type":"WebSite","@id":"https:\/\/www.cleanlease.com\/#website","url":"https:\/\/www.cleanlease.com\/","name":"CleanLease","description":"Because we care","potentialAction":[{"@type":"SearchAction","target":{"@type":"EntryPoint","urlTemplate":"https:\/\/www.cleanlease.com\/?s={search_term_string}"},"query-input":{"@type":"PropertyValueSpecification","valueRequired":true,"valueName":"search_term_string"}}],"inLanguage":"fr-FR"}]}},"_links":{"self":[{"href":"https:\/\/www.cleanlease.com\/fr\/wp-json\/wp\/v2\/pages\/11246","targetHints":{"allow":["GET"]}}],"collection":[{"href":"https:\/\/www.cleanlease.com\/fr\/wp-json\/wp\/v2\/pages"}],"about":[{"href":"https:\/\/www.cleanlease.com\/fr\/wp-json\/wp\/v2\/types\/page"}],"author":[{"embeddable":true,"href":"https:\/\/www.cleanlease.com\/fr\/wp-json\/wp\/v2\/users\/5"}],"replies":[{"embeddable":true,"href":"https:\/\/www.cleanlease.com\/fr\/wp-json\/wp\/v2\/comments?post=11246"}],"version-history":[{"count":3,"href":"https:\/\/www.cleanlease.com\/fr\/wp-json\/wp\/v2\/pages\/11246\/revisions"}],"predecessor-version":[{"id":11881,"href":"https:\/\/www.cleanlease.com\/fr\/wp-json\/wp\/v2\/pages\/11246\/revisions\/11881"}],"up":[{"embeddable":true,"href":"https:\/\/www.cleanlease.com\/fr\/wp-json\/wp\/v2\/pages\/11240"}],"wp:attachment":[{"href":"https:\/\/www.cleanlease.com\/fr\/wp-json\/wp\/v2\/media?parent=11246"}],"curies":[{"name":"wp","href":"https:\/\/api.w.org\/{rel}","templated":true}]}}