{"id":11242,"date":"2023-07-03T12:29:18","date_gmt":"2023-07-03T12:29:18","guid":{"rendered":"https:\/\/www.cleanlease.com\/?page_id=11242"},"modified":"2025-04-16T18:47:50","modified_gmt":"2025-04-16T18:47:50","slug":"vetements-de-travail-durables-pour-les-soins-de-sante-cleanlease","status":"publish","type":"page","link":"https:\/\/www.cleanlease.com\/fr\/cure\/vetements-de-travail-durables-pour-les-soins-de-sante-cleanlease\/","title":{"rendered":"V\u00eatements de service"},"content":{"rendered":"\n<\/div>\n<div class=\"block simple-content   block-margin-top-normal block-margin-bottom-normal block-text-center\"\n        style=\"background-color:#f8f8f8\">\n    <div class=\"container small\">\n        <div class=\"row\">\n            <div class=\"col-12 \">\n                <div class=\"simple-content-container\">\n                    <div class=\"simple-content-intro\">\n                        <h1 class='block-title'>V\u00eatements de service<\/h1>                    <\/div>\n                    \n                        <p>Nous sommes \u00e9galement votre partenaire pour l\u2019entretien de vos v\u00eatements de service ! Nous pr\u00f4nons une gestion innovante et une qualit\u00e9 constante. Nos nombreuses ann\u00e9es d\u2019exp\u00e9rience nous permettent d\u2019assurer mieux que quiconque un entretien efficace de vos v\u00eatements. Nous garantissons une disponibilit\u00e9 optimale afin que vous n\u2019ayez plus \u00e0 vous en pr\u00e9occuper. Nous r\u00e9duisons ainsi vos co\u00fbts. Vous pouvez \u00e9galement opter pour notre pool de v\u00eatements. Nous achetons en plus grande quantit\u00e9 et maintenons les prix bas. Bref, gr\u00e2ce \u00e0 nos solutions intelligentes, nous vous proposons toujours les meilleures conditions!<\/p>\n                        \n                                    <\/div>\n            <\/div>\n                    <\/div>\n    <\/div>\n<\/div>\n<div class=\"container\">\n\n\n\n<\/div>\n<div class=\"block simple-content position-left  block-margin-top-normal block-margin-bottom-normal block-text-left\"\n        style=\"background-color:#FFFFFF\">\n    <div class=\"container\">\n        <div class=\"row\">\n            <div class=\"col-12 col-lg-7 offset-lg-1\">\n                <div class=\"simple-content-container\">\n                    <div class=\"simple-content-intro\">\n                                            <\/div>\n                    \n                        <p><strong>Nos ensembles m\u00e9dicaux Eco r\u00e9pondent \u00e0 toutes les exigences et qualifications d\u00e9finies dans la norme EN13795, notamment:\u202f <\/strong><\/p>\n<ul>\n<li><span data-contrast=\"none\">Faible teneur en particules et peluches;\u202f<\/span><span data-ccp-props=\"{&quot;134233117&quot;:false,&quot;134233118&quot;:false,&quot;335559685&quot;:1080,&quot;335559731&quot;:0,&quot;335559738&quot;:0,&quot;335559739&quot;:0}\">\u00a0<\/span><\/li>\n<li><span data-contrast=\"none\">Tissu en microfilaments;\u202f<\/span><span data-ccp-props=\"{&quot;134233117&quot;:false,&quot;134233118&quot;:false,&quot;335559685&quot;:1080,&quot;335559731&quot;:0,&quot;335559738&quot;:0,&quot;335559739&quot;:0}\">\u00a0<\/span><\/li>\n<li><span data-contrast=\"none\">Mat\u00e9riau durable et r\u00e9sistant;\u202f<\/span><span data-ccp-props=\"{&quot;134233117&quot;:false,&quot;134233118&quot;:false,&quot;335559685&quot;:1080,&quot;335559731&quot;:0,&quot;335559738&quot;:0,&quot;335559739&quot;:0}\">\u00a0<\/span><\/li>\n<li><span data-contrast=\"none\">Mat\u00e9riau respirant et tissu souple;\u202f<\/span><span data-ccp-props=\"{&quot;134233117&quot;:false,&quot;134233118&quot;:false,&quot;335559685&quot;:1080,&quot;335559731&quot;:0,&quot;335559738&quot;:0,&quot;335559739&quot;:0}\">\u00a0<\/span><\/li>\n<li><span data-contrast=\"none\">Antistatique et thermodynamique;\u202f<\/span><span data-ccp-props=\"{&quot;134233117&quot;:false,&quot;134233118&quot;:false,&quot;335559685&quot;:1080,&quot;335559731&quot;:0,&quot;335559738&quot;:0,&quot;335559739&quot;:0}\">\u00a0<\/span><\/li>\n<li><span data-contrast=\"none\">Faible degr\u00e9 d\u2019inflammabilit\u00e9;\u202f<\/span><span data-ccp-props=\"{&quot;134233117&quot;:false,&quot;134233118&quot;:false,&quot;335559685&quot;:1080,&quot;335559731&quot;:0,&quot;335559738&quot;:0,&quot;335559739&quot;:0}\">\u00a0<\/span><\/li>\n<li>Marquage CE.<\/li>\n<\/ul>\n<p><span data-contrast=\"none\"><br \/>\nNotre gestion des v\u00eatements garantit une composition optimale de l\u2019ensemble de v\u00eatements de votre h\u00f4pital. Sur la base des informations de gestion, notre account manager vise proactivement le meilleur service au co\u00fbt le plus bas.<\/span><\/p>\n                        \n                                    <\/div>\n            <\/div>\n                            <div class=\"simple-content-media has-image\">\n                                            <img loading=\"lazy\" decoding=\"async\" width=\"690\" height=\"1024\" src=\"https:\/\/www.cleanlease.com\/wp-content\/uploads\/2023\/10\/Eco-Medisuit-scaled-e1743585547155-690x1024.jpg\" class=\"attachment-large size-large\" alt=\"\" srcset=\"https:\/\/www.cleanlease.com\/wp-content\/uploads\/2023\/10\/Eco-Medisuit-scaled-e1743585547155-690x1024.jpg 690w, https:\/\/www.cleanlease.com\/wp-content\/uploads\/2023\/10\/Eco-Medisuit-scaled-e1743585547155-202x300.jpg 202w, https:\/\/www.cleanlease.com\/wp-content\/uploads\/2023\/10\/Eco-Medisuit-scaled-e1743585547155-768x1140.jpg 768w, https:\/\/www.cleanlease.com\/wp-content\/uploads\/2023\/10\/Eco-Medisuit-scaled-e1743585547155-1035x1536.jpg 1035w, https:\/\/www.cleanlease.com\/wp-content\/uploads\/2023\/10\/Eco-Medisuit-scaled-e1743585547155-1380x2048.jpg 1380w, https:\/\/www.cleanlease.com\/wp-content\/uploads\/2023\/10\/Eco-Medisuit-scaled-e1743585547155.jpg 1664w\" sizes=\"auto, (max-width: 690px) 100vw, 690px\" \/>                                                        <\/div>\n                    <\/div>\n    <\/div>\n<\/div>\n<div class=\"container\">\n\n\n\n<\/div>\n<div class=\"block simple-content position-right  block-margin-top-normal block-margin-bottom-normal block-text-left\"\n        style=\"background-color:#FFFFFF\">\n    <div class=\"container\">\n        <div class=\"row\">\n            <div class=\"col-12 col-lg-7 \">\n                <div class=\"simple-content-container\">\n                    <div class=\"simple-content-intro\">\n                        <h2 class='block-title'>Focus permanent sur les possibilit\u00e9s d\u2019am\u00e9lioration<\/h2>                    <\/div>\n                    \n                        <p><span data-contrast=\"none\">La gestion active des v\u00eatements implique entre autres que nous accordons une attention particuli\u00e8re aux excellentes performances du DAV dans votre h\u00f4pital. \u00c0 cette fin, nous effectuons une analyse de la performance tous les trois mois. Sur la base de cette analyse, vous recevez p\u00e9riodiquement nos conseils sur les aspects suivants:\u202f<\/span><span data-ccp-props=\"{&quot;134233117&quot;:false,&quot;134233118&quot;:false,&quot;335559738&quot;:0,&quot;335559739&quot;:0}\">\u00a0<\/span><\/p>\n<ul>\n<li><span data-contrast=\"none\">Mise en circulation de plus ou moins de v\u00eatements;\u202f<\/span><span data-ccp-props=\"{&quot;134233117&quot;:false,&quot;134233118&quot;:false,&quot;335559685&quot;:1080,&quot;335559731&quot;:0,&quot;335559738&quot;:0,&quot;335559739&quot;:0}\">\u00a0<\/span><\/li>\n<li><span data-contrast=\"none\">Adaptation de la distribution bas\u00e9e sur la taille ou la personne;\u202f<\/span><span data-ccp-props=\"{&quot;134233117&quot;:false,&quot;134233118&quot;:false,&quot;335559685&quot;:1080,&quot;335559731&quot;:0,&quot;335559738&quot;:0,&quot;335559739&quot;:0}\">\u00a0<\/span><\/li>\n<li><span data-contrast=\"none\">Chargement optimal du DAV;\u202f<\/span><span data-ccp-props=\"{&quot;134233117&quot;:false,&quot;134233118&quot;:false,&quot;335559685&quot;:1080,&quot;335559731&quot;:0,&quot;335559738&quot;:0,&quot;335559739&quot;:0}\">\u00a0<\/span><\/li>\n<li><span data-contrast=\"none\">Proc\u00e9dures de distribution et de r\u00e9ception.<\/span><span data-contrast=\"none\">\u202f<\/span><span data-ccp-props=\"{&quot;134233117&quot;:false,&quot;134233118&quot;:false,&quot;335559685&quot;:1080,&quot;335559731&quot;:0,&quot;335559738&quot;:0,&quot;335559739&quot;:0}\">\u00a0<\/span><\/li>\n<\/ul>\n                        \n                                    <\/div>\n            <\/div>\n                            <div class=\"simple-content-media has-image offset-lg-1\">\n                                            <img loading=\"lazy\" decoding=\"async\" width=\"1024\" height=\"1024\" src=\"https:\/\/www.cleanlease.com\/wp-content\/uploads\/2023\/10\/CURE-rond-diversen22-1024x1024.png\" class=\"attachment-large size-large\" alt=\"\" srcset=\"https:\/\/www.cleanlease.com\/wp-content\/uploads\/2023\/10\/CURE-rond-diversen22-1024x1024.png 1024w, https:\/\/www.cleanlease.com\/wp-content\/uploads\/2023\/10\/CURE-rond-diversen22-300x300.png 300w, https:\/\/www.cleanlease.com\/wp-content\/uploads\/2023\/10\/CURE-rond-diversen22-150x150.png 150w, https:\/\/www.cleanlease.com\/wp-content\/uploads\/2023\/10\/CURE-rond-diversen22-768x768.png 768w, https:\/\/www.cleanlease.com\/wp-content\/uploads\/2023\/10\/CURE-rond-diversen22-1536x1536.png 1536w, https:\/\/www.cleanlease.com\/wp-content\/uploads\/2023\/10\/CURE-rond-diversen22.png 1667w\" sizes=\"auto, (max-width: 1024px) 100vw, 1024px\" \/>                                                        <\/div>\n                    <\/div>\n    <\/div>\n<\/div>\n<div class=\"container\">\n\n\n\n<\/div>\n<div class=\"block simple-content position-left  block-margin-top-normal block-margin-bottom-normal block-text-left\"\n        style=\"background-color:#FFFFFF\">\n    <div class=\"container\">\n        <div class=\"row\">\n            <div class=\"col-12 col-lg-7 offset-lg-1\">\n                <div class=\"simple-content-container\">\n                    <div class=\"simple-content-intro\">\n                        <h2 class='block-title'>Vers un bloc op\u00e9ratoire vert\u202f <\/h2>                    <\/div>\n                    \n                        <p>L\u2019avenir est vert\u00a0! Pour le d\u00e9veloppement de v\u00eatements de service durables \u00e9galement, nous relions les diff\u00e9rents maillons de la cha\u00eene\u00a0: des souhaits des clients \u00e0 la production, au processus de nettoyage et \u00e0 la r\u00e9utilisation de nos produits Cela nous permet de r\u00e9duire l\u2019utilisation des mati\u00e8res premi\u00e8res co\u00fbteuses, de diminuer les co\u00fbts et de pr\u00e9voir suffisamment de stock.<\/p>\n<p>Une collaboration strat\u00e9gique fructueuse entre les partenaires n\u00e9erlandais et europ\u00e9ens de la cha\u00eene a permis de d\u00e9velopper et de produire la gamme de textile de bloc op\u00e9ratoire vert. Avec le personnel soignant, nous avons effectu\u00e9 des essais afin de nous assurer que les produits de nos lignes textiles r\u00e9pondent aux souhaits et aux exigences des utilisateurs.<\/p>\n                        \n                                    <\/div>\n            <\/div>\n                            <div class=\"simple-content-media has-image\">\n                                            <img loading=\"lazy\" decoding=\"async\" width=\"1024\" height=\"1024\" src=\"https:\/\/www.cleanlease.com\/wp-content\/uploads\/2023\/10\/CURE-rond-diversen17-1024x1024.png\" class=\"attachment-large size-large\" alt=\"\" srcset=\"https:\/\/www.cleanlease.com\/wp-content\/uploads\/2023\/10\/CURE-rond-diversen17-1024x1024.png 1024w, https:\/\/www.cleanlease.com\/wp-content\/uploads\/2023\/10\/CURE-rond-diversen17-300x300.png 300w, https:\/\/www.cleanlease.com\/wp-content\/uploads\/2023\/10\/CURE-rond-diversen17-150x150.png 150w, https:\/\/www.cleanlease.com\/wp-content\/uploads\/2023\/10\/CURE-rond-diversen17-768x768.png 768w, https:\/\/www.cleanlease.com\/wp-content\/uploads\/2023\/10\/CURE-rond-diversen17-1536x1536.png 1536w, https:\/\/www.cleanlease.com\/wp-content\/uploads\/2023\/10\/CURE-rond-diversen17.png 1667w\" sizes=\"auto, (max-width: 1024px) 100vw, 1024px\" \/>                                                        <\/div>\n                    <\/div>\n    <\/div>\n<\/div>\n<div class=\"container\">\n\n\n\n<\/div>\n<div class=\"block simple-content   block-margin-top-normal block-margin-bottom-normal block-text-center\"\n        style=\"background-color:#FFFFFF\">\n    <div class=\"container\">\n        <div class=\"row\">\n            <div class=\"col-12 \">\n                <div class=\"simple-content-container\">\n                    <div class=\"simple-content-intro\">\n                                            <\/div>\n                    \n                        <h2>Si vous souhaitez en savoir plus sur nos v\u00eatements de service?<\/h2>\n<p><a class=\"btn btn-green\" href=\"https:\/\/cleanlease.com\/fr\/cure\/#contact\"><span class=\"TextRun SCXW18541065 BCX2\" lang=\"NL-NL\" xml:lang=\"NL-NL\" data-contrast=\"none\"><span class=\"NormalTextRun SCXW18541065 BCX2\">Prenez contact avec l\u2019un de nos conseillers!<\/span><\/span><\/a><\/p>\n                        \n                                    <\/div>\n            <\/div>\n                    <\/div>\n    <\/div>\n<\/div>\n<div class=\"container\">\n","protected":false},"excerpt":{"rendered":"","protected":false},"author":5,"featured_media":0,"parent":11240,"menu_order":0,"comment_status":"closed","ping_status":"closed","template":"","meta":{"_acf_changed":false,"footnotes":""},"class_list":["post-11242","page","type-page","status-publish","hentry"],"acf":[],"yoast_head":"<!-- This site is optimized with the Yoast SEO plugin v26.8 - https:\/\/yoast.com\/product\/yoast-seo-wordpress\/ -->\n<title>V\u00eatements de service - CleanLease<\/title>\n<meta name=\"description\" content=\"D\u00e9couvrez notre gamme \u00e9cologique Green OR chez CleanLease \u2013 du textile m\u00e9dical durable, confortable et hygi\u00e9nique.\" \/>\n<meta name=\"robots\" content=\"index, follow, max-snippet:-1, max-image-preview:large, max-video-preview:-1\" \/>\n<link rel=\"canonical\" href=\"https:\/\/www.cleanlease.com\/fr\/cure\/vetements-de-travail-durables-pour-les-soins-de-sante-cleanlease\/\" \/>\n<meta property=\"og:locale\" content=\"fr_FR\" \/>\n<meta property=\"og:type\" content=\"article\" \/>\n<meta property=\"og:title\" content=\"V\u00eatements de service - CleanLease\" \/>\n<meta property=\"og:description\" content=\"D\u00e9couvrez notre gamme \u00e9cologique Green OR chez CleanLease \u2013 du textile m\u00e9dical durable, confortable et hygi\u00e9nique.\" \/>\n<meta property=\"og:url\" content=\"https:\/\/www.cleanlease.com\/fr\/cure\/vetements-de-travail-durables-pour-les-soins-de-sante-cleanlease\/\" \/>\n<meta property=\"og:site_name\" content=\"CleanLease\" \/>\n<meta property=\"article:modified_time\" content=\"2025-04-16T18:47:50+00:00\" \/>\n<meta name=\"twitter:card\" content=\"summary_large_image\" \/>\n<script type=\"application\/ld+json\" class=\"yoast-schema-graph\">{\"@context\":\"https:\/\/schema.org\",\"@graph\":[{\"@type\":\"WebPage\",\"@id\":\"https:\/\/www.cleanlease.com\/fr\/cure\/vetements-de-travail-durables-pour-les-soins-de-sante-cleanlease\/\",\"url\":\"https:\/\/www.cleanlease.com\/fr\/cure\/vetements-de-travail-durables-pour-les-soins-de-sante-cleanlease\/\",\"name\":\"V\u00eatements de service - CleanLease\",\"isPartOf\":{\"@id\":\"https:\/\/www.cleanlease.com\/#website\"},\"datePublished\":\"2023-07-03T12:29:18+00:00\",\"dateModified\":\"2025-04-16T18:47:50+00:00\",\"description\":\"D\u00e9couvrez notre gamme \u00e9cologique Green OR chez CleanLease \u2013 du textile m\u00e9dical durable, confortable et hygi\u00e9nique.\",\"breadcrumb\":{\"@id\":\"https:\/\/www.cleanlease.com\/fr\/cure\/vetements-de-travail-durables-pour-les-soins-de-sante-cleanlease\/#breadcrumb\"},\"inLanguage\":\"fr-FR\",\"potentialAction\":[{\"@type\":\"ReadAction\",\"target\":[\"https:\/\/www.cleanlease.com\/fr\/cure\/vetements-de-travail-durables-pour-les-soins-de-sante-cleanlease\/\"]}]},{\"@type\":\"BreadcrumbList\",\"@id\":\"https:\/\/www.cleanlease.com\/fr\/cure\/vetements-de-travail-durables-pour-les-soins-de-sante-cleanlease\/#breadcrumb\",\"itemListElement\":[{\"@type\":\"ListItem\",\"position\":1,\"name\":\"Home\",\"item\":\"https:\/\/www.cleanlease.com\/fr\/\"},{\"@type\":\"ListItem\",\"position\":2,\"name\":\"Cure\",\"item\":\"https:\/\/www.cleanlease.com\/fr\/cure\/\"},{\"@type\":\"ListItem\",\"position\":3,\"name\":\"V\u00eatements de service\"}]},{\"@type\":\"WebSite\",\"@id\":\"https:\/\/www.cleanlease.com\/#website\",\"url\":\"https:\/\/www.cleanlease.com\/\",\"name\":\"CleanLease\",\"description\":\"Because we care\",\"potentialAction\":[{\"@type\":\"SearchAction\",\"target\":{\"@type\":\"EntryPoint\",\"urlTemplate\":\"https:\/\/www.cleanlease.com\/?s={search_term_string}\"},\"query-input\":{\"@type\":\"PropertyValueSpecification\",\"valueRequired\":true,\"valueName\":\"search_term_string\"}}],\"inLanguage\":\"fr-FR\"}]}<\/script>\n<!-- \/ Yoast SEO plugin. -->","yoast_head_json":{"title":"V\u00eatements de service - CleanLease","description":"D\u00e9couvrez notre gamme \u00e9cologique Green OR chez CleanLease \u2013 du textile m\u00e9dical durable, confortable et hygi\u00e9nique.","robots":{"index":"index","follow":"follow","max-snippet":"max-snippet:-1","max-image-preview":"max-image-preview:large","max-video-preview":"max-video-preview:-1"},"canonical":"https:\/\/www.cleanlease.com\/fr\/cure\/vetements-de-travail-durables-pour-les-soins-de-sante-cleanlease\/","og_locale":"fr_FR","og_type":"article","og_title":"V\u00eatements de service - CleanLease","og_description":"D\u00e9couvrez notre gamme \u00e9cologique Green OR chez CleanLease \u2013 du textile m\u00e9dical durable, confortable et hygi\u00e9nique.","og_url":"https:\/\/www.cleanlease.com\/fr\/cure\/vetements-de-travail-durables-pour-les-soins-de-sante-cleanlease\/","og_site_name":"CleanLease","article_modified_time":"2025-04-16T18:47:50+00:00","twitter_card":"summary_large_image","schema":{"@context":"https:\/\/schema.org","@graph":[{"@type":"WebPage","@id":"https:\/\/www.cleanlease.com\/fr\/cure\/vetements-de-travail-durables-pour-les-soins-de-sante-cleanlease\/","url":"https:\/\/www.cleanlease.com\/fr\/cure\/vetements-de-travail-durables-pour-les-soins-de-sante-cleanlease\/","name":"V\u00eatements de service - CleanLease","isPartOf":{"@id":"https:\/\/www.cleanlease.com\/#website"},"datePublished":"2023-07-03T12:29:18+00:00","dateModified":"2025-04-16T18:47:50+00:00","description":"D\u00e9couvrez notre gamme \u00e9cologique Green OR chez CleanLease \u2013 du textile m\u00e9dical durable, confortable et hygi\u00e9nique.","breadcrumb":{"@id":"https:\/\/www.cleanlease.com\/fr\/cure\/vetements-de-travail-durables-pour-les-soins-de-sante-cleanlease\/#breadcrumb"},"inLanguage":"fr-FR","potentialAction":[{"@type":"ReadAction","target":["https:\/\/www.cleanlease.com\/fr\/cure\/vetements-de-travail-durables-pour-les-soins-de-sante-cleanlease\/"]}]},{"@type":"BreadcrumbList","@id":"https:\/\/www.cleanlease.com\/fr\/cure\/vetements-de-travail-durables-pour-les-soins-de-sante-cleanlease\/#breadcrumb","itemListElement":[{"@type":"ListItem","position":1,"name":"Home","item":"https:\/\/www.cleanlease.com\/fr\/"},{"@type":"ListItem","position":2,"name":"Cure","item":"https:\/\/www.cleanlease.com\/fr\/cure\/"},{"@type":"ListItem","position":3,"name":"V\u00eatements de service"}]},{"@type":"WebSite","@id":"https:\/\/www.cleanlease.com\/#website","url":"https:\/\/www.cleanlease.com\/","name":"CleanLease","description":"Because we care","potentialAction":[{"@type":"SearchAction","target":{"@type":"EntryPoint","urlTemplate":"https:\/\/www.cleanlease.com\/?s={search_term_string}"},"query-input":{"@type":"PropertyValueSpecification","valueRequired":true,"valueName":"search_term_string"}}],"inLanguage":"fr-FR"}]}},"_links":{"self":[{"href":"https:\/\/www.cleanlease.com\/fr\/wp-json\/wp\/v2\/pages\/11242","targetHints":{"allow":["GET"]}}],"collection":[{"href":"https:\/\/www.cleanlease.com\/fr\/wp-json\/wp\/v2\/pages"}],"about":[{"href":"https:\/\/www.cleanlease.com\/fr\/wp-json\/wp\/v2\/types\/page"}],"author":[{"embeddable":true,"href":"https:\/\/www.cleanlease.com\/fr\/wp-json\/wp\/v2\/users\/5"}],"replies":[{"embeddable":true,"href":"https:\/\/www.cleanlease.com\/fr\/wp-json\/wp\/v2\/comments?post=11242"}],"version-history":[{"count":3,"href":"https:\/\/www.cleanlease.com\/fr\/wp-json\/wp\/v2\/pages\/11242\/revisions"}],"predecessor-version":[{"id":11886,"href":"https:\/\/www.cleanlease.com\/fr\/wp-json\/wp\/v2\/pages\/11242\/revisions\/11886"}],"up":[{"embeddable":true,"href":"https:\/\/www.cleanlease.com\/fr\/wp-json\/wp\/v2\/pages\/11240"}],"wp:attachment":[{"href":"https:\/\/www.cleanlease.com\/fr\/wp-json\/wp\/v2\/media?parent=11242"}],"curies":[{"name":"wp","href":"https:\/\/api.w.org\/{rel}","templated":true}]}}