{"id":11238,"date":"2023-07-03T12:01:53","date_gmt":"2023-07-03T12:01:53","guid":{"rendered":"https:\/\/www.cleanlease.com\/?page_id=11238"},"modified":"2025-04-10T16:35:10","modified_gmt":"2025-04-10T16:35:10","slug":"linge-personnel","status":"publish","type":"page","link":"https:\/\/www.cleanlease.com\/fr\/care\/linge-personnel\/","title":{"rendered":"Linge personnel"},"content":{"rendered":"\n<\/div>\n<div class=\"block simple-content   block-margin-top-normal block-margin-bottom-normal block-text-center\"\n        style=\"background-color:#f8f8f8\">\n    <div class=\"container small\">\n        <div class=\"row\">\n            <div class=\"col-12 \">\n                <div class=\"simple-content-container\">\n                    <div class=\"simple-content-intro\">\n                        <h1 class='block-title'>Linge personnel<\/h1>                    <\/div>\n                    \n                        <p>Le bien-\u00eatre de vos r\u00e9sidents est une priorit\u00e9. L\u2019entretien ad\u00e9quat du textile personnel de vos clients y contribue grandement, mais prend beaucoup de temps. Avec notre concept de prestation de service Ma corde \u00e0 linge, nous prenons cet aspect en charge pour votre organisation, depuis l\u2019inscription jusqu\u2019\u00e0 la communication et la facturation directes au client ou \u00e0 l\u2019aidant, le cas \u00e9ch\u00e9ant.<\/p>\n                        \n                                    <\/div>\n            <\/div>\n                    <\/div>\n    <\/div>\n<\/div>\n<div class=\"container\">\n\n\n\n<\/div>\n<div class=\"block simple-content position-left  block-margin-top-normal block-margin-bottom-normal block-text-left\"\n        style=\"background-color:#FFFFFF\">\n    <div class=\"container\">\n        <div class=\"row\">\n            <div class=\"col-12 col-lg-7 offset-lg-1\">\n                <div class=\"simple-content-container\">\n                    <div class=\"simple-content-intro\">\n                        <h2 class='block-title'>En quoi consiste Ma corde \u00e0 linge?<\/h2>                    <\/div>\n                    \n                        <p>Ma corde \u00e0 linge assure un processus rapide et simple. Apr\u00e8s son inscription, le r\u00e9sident re\u00e7oit un kit de bienvenue par la poste, comprenant une brochure d\u2019informations et 4 sacs \u00e0 linge personnels pour nous confier le linge sale. CleanLease veille \u00e0 ce que l\u2019ensemble du linge soit restitu\u00e9 au r\u00e9sident ad\u00e9quat, propre et \u00e9tiquet\u00e9. Cet \u00e9tiquetage est effectu\u00e9 \u00e0 l\u2019aide d\u2019une puce ou d\u2019un code-barres.<\/p>\n<p>Tous les articles sont trait\u00e9s soigneusement et sont restitu\u00e9s au r\u00e9sident, avec un bon de livraison et le sac \u00e0 linge lav\u00e9.<\/p>\n<p>Comme le montre le sch\u00e9ma, Ma corde \u00e0 linge assure une prise en charge compl\u00e8te tant pour votre organisation que pour le client, la famille, l\u2019aidant et le prestataire de soins. Ce service vous fait gagner du temps. L\u2019inscription est simple et le r\u00e9sident peut directement nous confier les v\u00eatements port\u00e9s pour qu\u2019ils soient lav\u00e9s. Tous les articles effectivement utilis\u00e9s ou port\u00e9s doivent \u00eatre \u00e9quip\u00e9s d\u2019un tag. Cela n\u2019entra\u00eene pas de frais inutiles et garantit l\u2019efficacit\u00e9. En outre, le risque de perte de v\u00eatements est consid\u00e9rablement r\u00e9duit.<\/p>\n                        \n                                    <\/div>\n            <\/div>\n                            <div class=\"simple-content-media has-image\">\n                                            <img loading=\"lazy\" decoding=\"async\" width=\"854\" height=\"1024\" src=\"https:\/\/www.cleanlease.com\/wp-content\/uploads\/2023\/12\/Mijn-Waslijn-proces-breed3-854x1024.jpg\" class=\"attachment-large size-large\" alt=\"\" srcset=\"https:\/\/www.cleanlease.com\/wp-content\/uploads\/2023\/12\/Mijn-Waslijn-proces-breed3-854x1024.jpg 854w, https:\/\/www.cleanlease.com\/wp-content\/uploads\/2023\/12\/Mijn-Waslijn-proces-breed3-250x300.jpg 250w, https:\/\/www.cleanlease.com\/wp-content\/uploads\/2023\/12\/Mijn-Waslijn-proces-breed3-768x921.jpg 768w, https:\/\/www.cleanlease.com\/wp-content\/uploads\/2023\/12\/Mijn-Waslijn-proces-breed3-1281x1536.jpg 1281w, https:\/\/www.cleanlease.com\/wp-content\/uploads\/2023\/12\/Mijn-Waslijn-proces-breed3.jpg 1344w\" sizes=\"auto, (max-width: 854px) 100vw, 854px\" \/>                                                        <\/div>\n                    <\/div>\n    <\/div>\n<\/div>\n<div class=\"container\">\n\n\n\n<\/div>\n<div class=\"block simple-content   block-margin-top-normal block-margin-bottom-normal block-text-left\"\n        style=\"background-color:#FFFFFF\">\n    <div class=\"container small\">\n        <div class=\"row\">\n            <div class=\"col-12 \">\n                <div class=\"simple-content-container\">\n                    <div class=\"simple-content-intro\">\n                                            <\/div>\n                    \n                        <p style=\"text-align: center;\"><strong>Cette m\u00e9thode, avec un contr\u00f4le d\u2019entr\u00e9e portant sur la pr\u00e9sence du code-barres ou de la puce, pr\u00e9sente de nombreux avantages pour votre organisation, vos clients et votre personnel.<\/strong><\/p>\n<p>&nbsp;<\/p>\n<h3>Avantages pour votre organisation<\/h3>\n<ul>\n<li>Pas de temps perdu \u00e0 remplir des formulaires pour \u00e9tiqueter les v\u00eatements.<\/li>\n<li>Plus de proc\u00e9dure d\u2019\u00e9tiquetage (interne ou externe).<\/li>\n<li>Plus de tracas concernant la r\u00e9ception d\u2019articles non cod\u00e9s.<\/li>\n<li>Plus besoin d\u2019un contr\u00f4le permanent pour d\u00e9tecter les v\u00eatements non cod\u00e9s.<\/li>\n<\/ul>\n<h3><\/h3>\n<h3>Avantages pour vos r\u00e9sidents<\/h3>\n<ul>\n<li>L\u2019inscription est simple et rapide.<\/li>\n<li>Les v\u00eatements peuvent \u00eatre port\u00e9s et livr\u00e9s directement sans \u00eatre cod\u00e9s.<\/li>\n<li>Le risque de v\u00eatements \u00e9gar\u00e9s est r\u00e9duit car ils sont tous pourvus d\u2019une \u00e9tiquette.<\/li>\n<li>Les co\u00fbts d\u2019\u00e9tiquetage sont r\u00e9duits car moins de v\u00eatements sont \u00e9tiquet\u00e9s inutilement.<\/li>\n<\/ul>\n                        \n                                    <\/div>\n            <\/div>\n                    <\/div>\n    <\/div>\n<\/div>\n<div class=\"container\">\n\n\n\n<\/div>\n<div class=\"block simple-content   block-margin-top-normal block-margin-bottom-normal block-text-left\"\n        style=\"background-color:#FFFFFF\">\n    <div class=\"container\">\n        <div class=\"row\">\n            <div class=\"col-12 \">\n                <div class=\"simple-content-container\">\n                    <div class=\"simple-content-intro\">\n                                            <\/div>\n                                    <\/div>\n            <\/div>\n                    <\/div>\n    <\/div>\n<\/div>\n<div class=\"container\">\n\n\n\n<\/div>\n<div class=\"block simple-content position-left  block-margin-top-normal block-margin-bottom-normal block-text-left\"\n        style=\"background-color:#FFFFFF\">\n    <div class=\"container\">\n        <div class=\"row\">\n            <div class=\"col-12 col-lg-7 offset-lg-1\">\n                <div class=\"simple-content-container\">\n                    <div class=\"simple-content-intro\">\n                        <h2 class='block-title'>Emballage du linge personnel<\/h2>                    <\/div>\n                    \n                        <p><span data-contrast=\"auto\">L\u2019ensemble du linge personnel lav\u00e9 est tri\u00e9 par client et est livr\u00e9 pli\u00e9 dans le sac \u00e0 linge personnel de Ma corde \u00e0 linge. Les emballages sont pourvus d\u2019un bon de livraison. Les v\u00eatements d\u00e9licats sont soigneusement suspendus et sont \u00e9galement tri\u00e9s et livr\u00e9s par r\u00e9sident. Ils sont \u00e9galement accompagn\u00e9s d\u2019un bon de livraison. <\/span><span data-ccp-props=\"{&quot;134233117&quot;:true,&quot;134233118&quot;:true}\">\u00a0<\/span><\/p>\n                        \n                                    <\/div>\n            <\/div>\n                            <div class=\"simple-content-media has-image\">\n                                            <img loading=\"lazy\" decoding=\"async\" width=\"800\" height=\"800\" src=\"https:\/\/www.cleanlease.com\/wp-content\/uploads\/2023\/12\/CARE-Persoonsgeboden-goed-v22.png\" class=\"attachment-large size-large\" alt=\"\" srcset=\"https:\/\/www.cleanlease.com\/wp-content\/uploads\/2023\/12\/CARE-Persoonsgeboden-goed-v22.png 800w, https:\/\/www.cleanlease.com\/wp-content\/uploads\/2023\/12\/CARE-Persoonsgeboden-goed-v22-300x300.png 300w, https:\/\/www.cleanlease.com\/wp-content\/uploads\/2023\/12\/CARE-Persoonsgeboden-goed-v22-150x150.png 150w, https:\/\/www.cleanlease.com\/wp-content\/uploads\/2023\/12\/CARE-Persoonsgeboden-goed-v22-768x768.png 768w\" sizes=\"auto, (max-width: 800px) 100vw, 800px\" \/>                                                        <\/div>\n                    <\/div>\n    <\/div>\n<\/div>\n<div class=\"container\">\n\n\n\n<\/div>\n<div class=\"block simple-content position-right  block-margin-top-normal block-margin-bottom-normal block-text-left\"\n        style=\"background-color:#FFFFFF\">\n    <div class=\"container\">\n        <div class=\"row\">\n            <div class=\"col-12 col-lg-7 \">\n                <div class=\"simple-content-container\">\n                    <div class=\"simple-content-intro\">\n                        <h2 class='block-title'>Filets \u00e0 chaussettes<\/h2>                    <\/div>\n                    \n                        <p>Pour collecter et renvoyer les chaussettes, (mi-)bas, bas de contention et collants, nous utilisons un filet \u00e0 chaussettes \u00e9quip\u00e9 d\u2019un codage. Ces articles restent dans le filet pendant l\u2019ensemble du processus (de lavage), ce qui \u00e9vite de les \u00e9garer. En outre, les articles du filet \u00e0 chaussettes ne doivent pas \u00eatre cod\u00e9s, ce qui r\u00e9duit les co\u00fbts.<\/p>\n                        \n                                    <\/div>\n            <\/div>\n                            <div class=\"simple-content-media has-image offset-lg-1\">\n                                            <img loading=\"lazy\" decoding=\"async\" width=\"700\" height=\"700\" src=\"https:\/\/www.cleanlease.com\/wp-content\/uploads\/2023\/12\/CARE-Sokkennet.jpg\" class=\"attachment-large size-large\" alt=\"\" srcset=\"https:\/\/www.cleanlease.com\/wp-content\/uploads\/2023\/12\/CARE-Sokkennet.jpg 700w, https:\/\/www.cleanlease.com\/wp-content\/uploads\/2023\/12\/CARE-Sokkennet-300x300.jpg 300w, https:\/\/www.cleanlease.com\/wp-content\/uploads\/2023\/12\/CARE-Sokkennet-150x150.jpg 150w\" sizes=\"auto, (max-width: 700px) 100vw, 700px\" \/>                                                        <\/div>\n                    <\/div>\n    <\/div>\n<\/div>\n<div class=\"container\">\n\n\n\n<\/div>\n<div class=\"block simple-content position-left  block-margin-top-normal block-margin-bottom-normal block-text-left\"\n        style=\"background-color:#FFFFFF\">\n    <div class=\"container\">\n        <div class=\"row\">\n            <div class=\"col-12 col-lg-7 offset-lg-1\">\n                <div class=\"simple-content-container\">\n                    <div class=\"simple-content-intro\">\n                        <h2 class='block-title'>Bon \u00e0 savoir<\/h2>                    <\/div>\n                    \n                        <p>Le personnel soignant ne doit pas parcourir la proc\u00e9dure d\u2019enregistrement pour chaque nouveau r\u00e9sident. L\u2019administration ne doit pas intervenir non plus. Tous les contacts avec les clients se d\u00e9roulent directement via CleanLease.<\/p>\n                        <a class=\"btn btn-primary\" href=\"https:\/\/www.cleanlease.com\/fr\/cure\/service-lingerie\/\" target=\"_self\"><span class=\"btn-text\">En savoir plus sur le service lingerie<\/span><\/a>\n                                    <\/div>\n            <\/div>\n                            <div class=\"simple-content-media has-image\">\n                                            <img loading=\"lazy\" decoding=\"async\" width=\"800\" height=\"800\" src=\"https:\/\/www.cleanlease.com\/wp-content\/uploads\/2023\/12\/CL-Linnen-FITS2.png\" class=\"attachment-large size-large\" alt=\"\" srcset=\"https:\/\/www.cleanlease.com\/wp-content\/uploads\/2023\/12\/CL-Linnen-FITS2.png 800w, https:\/\/www.cleanlease.com\/wp-content\/uploads\/2023\/12\/CL-Linnen-FITS2-300x300.png 300w, https:\/\/www.cleanlease.com\/wp-content\/uploads\/2023\/12\/CL-Linnen-FITS2-150x150.png 150w, https:\/\/www.cleanlease.com\/wp-content\/uploads\/2023\/12\/CL-Linnen-FITS2-768x768.png 768w\" sizes=\"auto, (max-width: 800px) 100vw, 800px\" \/>                                                        <\/div>\n                    <\/div>\n    <\/div>\n<\/div>\n<div class=\"container\">\n\n\n\n<\/div>\n<div class=\"block simple-content position-right  block-margin-top-normal block-margin-bottom-normal block-text-left\"\n        style=\"background-color:#FFFFFF\">\n    <div class=\"container\">\n        <div class=\"row\">\n            <div class=\"col-12 col-lg-7 \">\n                <div class=\"simple-content-container\">\n                    <div class=\"simple-content-intro\">\n                        <h2 class='block-title'>Textile de qualit\u00e9 dot\u00e9 d\u2019une technologie intelligente<\/h2>                    <\/div>\n                    \n                        <p>Gr\u00e2ce aux puces RFiD, nous savons toujours pr\u00e9cis\u00e9ment o\u00f9 se trouve le textile et combien de fois il a \u00e9t\u00e9 lav\u00e9. Nous pouvons ainsi en assurer une gestion optimale. N\u2019ayez crainte, cette puce est cousue dans l\u2019ourlet. Elle est donc pratiquement invisible!<\/p>\n<p>&nbsp;<\/p>\n                        <a class=\"btn btn-primary\" href=\"https:\/\/www.cleanlease.com\/fr\/cure\/service-lingerie\/\" target=\"_self\"><span class=\"btn-text\">En savoir plus sur le service lingerie<\/span><\/a>\n                                    <\/div>\n            <\/div>\n                            <div class=\"simple-content-media has-image offset-lg-1\">\n                                            <img loading=\"lazy\" decoding=\"async\" width=\"1\" height=\"1\" src=\"https:\/\/www.cleanlease.com\/wp-content\/uploads\/2023\/08\/RFID-1.svg\" class=\"attachment-large size-large\" alt=\"\" \/>                                                        <\/div>\n                    <\/div>\n    <\/div>\n<\/div>\n<div class=\"container\">\n\n\n<\/div>\n<div class=\"block highlight-image has-background  block-margin-top-small block-margin-bottom-small block-text-left\" style=\"background-image: url(https:\/\/www.cleanlease.com\/wp-content\/uploads\/2023\/08\/AdobeStock_615594845_Preview.jpeg)\" >\n  <div class=\"container\">\n        <div class=\"block-introduction\">\n          <div class=\"block-introduction-content\">\n                          <span class=\"tagline green\">La voie vers le d\u00e9veloppement durable<\/span>\n            <h2 class=\"block-title\">Faire des r\u00eaves une r\u00e9alit\u00e9!<\/h2>          <\/div>\n          <div class=\"block-introduction-icon\">\n            <img loading=\"lazy\" decoding=\"async\" width=\"1\" height=\"1\" src=\"https:\/\/www.cleanlease.com\/wp-content\/uploads\/2023\/08\/CleanLease-gaat-voor-groen-5-Sterren-CMYK-wit.svg\" class=\"attachment-80x80 size-80x80\" alt=\"\" \/>          <\/div>\n    <\/div>\n          <div class=\"row\">\n        <div class=\"col-md-6\">\n          <p>Chez CleanLease, l\u2019entrepreneuriat durable n\u2019est pas qu\u2019un r\u00eave, c\u2019est une R\u00c9ALIT\u00c9. Pour que nos performances en mati\u00e8re de d\u00e9veloppement durable soient claires et transparentes, nous avons rassembl\u00e9 nos activit\u00e9s RSE dans un rapport v\u00e9rifi\u00e9 par le <strong>\u00ab\u00a0MVO register\u00a0\u00bb<\/strong> (registre RSE) des Pays-Bas.<\/p>\n<p><span class=\"TextRun SCXW156736423 BCX2\" lang=\"NL-NL\" xml:lang=\"NL-NL\" data-contrast=\"auto\"><span class=\"NormalTextRun SCXW156736423 BCX2\" data-ccp-parastyle=\"Normal (Web)\"><a href=\"https:\/\/www.cleanlease.com\/care\/persoonsgebondenwasgoed\/#mvoverslag\">Consultez le rapport complet ici<\/a><\/span><\/span><\/p>\n        <\/div>\n        <div class=\"col-md-6\">\n          <p>Avec notre textile durable, nous contribuons \u00e0:<\/p>\n<ul class=\"leaf-list\">\n<li class=\"p1\">Un processus de lavage durable<\/li>\n<li class=\"p1\">Un textile durable<\/li>\n<li class=\"p1\">Un transport durable<\/li>\n<li class=\"p1\">Des collaborations durables<\/li>\n<\/ul>\n        <\/div>\n      <\/div>\n      <\/div>\n    <div class=\"overlay\" style=\"opacity: 0.6\"    ><\/div>\n\n<\/div>\n<div class=\"container\">\n","protected":false},"excerpt":{"rendered":"","protected":false},"author":5,"featured_media":0,"parent":11232,"menu_order":0,"comment_status":"closed","ping_status":"closed","template":"","meta":{"_acf_changed":false,"footnotes":""},"class_list":["post-11238","page","type-page","status-publish","hentry"],"acf":[],"yoast_head":"<!-- This site is optimized with the Yoast SEO plugin v26.8 - https:\/\/yoast.com\/product\/yoast-seo-wordpress\/ -->\n<title>Linge personnel trait\u00e9 avec soin | CleanLease<\/title>\n<meta name=\"description\" content=\"CleanLease veille \u00e0 ce que le linge personnel soit toujours propre, frais et soigneusement trait\u00e9, avec le plus grand soin.\" \/>\n<meta name=\"robots\" content=\"index, follow, max-snippet:-1, max-image-preview:large, max-video-preview:-1\" \/>\n<link rel=\"canonical\" href=\"https:\/\/www.cleanlease.com\/fr\/care\/linge-personnel\/\" \/>\n<meta property=\"og:locale\" content=\"fr_FR\" \/>\n<meta property=\"og:type\" content=\"article\" \/>\n<meta property=\"og:title\" content=\"Linge personnel trait\u00e9 avec soin | CleanLease\" \/>\n<meta property=\"og:description\" content=\"CleanLease veille \u00e0 ce que le linge personnel soit toujours propre, frais et soigneusement trait\u00e9, avec le plus grand soin.\" \/>\n<meta property=\"og:url\" content=\"https:\/\/www.cleanlease.com\/fr\/care\/linge-personnel\/\" \/>\n<meta property=\"og:site_name\" content=\"CleanLease\" \/>\n<meta property=\"article:modified_time\" content=\"2025-04-10T16:35:10+00:00\" \/>\n<meta name=\"twitter:card\" content=\"summary_large_image\" \/>\n<script type=\"application\/ld+json\" class=\"yoast-schema-graph\">{\"@context\":\"https:\/\/schema.org\",\"@graph\":[{\"@type\":\"WebPage\",\"@id\":\"https:\/\/www.cleanlease.com\/fr\/care\/linge-personnel\/\",\"url\":\"https:\/\/www.cleanlease.com\/fr\/care\/linge-personnel\/\",\"name\":\"Linge personnel trait\u00e9 avec soin | CleanLease\",\"isPartOf\":{\"@id\":\"https:\/\/www.cleanlease.com\/#website\"},\"datePublished\":\"2023-07-03T12:01:53+00:00\",\"dateModified\":\"2025-04-10T16:35:10+00:00\",\"description\":\"CleanLease veille \u00e0 ce que le linge personnel soit toujours propre, frais et soigneusement trait\u00e9, avec le plus grand soin.\",\"breadcrumb\":{\"@id\":\"https:\/\/www.cleanlease.com\/fr\/care\/linge-personnel\/#breadcrumb\"},\"inLanguage\":\"fr-FR\",\"potentialAction\":[{\"@type\":\"ReadAction\",\"target\":[\"https:\/\/www.cleanlease.com\/fr\/care\/linge-personnel\/\"]}]},{\"@type\":\"BreadcrumbList\",\"@id\":\"https:\/\/www.cleanlease.com\/fr\/care\/linge-personnel\/#breadcrumb\",\"itemListElement\":[{\"@type\":\"ListItem\",\"position\":1,\"name\":\"Home\",\"item\":\"https:\/\/www.cleanlease.com\/fr\/\"},{\"@type\":\"ListItem\",\"position\":2,\"name\":\"Care\",\"item\":\"https:\/\/www.cleanlease.com\/fr\/care\/\"},{\"@type\":\"ListItem\",\"position\":3,\"name\":\"Linge personnel\"}]},{\"@type\":\"WebSite\",\"@id\":\"https:\/\/www.cleanlease.com\/#website\",\"url\":\"https:\/\/www.cleanlease.com\/\",\"name\":\"CleanLease\",\"description\":\"Because we care\",\"potentialAction\":[{\"@type\":\"SearchAction\",\"target\":{\"@type\":\"EntryPoint\",\"urlTemplate\":\"https:\/\/www.cleanlease.com\/?s={search_term_string}\"},\"query-input\":{\"@type\":\"PropertyValueSpecification\",\"valueRequired\":true,\"valueName\":\"search_term_string\"}}],\"inLanguage\":\"fr-FR\"}]}<\/script>\n<!-- \/ Yoast SEO plugin. -->","yoast_head_json":{"title":"Linge personnel trait\u00e9 avec soin | CleanLease","description":"CleanLease veille \u00e0 ce que le linge personnel soit toujours propre, frais et soigneusement trait\u00e9, avec le plus grand soin.","robots":{"index":"index","follow":"follow","max-snippet":"max-snippet:-1","max-image-preview":"max-image-preview:large","max-video-preview":"max-video-preview:-1"},"canonical":"https:\/\/www.cleanlease.com\/fr\/care\/linge-personnel\/","og_locale":"fr_FR","og_type":"article","og_title":"Linge personnel trait\u00e9 avec soin | CleanLease","og_description":"CleanLease veille \u00e0 ce que le linge personnel soit toujours propre, frais et soigneusement trait\u00e9, avec le plus grand soin.","og_url":"https:\/\/www.cleanlease.com\/fr\/care\/linge-personnel\/","og_site_name":"CleanLease","article_modified_time":"2025-04-10T16:35:10+00:00","twitter_card":"summary_large_image","schema":{"@context":"https:\/\/schema.org","@graph":[{"@type":"WebPage","@id":"https:\/\/www.cleanlease.com\/fr\/care\/linge-personnel\/","url":"https:\/\/www.cleanlease.com\/fr\/care\/linge-personnel\/","name":"Linge personnel trait\u00e9 avec soin | CleanLease","isPartOf":{"@id":"https:\/\/www.cleanlease.com\/#website"},"datePublished":"2023-07-03T12:01:53+00:00","dateModified":"2025-04-10T16:35:10+00:00","description":"CleanLease veille \u00e0 ce que le linge personnel soit toujours propre, frais et soigneusement trait\u00e9, avec le plus grand soin.","breadcrumb":{"@id":"https:\/\/www.cleanlease.com\/fr\/care\/linge-personnel\/#breadcrumb"},"inLanguage":"fr-FR","potentialAction":[{"@type":"ReadAction","target":["https:\/\/www.cleanlease.com\/fr\/care\/linge-personnel\/"]}]},{"@type":"BreadcrumbList","@id":"https:\/\/www.cleanlease.com\/fr\/care\/linge-personnel\/#breadcrumb","itemListElement":[{"@type":"ListItem","position":1,"name":"Home","item":"https:\/\/www.cleanlease.com\/fr\/"},{"@type":"ListItem","position":2,"name":"Care","item":"https:\/\/www.cleanlease.com\/fr\/care\/"},{"@type":"ListItem","position":3,"name":"Linge personnel"}]},{"@type":"WebSite","@id":"https:\/\/www.cleanlease.com\/#website","url":"https:\/\/www.cleanlease.com\/","name":"CleanLease","description":"Because we care","potentialAction":[{"@type":"SearchAction","target":{"@type":"EntryPoint","urlTemplate":"https:\/\/www.cleanlease.com\/?s={search_term_string}"},"query-input":{"@type":"PropertyValueSpecification","valueRequired":true,"valueName":"search_term_string"}}],"inLanguage":"fr-FR"}]}},"_links":{"self":[{"href":"https:\/\/www.cleanlease.com\/fr\/wp-json\/wp\/v2\/pages\/11238","targetHints":{"allow":["GET"]}}],"collection":[{"href":"https:\/\/www.cleanlease.com\/fr\/wp-json\/wp\/v2\/pages"}],"about":[{"href":"https:\/\/www.cleanlease.com\/fr\/wp-json\/wp\/v2\/types\/page"}],"author":[{"embeddable":true,"href":"https:\/\/www.cleanlease.com\/fr\/wp-json\/wp\/v2\/users\/5"}],"replies":[{"embeddable":true,"href":"https:\/\/www.cleanlease.com\/fr\/wp-json\/wp\/v2\/comments?post=11238"}],"version-history":[{"count":4,"href":"https:\/\/www.cleanlease.com\/fr\/wp-json\/wp\/v2\/pages\/11238\/revisions"}],"predecessor-version":[{"id":11944,"href":"https:\/\/www.cleanlease.com\/fr\/wp-json\/wp\/v2\/pages\/11238\/revisions\/11944"}],"up":[{"embeddable":true,"href":"https:\/\/www.cleanlease.com\/fr\/wp-json\/wp\/v2\/pages\/11232"}],"wp:attachment":[{"href":"https:\/\/www.cleanlease.com\/fr\/wp-json\/wp\/v2\/media?parent=11238"}],"curies":[{"name":"wp","href":"https:\/\/api.w.org\/{rel}","templated":true}]}}