{"id":11234,"date":"2023-09-01T09:36:28","date_gmt":"2023-09-01T09:36:28","guid":{"rendered":"https:\/\/www.cleanlease.com\/?page_id=11234"},"modified":"2025-04-10T16:32:15","modified_gmt":"2025-04-10T16:32:15","slug":"service-rideaux","status":"publish","type":"page","link":"https:\/\/www.cleanlease.com\/fr\/care\/service-rideaux\/","title":{"rendered":"Service rideaux"},"content":{"rendered":"\n<\/div>\n<div class=\"block simple-content   block-margin-top-normal block-margin-bottom-normal block-text-center\"\n        style=\"background-color:#f8f8f8\">\n    <div class=\"container small\">\n        <div class=\"row\">\n            <div class=\"col-12 \">\n                <div class=\"simple-content-container\">\n                    <div class=\"simple-content-intro\">\n                        <h1 class='block-title'>Service rideaux<\/h1>                    <\/div>\n                    \n                        <p style=\"text-align: center;\">Le service rideaux de CleanLease est une solution compl\u00e8te pour l\u2019entretien de vos rideaux. Ce service peut comprendre le lavage professionnel, un plan d\u2019entretien complet sur mesure, ainsi qu\u2019un flux logistique distinct r\u00e9pondant \u00e0 vos besoins. Notre service mobile permet de laver vos rideaux sur place et de les rependre le jour m\u00eame!<\/p>\n                        \n                                    <\/div>\n            <\/div>\n                    <\/div>\n    <\/div>\n<\/div>\n<div class=\"container\">\n\n\n\n<\/div>\n<div class=\"block simple-content position-left  block-margin-top-normal block-margin-bottom-normal block-text-left\"\n        style=\"background-color:#FFFFFF\">\n    <div class=\"container\">\n        <div class=\"row\">\n            <div class=\"col-12 col-lg-7 offset-lg-1\">\n                <div class=\"simple-content-container\">\n                    <div class=\"simple-content-intro\">\n                        <h2 class='block-title'>Rideaux (de s\u00e9paration) et voilage<\/h2>                    <\/div>\n                    \n                        <p>En plus du lavage occasionnel, il est \u00e9galement possible de conclure un contrat de service \u00e0 long terme. Sur la base de la fr\u00e9quence de lavage prescrite et de vos besoins, un planning annuel d\u2019entretien des rideaux est \u00e9tabli, suivant lequel un collaborateur attitr\u00e9 du service rideaux fournit divers services:<\/p>\n<ul>\n<li>Collecte et enregistrement des rideaux sales;<\/li>\n<li>R\u00e9paration des ourlets, plis et boutonni\u00e8res;<\/li>\n<li>Suspension directe des rideaux de lit propres;<\/li>\n<li>R\u00e9approvisionnement en crochets, glissi\u00e8res et but\u00e9es;<\/li>\n<li>Le caract\u00e8re ignifuge des rideaux est toujours contr\u00f4l\u00e9 et les rideaux sont trait\u00e9s si n\u00e9cessaire.<\/li>\n<\/ul>\n                        \n                                    <\/div>\n            <\/div>\n                            <div class=\"simple-content-media has-image\">\n                                            <img loading=\"lazy\" decoding=\"async\" width=\"800\" height=\"800\" src=\"https:\/\/www.cleanlease.com\/wp-content\/uploads\/2023\/12\/CARE-Gordijnenservice-V22.png\" class=\"attachment-large size-large\" alt=\"\" srcset=\"https:\/\/www.cleanlease.com\/wp-content\/uploads\/2023\/12\/CARE-Gordijnenservice-V22.png 800w, https:\/\/www.cleanlease.com\/wp-content\/uploads\/2023\/12\/CARE-Gordijnenservice-V22-300x300.png 300w, https:\/\/www.cleanlease.com\/wp-content\/uploads\/2023\/12\/CARE-Gordijnenservice-V22-150x150.png 150w, https:\/\/www.cleanlease.com\/wp-content\/uploads\/2023\/12\/CARE-Gordijnenservice-V22-768x768.png 768w\" sizes=\"auto, (max-width: 800px) 100vw, 800px\" \/>                                                        <\/div>\n                    <\/div>\n    <\/div>\n<\/div>\n<div class=\"container\">\n\n\n\n<\/div>\n<div class=\"block simple-content position-right  block-margin-top-normal block-margin-bottom-none block-text-left\"\n        style=\"background-color:#FFFFFF\">\n    <div class=\"container\">\n        <div class=\"row\">\n            <div class=\"col-12 col-lg-7 \">\n                <div class=\"simple-content-container\">\n                    <div class=\"simple-content-intro\">\n                        <h2 class='block-title'>Stores \u00e0 lamelles<\/h2>                    <\/div>\n                    \n                        <p>Nous pouvons \u00e9galement entretenir les stores \u00e0 lamelles sur place. \u00c0 l\u2019aide d\u2019un appareil de nettoyage sp\u00e9cial, nous pouvons laver, s\u00e9cher et rependre vos stores en un jour. Les stores sont lav\u00e9s \u00e0 l\u2019aide d\u2019une technique de nettoyage \u00e0 ultrasons (bas\u00e9e sur les vibrations sonores).<\/p>\n                        \n                                    <\/div>\n            <\/div>\n                            <div class=\"simple-content-media has-image offset-lg-1\">\n                                            <img loading=\"lazy\" decoding=\"async\" width=\"800\" height=\"800\" src=\"https:\/\/www.cleanlease.com\/wp-content\/uploads\/2023\/12\/CL-Lamellen-en-gordijnenservice.png\" class=\"attachment-large size-large\" alt=\"\" srcset=\"https:\/\/www.cleanlease.com\/wp-content\/uploads\/2023\/12\/CL-Lamellen-en-gordijnenservice.png 800w, https:\/\/www.cleanlease.com\/wp-content\/uploads\/2023\/12\/CL-Lamellen-en-gordijnenservice-300x300.png 300w, https:\/\/www.cleanlease.com\/wp-content\/uploads\/2023\/12\/CL-Lamellen-en-gordijnenservice-150x150.png 150w, https:\/\/www.cleanlease.com\/wp-content\/uploads\/2023\/12\/CL-Lamellen-en-gordijnenservice-768x768.png 768w\" sizes=\"auto, (max-width: 800px) 100vw, 800px\" \/>                                                        <\/div>\n                    <\/div>\n    <\/div>\n<\/div>\n<div class=\"container\">\n\n\n\n<\/div>\n<div class=\"block simple-content position-left  block-margin-top-normal block-margin-bottom-none block-text-left\"\n        style=\"background-color:#f8f8f8\">\n    <div class=\"container\">\n        <div class=\"row\">\n            <div class=\"col-12 col-lg-7 offset-lg-1\">\n                <div class=\"simple-content-container\">\n                    <div class=\"simple-content-intro\">\n                        <h2 class='block-title'>Certifications<\/h2>                    <\/div>\n                    \n                        <p>Un processus de lavage hygi\u00e9nique de qualit\u00e9 sup\u00e9rieure est notre priorit\u00e9 absolue. Nous vous garantissons ainsi le meilleur traitement de vos rideaux et voilages. Nos sp\u00e9cialistes utilisent un syst\u00e8me de qualit\u00e9 certifi\u00e9 CERTEX (ISO 9001:2008 et ISO 14001) et RABC (EN 14065).<\/p>\n                        \n                                    <\/div>\n            <\/div>\n                            <div class=\"simple-content-media has-image\">\n                                            <img loading=\"lazy\" decoding=\"async\" width=\"1024\" height=\"343\" src=\"https:\/\/www.cleanlease.com\/wp-content\/uploads\/2023\/09\/Certificeringen-CleanLease-1-e1694749390113-1024x343.jpg\" class=\"attachment-large size-large\" alt=\"\" srcset=\"https:\/\/www.cleanlease.com\/wp-content\/uploads\/2023\/09\/Certificeringen-CleanLease-1-e1694749390113-1024x343.jpg 1024w, https:\/\/www.cleanlease.com\/wp-content\/uploads\/2023\/09\/Certificeringen-CleanLease-1-e1694749390113-300x100.jpg 300w, https:\/\/www.cleanlease.com\/wp-content\/uploads\/2023\/09\/Certificeringen-CleanLease-1-e1694749390113-768x257.jpg 768w, https:\/\/www.cleanlease.com\/wp-content\/uploads\/2023\/09\/Certificeringen-CleanLease-1-e1694749390113-1536x514.jpg 1536w, https:\/\/www.cleanlease.com\/wp-content\/uploads\/2023\/09\/Certificeringen-CleanLease-1-e1694749390113.jpg 1667w\" sizes=\"auto, (max-width: 1024px) 100vw, 1024px\" \/>                                                        <\/div>\n                    <\/div>\n    <\/div>\n<\/div>\n<div class=\"container\">\n\n\n\n<\/div>\n<div class=\"block simple-content position-left  block-margin-top-normal block-margin-bottom-none block-text-left\"\n        style=\"background-color:#FFFFFF\">\n    <div class=\"container\">\n        <div class=\"row\">\n            <div class=\"col-12 col-lg-7 offset-lg-1\">\n                <div class=\"simple-content-container\">\n                    <div class=\"simple-content-intro\">\n                        <h2 class='block-title'>Technique RFID<\/h2>                    <\/div>\n                    \n                        <p>Lorsque vos rideaux ou voilages sont fournis avec votre linge ordinaire, ils sont pourvus d\u2019une puce RFID sp\u00e9ciale. Cette puce, ni visible ni perceptible, nous permet de savoir pr\u00e9cis\u00e9ment o\u00f9 se trouve chaque rideau. Nous veillons ainsi \u00e0 ce que chaque rideau soit replac\u00e9 \u00e0 l\u2019endroit ad\u00e9quat!<\/p>\n                        \n                                    <\/div>\n            <\/div>\n                            <div class=\"simple-content-media has-image\">\n                                            <img loading=\"lazy\" decoding=\"async\" width=\"1\" height=\"1\" src=\"https:\/\/www.cleanlease.com\/wp-content\/uploads\/2023\/08\/RFID-1.svg\" class=\"attachment-large size-large\" alt=\"\" \/>                                                        <\/div>\n                    <\/div>\n    <\/div>\n<\/div>\n<div class=\"container\">\n\n\n\n<\/div>\n<div class=\"block simple-content   block-margin-top-none block-margin-bottom-normal block-text-center\"\n        style=\"background-color:#FFFFFF\">\n    <div class=\"container\">\n        <div class=\"row\">\n            <div class=\"col-12 \">\n                <div class=\"simple-content-container\">\n                    <div class=\"simple-content-intro\">\n                        <h2 class='block-title'>Contact<\/h2>                    <\/div>\n                    \n                        <p>Nous \u00e9tablissons une offre sur mesure bas\u00e9e sur vos besoins afin que vos rideaux restent toujours hygi\u00e9niques et parfaits. Vous souhaitez plus d\u2019informations sur notre service?<\/p>\n<p><a href=\"https:\/\/cleanlease.com\/fr\/care\/#contact\">Prenez contact avec nous pour planifier un rendez-vous.<\/a><\/p>\n                        \n                                    <\/div>\n            <\/div>\n                    <\/div>\n    <\/div>\n<\/div>\n<div class=\"container\">\n","protected":false},"excerpt":{"rendered":"","protected":false},"author":5,"featured_media":0,"parent":11232,"menu_order":0,"comment_status":"closed","ping_status":"closed","template":"","meta":{"_acf_changed":false,"footnotes":""},"class_list":["post-11234","page","type-page","status-publish","hentry"],"acf":[],"yoast_head":"<!-- This site is optimized with the Yoast SEO plugin v26.8 - https:\/\/yoast.com\/product\/yoast-seo-wordpress\/ -->\n<title>Entretien des rideaux | CleanLease<\/title>\n<meta name=\"description\" content=\"Des rideaux propres et hygi\u00e9niques pour tous vos espaces de soins, soigneusement entretenus gr\u00e2ce \u00e0 notre service sp\u00e9cialis\u00e9.\" \/>\n<meta name=\"robots\" content=\"index, follow, max-snippet:-1, max-image-preview:large, max-video-preview:-1\" \/>\n<link rel=\"canonical\" href=\"https:\/\/www.cleanlease.com\/fr\/care\/service-rideaux\/\" \/>\n<meta property=\"og:locale\" content=\"fr_FR\" \/>\n<meta property=\"og:type\" content=\"article\" \/>\n<meta property=\"og:title\" content=\"Entretien des rideaux | CleanLease\" \/>\n<meta property=\"og:description\" content=\"Des rideaux propres et hygi\u00e9niques pour tous vos espaces de soins, soigneusement entretenus gr\u00e2ce \u00e0 notre service sp\u00e9cialis\u00e9.\" \/>\n<meta property=\"og:url\" content=\"https:\/\/www.cleanlease.com\/fr\/care\/service-rideaux\/\" \/>\n<meta property=\"og:site_name\" content=\"CleanLease\" \/>\n<meta property=\"article:modified_time\" content=\"2025-04-10T16:32:15+00:00\" \/>\n<meta name=\"twitter:card\" content=\"summary_large_image\" \/>\n<script type=\"application\/ld+json\" class=\"yoast-schema-graph\">{\"@context\":\"https:\/\/schema.org\",\"@graph\":[{\"@type\":\"WebPage\",\"@id\":\"https:\/\/www.cleanlease.com\/fr\/care\/service-rideaux\/\",\"url\":\"https:\/\/www.cleanlease.com\/fr\/care\/service-rideaux\/\",\"name\":\"Entretien des rideaux | CleanLease\",\"isPartOf\":{\"@id\":\"https:\/\/www.cleanlease.com\/#website\"},\"datePublished\":\"2023-09-01T09:36:28+00:00\",\"dateModified\":\"2025-04-10T16:32:15+00:00\",\"description\":\"Des rideaux propres et hygi\u00e9niques pour tous vos espaces de soins, soigneusement entretenus gr\u00e2ce \u00e0 notre service sp\u00e9cialis\u00e9.\",\"breadcrumb\":{\"@id\":\"https:\/\/www.cleanlease.com\/fr\/care\/service-rideaux\/#breadcrumb\"},\"inLanguage\":\"fr-FR\",\"potentialAction\":[{\"@type\":\"ReadAction\",\"target\":[\"https:\/\/www.cleanlease.com\/fr\/care\/service-rideaux\/\"]}]},{\"@type\":\"BreadcrumbList\",\"@id\":\"https:\/\/www.cleanlease.com\/fr\/care\/service-rideaux\/#breadcrumb\",\"itemListElement\":[{\"@type\":\"ListItem\",\"position\":1,\"name\":\"Home\",\"item\":\"https:\/\/www.cleanlease.com\/fr\/\"},{\"@type\":\"ListItem\",\"position\":2,\"name\":\"Care\",\"item\":\"https:\/\/www.cleanlease.com\/fr\/care\/\"},{\"@type\":\"ListItem\",\"position\":3,\"name\":\"Service rideaux\"}]},{\"@type\":\"WebSite\",\"@id\":\"https:\/\/www.cleanlease.com\/#website\",\"url\":\"https:\/\/www.cleanlease.com\/\",\"name\":\"CleanLease\",\"description\":\"Because we care\",\"potentialAction\":[{\"@type\":\"SearchAction\",\"target\":{\"@type\":\"EntryPoint\",\"urlTemplate\":\"https:\/\/www.cleanlease.com\/?s={search_term_string}\"},\"query-input\":{\"@type\":\"PropertyValueSpecification\",\"valueRequired\":true,\"valueName\":\"search_term_string\"}}],\"inLanguage\":\"fr-FR\"}]}<\/script>\n<!-- \/ Yoast SEO plugin. -->","yoast_head_json":{"title":"Entretien des rideaux | CleanLease","description":"Des rideaux propres et hygi\u00e9niques pour tous vos espaces de soins, soigneusement entretenus gr\u00e2ce \u00e0 notre service sp\u00e9cialis\u00e9.","robots":{"index":"index","follow":"follow","max-snippet":"max-snippet:-1","max-image-preview":"max-image-preview:large","max-video-preview":"max-video-preview:-1"},"canonical":"https:\/\/www.cleanlease.com\/fr\/care\/service-rideaux\/","og_locale":"fr_FR","og_type":"article","og_title":"Entretien des rideaux | CleanLease","og_description":"Des rideaux propres et hygi\u00e9niques pour tous vos espaces de soins, soigneusement entretenus gr\u00e2ce \u00e0 notre service sp\u00e9cialis\u00e9.","og_url":"https:\/\/www.cleanlease.com\/fr\/care\/service-rideaux\/","og_site_name":"CleanLease","article_modified_time":"2025-04-10T16:32:15+00:00","twitter_card":"summary_large_image","schema":{"@context":"https:\/\/schema.org","@graph":[{"@type":"WebPage","@id":"https:\/\/www.cleanlease.com\/fr\/care\/service-rideaux\/","url":"https:\/\/www.cleanlease.com\/fr\/care\/service-rideaux\/","name":"Entretien des rideaux | CleanLease","isPartOf":{"@id":"https:\/\/www.cleanlease.com\/#website"},"datePublished":"2023-09-01T09:36:28+00:00","dateModified":"2025-04-10T16:32:15+00:00","description":"Des rideaux propres et hygi\u00e9niques pour tous vos espaces de soins, soigneusement entretenus gr\u00e2ce \u00e0 notre service sp\u00e9cialis\u00e9.","breadcrumb":{"@id":"https:\/\/www.cleanlease.com\/fr\/care\/service-rideaux\/#breadcrumb"},"inLanguage":"fr-FR","potentialAction":[{"@type":"ReadAction","target":["https:\/\/www.cleanlease.com\/fr\/care\/service-rideaux\/"]}]},{"@type":"BreadcrumbList","@id":"https:\/\/www.cleanlease.com\/fr\/care\/service-rideaux\/#breadcrumb","itemListElement":[{"@type":"ListItem","position":1,"name":"Home","item":"https:\/\/www.cleanlease.com\/fr\/"},{"@type":"ListItem","position":2,"name":"Care","item":"https:\/\/www.cleanlease.com\/fr\/care\/"},{"@type":"ListItem","position":3,"name":"Service rideaux"}]},{"@type":"WebSite","@id":"https:\/\/www.cleanlease.com\/#website","url":"https:\/\/www.cleanlease.com\/","name":"CleanLease","description":"Because we care","potentialAction":[{"@type":"SearchAction","target":{"@type":"EntryPoint","urlTemplate":"https:\/\/www.cleanlease.com\/?s={search_term_string}"},"query-input":{"@type":"PropertyValueSpecification","valueRequired":true,"valueName":"search_term_string"}}],"inLanguage":"fr-FR"}]}},"_links":{"self":[{"href":"https:\/\/www.cleanlease.com\/fr\/wp-json\/wp\/v2\/pages\/11234","targetHints":{"allow":["GET"]}}],"collection":[{"href":"https:\/\/www.cleanlease.com\/fr\/wp-json\/wp\/v2\/pages"}],"about":[{"href":"https:\/\/www.cleanlease.com\/fr\/wp-json\/wp\/v2\/types\/page"}],"author":[{"embeddable":true,"href":"https:\/\/www.cleanlease.com\/fr\/wp-json\/wp\/v2\/users\/5"}],"replies":[{"embeddable":true,"href":"https:\/\/www.cleanlease.com\/fr\/wp-json\/wp\/v2\/comments?post=11234"}],"version-history":[{"count":4,"href":"https:\/\/www.cleanlease.com\/fr\/wp-json\/wp\/v2\/pages\/11234\/revisions"}],"predecessor-version":[{"id":11942,"href":"https:\/\/www.cleanlease.com\/fr\/wp-json\/wp\/v2\/pages\/11234\/revisions\/11942"}],"up":[{"embeddable":true,"href":"https:\/\/www.cleanlease.com\/fr\/wp-json\/wp\/v2\/pages\/11232"}],"wp:attachment":[{"href":"https:\/\/www.cleanlease.com\/fr\/wp-json\/wp\/v2\/media?parent=11234"}],"curies":[{"name":"wp","href":"https:\/\/api.w.org\/{rel}","templated":true}]}}