{"id":10799,"date":"2023-06-16T14:51:14","date_gmt":"2023-06-16T14:51:14","guid":{"rendered":"https:\/\/www.cleanlease.com\/home\/"},"modified":"2025-04-09T18:28:19","modified_gmt":"2025-04-09T18:28:19","slug":"home","status":"publish","type":"page","link":"https:\/\/www.cleanlease.com\/fr\/","title":{"rendered":"Home"},"content":{"rendered":"\n<\/div>\n<div class=\"block simple-content   block-margin-top-large block-margin-bottom-none block-text-center\"\n        style=\"background-color:#f8f8f8\">\n    <div class=\"container small\">\n        <div class=\"row\">\n            <div class=\"col-12 \">\n                <div class=\"simple-content-container\">\n                    <div class=\"simple-content-intro\">\n                                            <\/div>\n                    \n                        <div class=\"custom-content\">\n<h2>Nous veillons \u00e0 ce que vous et vos clients disposiez chaque jour de textiles propres, durables et confortables.<\/h2>\n<p>Cela fait d\u00e9j\u00e0 plus de 100 ans que nous sommes sp\u00e9cialis\u00e9s dans le nettoyage et la location de textile de haute qualit\u00e9. Nous fournissons nos services aux h\u00f4pitaux, institutions de soins et villages de vacances en Belgique et aux Pays-Bas. Nous sommes toujours \u00e0 proximit\u00e9, accessibles et impliqu\u00e9s. En tant que partenaire de confiance, nous \u00e9paulons nos clients et proposons des solutions compl\u00e8tes sur mesure. Nous nous effor\u00e7ons d\u2019am\u00e9liorer continuellement la qualit\u00e9, d\u2019optimiser les co\u00fbts tout au long de la cha\u00eene et de r\u00e9duire notre empreinte carbone. Ensemble, nous am\u00e9liorons CleanLease un peu plus chaque jour. Pour nos clients, nos collaborateurs et l\u2019environnement.<\/p>\n<p>&nbsp;<\/p>\n<\/div>\n                        \n                                    <\/div>\n            <\/div>\n                    <\/div>\n    <\/div>\n<\/div>\n<div class=\"container\">\n\n\n\n<\/div>\n<div class=\"block full-width-media-block  block-margin-top-none block-margin-bottom-large block-text-left\" >\n            <div class=\"video-container\">\n                            <div class=\"video-overlay\">\n<!--                    -->                    <img loading=\"lazy\" decoding=\"async\" width=\"3440\" height=\"1100\" src=\"https:\/\/www.cleanlease.com\/wp-content\/uploads\/2023\/06\/Bedrijfsvideo.png\" class=\"video-thumbnail\" alt=\"\" srcset=\"https:\/\/www.cleanlease.com\/wp-content\/uploads\/2023\/06\/Bedrijfsvideo.png 3440w, https:\/\/www.cleanlease.com\/wp-content\/uploads\/2023\/06\/Bedrijfsvideo-300x96.png 300w, https:\/\/www.cleanlease.com\/wp-content\/uploads\/2023\/06\/Bedrijfsvideo-1024x327.png 1024w, https:\/\/www.cleanlease.com\/wp-content\/uploads\/2023\/06\/Bedrijfsvideo-768x246.png 768w, https:\/\/www.cleanlease.com\/wp-content\/uploads\/2023\/06\/Bedrijfsvideo-1536x491.png 1536w, https:\/\/www.cleanlease.com\/wp-content\/uploads\/2023\/06\/Bedrijfsvideo-2048x655.png 2048w\" sizes=\"auto, (max-width: 3440px) 100vw, 3440px\" \/>                    <div class=\"video-overlay-content\">\n                        <button class=\"video-control\"><span>Play video<\/span><\/button>\n                        <span>Vid\u00e9o d\u2019entreprise<\/span>                                            <\/div>\n\n                <\/div>\n                        <video controls>\n                <source src=\"https:\/\/www.cleanlease.com\/wp-content\/uploads\/2023\/09\/CleanLease-bedrijfsfilm.mp4\" type=\"video\/mp4\">\n                Your browser does not support HTML5 video            <\/video>\n        <\/div>\n    <\/div>\n<div class=\"container\">\n\n\n\n\n\n<\/div>\n<div class=\"block simple-content position-left  block-margin-top-large block-margin-bottom-none block-text-left\"\n        style=\"background-color:#f8f8f8\">\n    <div class=\"container\">\n        <div class=\"row\">\n            <div class=\"col-12 col-lg-7 offset-lg-1\">\n                <div class=\"simple-content-container\">\n                    <div class=\"simple-content-intro\">\n                                                    <span class=\"tagline\">Innovation &#038; d\u00e9veloppement<\/span>\n                        <h2 class='block-title'>Pour une collaboration plus intelligente et plus efficace<\/h2>                    <\/div>\n                    \n                        <p>En collaboration avec nos clients, partenaires et fournisseurs, nous \u00e9laborons des projets innovants, d\u00e9veloppons des lignes de produits durables et d\u00e9ployons des technologies intelligentes pour vous fournir des services optimaux aujourd\u2019hui et demain.<\/p>\n                        <a class=\"btn btn-primary\" href=\"https:\/\/cleanlease.com\/over-cleanlease\/innovatie\/\" target=\"_self\"><span class=\"btn-text\">En savoir plus sur nos innovations<\/span><\/a>\n                                    <\/div>\n            <\/div>\n                            <div class=\"simple-content-media has-image\">\n                                            <img loading=\"lazy\" decoding=\"async\" width=\"1\" height=\"1\" src=\"https:\/\/www.cleanlease.com\/wp-content\/uploads\/2023\/08\/Lamp-idea-1.svg\" class=\"attachment-large size-large\" alt=\"\" \/>                                                        <\/div>\n                    <\/div>\n    <\/div>\n<\/div>\n<div class=\"container\">\n\n\n<\/div>\n<div class=\"block highlight-image has-background  block-margin-top-large block-margin-bottom-large block-text-left\" style=\"background-image: url(https:\/\/www.cleanlease.com\/wp-content\/uploads\/2025\/01\/Duurzaam-Groen-MVO-sfeerbeeld-4-scaled.jpg)\" >\n  <div class=\"container\">\n        <div class=\"block-introduction\">\n          <div class=\"block-introduction-content\">\n                          <span class=\"tagline green\">La voie vers le d\u00e9veloppement durable<\/span>\n            <h2 class=\"block-title\">CleanLease et la responsabilit\u00e9 soci\u00e9tale des entreprises<\/h2>          <\/div>\n          <div class=\"block-introduction-icon\">\n            <img loading=\"lazy\" decoding=\"async\" width=\"1\" height=\"1\" src=\"https:\/\/www.cleanlease.com\/wp-content\/uploads\/2023\/09\/CleanLease-gaat-voor-groen-5-Sterren-CMYK-wit-1.svg\" class=\"attachment-80x80 size-80x80\" alt=\"\" \/>          <\/div>\n    <\/div>\n          <div class=\"row\">\n        <div class=\"col-md-6\">\n          <p>L\u2019entrepreneuriat durable est ancr\u00e9 dans la politique de CleanLease. C\u2019est un aspect qui nous tient particuli\u00e8rement \u00e0 c\u0153ur, et dans lequel nous avons de grandes ambitions. C\u2019est pourquoi nous avons reli\u00e9 les cinq th\u00e8mes fondamentaux de notre politique RSE aux objectifs de d\u00e9veloppement durable des Nations Unies. Nous respectons rigoureusement l\u2019environnement, nous prenons soin de notre personnel et nous faisons de la responsabilit\u00e9 soci\u00e9tale des entreprises une priorit\u00e9.<\/p>\n<p><a class=\"btn btn-green\" href=\"https:\/\/cleanlease.com\/over-cleanlease\/duurzaamheid\/\">En savoir plus sur le d\u00e9veloppement durable<\/a><\/p>\n        <\/div>\n        <div class=\"col-md-6\">\n          <ul class=\"leaf-list\">\n<li><span class=\"s1\">Certification VCDO <\/span><\/li>\n<li class=\"p1\"><span class=\"s1\">Accent mis sur la contribution maximale \u00e0 la durabilisation de la cha\u00eene<\/span><\/li>\n<li class=\"p1\"><span class=\"s1\">Entrepreneuriat diversifi\u00e9 et inclusif \u2013 PSO 30+<\/span><\/li>\n<\/ul>\n        <\/div>\n      <\/div>\n      <\/div>\n    <div class=\"overlay\" style=\"opacity: 0.6\"    ><\/div>\n\n<\/div>\n<div class=\"container\">\n\n\n\n<div class=\"contact-location-block block  block-margin-top-none block-margin-bottom-none block-text-left\" >\n    <div class=\"row g-3\">\n        <div class=\"col-md-6 align-self-center\">\n            <div class=\"block-introduction\">\n                <span class=\"tagline\">Prendre contact <\/span><h2>Nous sommes pr\u00e9sents en Belgique et aux Pays-Bas<\/h2><p>Toujours \u00e0 proximit\u00e9 et accessibles\u00a0! Nous disposons de plus de 25\u00a0sites en Belgique et aux Pays-Bas.<\/p>\n<h3>Vous souhaitez nous contacter directement?<\/h3>\n<p>Notre service client\u00e8le est \u00e0 votre disposition, consultez <a href=\"https:\/\/cleanlease.com\/contact\/\">ici<\/a> nos coordonn\u00e9es.<\/p>\n<p><a class=\"btn btn-secondary\" href=\"tel:+31884002700\">Appelez-nous au +32 50 79 93 93<\/a><\/p>\n            <\/div>\n            <div class=\"content\">\n                            <\/div>\n        <\/div>\n                <div class=\"col-md-6\">\n            <div class=\"image\">\n<!--                -->                <img loading=\"lazy\" decoding=\"async\" width=\"928\" height=\"1024\" src=\"https:\/\/www.cleanlease.com\/wp-content\/uploads\/2024\/01\/CL-landkaartNLBE-1-928x1024.png\" class=\"attachment-large size-large\" alt=\"\" srcset=\"https:\/\/www.cleanlease.com\/wp-content\/uploads\/2024\/01\/CL-landkaartNLBE-1-928x1024.png 928w, https:\/\/www.cleanlease.com\/wp-content\/uploads\/2024\/01\/CL-landkaartNLBE-1-272x300.png 272w, https:\/\/www.cleanlease.com\/wp-content\/uploads\/2024\/01\/CL-landkaartNLBE-1-768x847.png 768w, https:\/\/www.cleanlease.com\/wp-content\/uploads\/2024\/01\/CL-landkaartNLBE-1.png 969w\" sizes=\"auto, (max-width: 928px) 100vw, 928px\" \/>            <\/div>\n        <\/div>\n            <\/div>\n<\/div>\n\n\n\n<div class=\"vacancy-block block has-background  block-margin-top-large block-margin-bottom-large block-text-left\" >\n    <div class=\"block-background-image\" style=\"background-image:url(https:\/\/www.cleanlease.com\/wp-content\/uploads\/2023\/06\/collage.png)\"><\/div>    <div class=\"block-background-darken\"><\/div>        <div class=\"vacancy-block-items row flex flex-md-row-reverse g-3\">\n                    <div class=\"col-12 col-lg-4\">\n                <div class=\"vacancy-block-cta\">\n                    <div class=\"vacancy-block-cta-content\">\n                        <div class=\"arrow\">\n                                                        <svg xmlns=\"http:\/\/www.w3.org\/2000\/svg\" xmlns:xlink=\"http:\/\/www.w3.org\/1999\/xlink\" viewBox=\"0 0 109 64\">\n                                <defs>\n                                    <path id=\"b\" d=\"M0 0h100.043v45.921H0z\"\/>\n                                    <path id=\"d\" d=\"M0 0h3.28v31.161H0z\"\/>\n                                    <path id=\"f\" d=\"M0 0h19.681v14.76H0z\"\/>\n                                                                        <filter x=\"-10.9%\" y=\"-12.9%\" width=\"121.8%\" height=\"125.8%\" filterUnits=\"objectBoundingBox\" id=\"arrow_svg_filter\">\n                                        <feOffset dy=\"2\" in=\"SourceAlpha\" result=\"shadowOffsetOuter1\"\/>\n                                        <feGaussianBlur stdDeviation=\"2\" in=\"shadowOffsetOuter1\" result=\"shadowBlurOuter1\"\/>\n                                        <feColorMatrix values=\"0 0 0 0 0 0 0 0 0 0 0 0 0 0 0 0 0 0 0.5 0\" in=\"shadowBlurOuter1\" result=\"shadowMatrixOuter1\"\/>\n                                        <feMerge>\n                                            <feMergeNode in=\"shadowMatrixOuter1\"\/>\n                                            <feMergeNode in=\"SourceGraphic\"\/>\n                                        <\/feMerge>\n                                    <\/filter>\n                                                                    <\/defs>\n                                <g filter=\"url(#arrow_svg_filter)\" transform=\"translate(3.123 -10.375)\" fill=\"none\" fill-rule=\"evenodd\">\n                                    <g transform=\"scale(1 -1) rotate(-33 -64.32 -21.578)\">\n                                        <path d=\"M98.14 29.592c-7.463 4.54-15.457 8.236-23.868 10.68-8.3 2.412-16.976 3.577-25.621 2.94-7.674-.567-15.144-2.642-21.882-6.35-6.258-3.445-11.897-8.158-16.155-13.883-4.142-5.57-7.073-12.125-7.846-19.041-.1-.901-.166-1.805-.201-2.71C2.502-.406-.063-.414 0 1.227c.29 7.39 2.751 14.55 6.796 20.74 4.102 6.279 9.68 11.558 16.046 15.545 6.715 4.206 14.243 6.818 22.103 7.858 8.872 1.175 17.918.409 26.585-1.726 8.779-2.161 17.21-5.713 25.047-10.172.96-.547 1.913-1.109 2.858-1.683 1.405-.855.118-3.057-1.295-2.198\" fill=\"#FEFEFE\"\/>\n                                    <\/g>\n                                    <g transform=\"scale(1 -1) rotate(-33 -63.5 -18.81)\">\n                                        <path d=\"M.15 1.217a158.38 158.38 0 0 0 1.407 29.02c.094.669.649 1.055 1.085.883.487-.192.712-.885.617-1.557-1.318-9.317-1.76-18.858-1.344-28.346C1.986-.409.22-.403.15 1.217\" fill=\"#FEFEFE\"\/>\n                                    <\/g>\n                                    <g transform=\"scale(1 -1) rotate(-33 -64.32 -21.578)\">\n                                        <path d=\"M.369 2.165a62.98 62.98 0 0 0 17.415 12.443c.616.296 1.368.168 1.733-.454.324-.554.164-1.433-.455-1.731A60.92 60.92 0 0 1 2.161.376c-1.148-1.16-2.94.63-1.792 1.79\" fill=\"#FEFEFE\"\/>\n                                    <\/g>\n                                <\/g>\n                            <\/svg>\n                        <\/div>\n                        <div class=\"content\">\n                            <p class=\"h2\">Nous recherchons des coll\u00e8gues formidables !<\/p>                            <a class=\"btn btn-primary\" href=\"https:\/\/cleanlease.com\/werken-bij-cleanlease\/\" target=\"_self\"><span class=\"btn-text\">Consultez nos offres d&#039;emploi<\/span><\/a>                        <\/div>\n                    <\/div>\n                <\/div>\n            <\/div>\n                            <div class=\"col-md-6 col-lg-4\">\n                \n<a class=\"card\" href=\"https:\/\/www.cleanlease.com\/fr\/vacancies\/chauffeur-c-ce-goes\/\">\n        <div class=\"card-image\">\n        <img decoding=\"async\" src=\"https:\/\/tool2match-prod-public.ams3.cdn.digitaloceanspaces.com\/778\/cms\/job-thumbnails\/444\/1732786736120_Vacature%20banner%202024%20(20).png\" alt=\"vacancy card image\">    <\/div>\n        <div class=\"card-content\">\n        <span class=\"card-title\">Chauffeur C\/CE Goes<\/span>\n                    <ul class=\"card-icon-list\">\n                                    <li><span class=\"material-icons-outlined\">schedule<\/span>36-40<\/li>\n                                                    <li><span class=\"material-icons-outlined\">place<\/span>Goes<\/li>\n                            <\/ul>\n                <p>Ben jij klaar voor een baan waar je niet alleen meters maakt op de weg, maar ook het verschil maakt voor ziekenhuizen, zorginstellingen en vakantieparken? Bij CleanLease zoeken we een\u2026<\/p>        <span class=\"btn btn-secondary\">View vacancy<\/span>\n    <\/div>\n<\/a>\n            <\/div>\n                    <div class=\"col-md-6 col-lg-4\">\n                \n<a class=\"card\" href=\"https:\/\/www.cleanlease.com\/fr\/vacancies\/productiemanager-zoetermeer\/\">\n        <div class=\"card-image\">\n        <img decoding=\"async\" src=\"https:\/\/tool2match-prod-public.ams3.cdn.digitaloceanspaces.com\/778\/cms\/job-thumbnails\/443\/1776067794565_Vacature%20banner%202024%20(18).png\" alt=\"vacancy card image\">    <\/div>\n        <div class=\"card-content\">\n        <span class=\"card-title\">Senior Productiemanager Zoetermeer<\/span>\n                    <ul class=\"card-icon-list\">\n                                    <li><span class=\"material-icons-outlined\">schedule<\/span>40<\/li>\n                                                    <li><span class=\"material-icons-outlined\">place<\/span>Zoetermeer<\/li>\n                            <\/ul>\n                <p>Als \u00a0Senior Productiemanager bij CleanLease weet jij onze medewerkers te motiveren \u00e9n te inspireren in hun werk. Doelstellingen worden onder jouw begeleiding met gemak gehaald. Met jouw kritische en scherpe\u2026<\/p>        <span class=\"btn btn-secondary\">View vacancy<\/span>\n    <\/div>\n<\/a>\n            <\/div>\n            <\/div>\n<\/div>\n","protected":false},"excerpt":{"rendered":"","protected":false},"author":1,"featured_media":0,"parent":0,"menu_order":-1,"comment_status":"closed","ping_status":"closed","template":"","meta":{"_acf_changed":false,"footnotes":""},"class_list":["post-10799","page","type-page","status-publish","hentry"],"acf":[],"yoast_head":"<!-- This site is optimized with the Yoast SEO plugin v26.8 - https:\/\/yoast.com\/product\/yoast-seo-wordpress\/ -->\n<title>CleanLease | Votre partenaire pour l\u2019entretien du textile<\/title>\n<meta name=\"description\" content=\"Choisissez CleanLease pour un service textile de qualit\u00e9 dans les soins de sant\u00e9, l\u2019h\u00f4tellerie et plus encore.\" \/>\n<meta name=\"robots\" content=\"index, follow, max-snippet:-1, max-image-preview:large, max-video-preview:-1\" \/>\n<link rel=\"canonical\" href=\"https:\/\/www.cleanlease.com\/fr\/\" \/>\n<meta property=\"og:locale\" content=\"fr_FR\" \/>\n<meta property=\"og:type\" content=\"article\" \/>\n<meta property=\"og:title\" content=\"CleanLease | Votre partenaire pour l\u2019entretien du textile\" \/>\n<meta property=\"og:description\" content=\"Choisissez CleanLease pour un service textile de qualit\u00e9 dans les soins de sant\u00e9, l\u2019h\u00f4tellerie et plus encore.\" \/>\n<meta property=\"og:url\" content=\"https:\/\/www.cleanlease.com\/fr\/\" \/>\n<meta property=\"og:site_name\" content=\"CleanLease\" \/>\n<meta property=\"article:modified_time\" content=\"2025-04-09T18:28:19+00:00\" \/>\n<meta name=\"twitter:card\" content=\"summary_large_image\" \/>\n<meta name=\"twitter:label1\" content=\"Dur\u00e9e de lecture estim\u00e9e\" \/>\n\t<meta name=\"twitter:data1\" content=\"3 minutes\" \/>\n<script type=\"application\/ld+json\" class=\"yoast-schema-graph\">{\"@context\":\"https:\/\/schema.org\",\"@graph\":[{\"@type\":\"WebPage\",\"@id\":\"https:\/\/www.cleanlease.com\/fr\/\",\"url\":\"https:\/\/www.cleanlease.com\/fr\/\",\"name\":\"CleanLease | Votre partenaire pour l\u2019entretien du textile\",\"isPartOf\":{\"@id\":\"https:\/\/www.cleanlease.com\/#website\"},\"datePublished\":\"2023-06-16T14:51:14+00:00\",\"dateModified\":\"2025-04-09T18:28:19+00:00\",\"description\":\"Choisissez CleanLease pour un service textile de qualit\u00e9 dans les soins de sant\u00e9, l\u2019h\u00f4tellerie et plus encore.\",\"breadcrumb\":{\"@id\":\"https:\/\/www.cleanlease.com\/fr\/#breadcrumb\"},\"inLanguage\":\"fr-FR\",\"potentialAction\":[{\"@type\":\"ReadAction\",\"target\":[\"https:\/\/www.cleanlease.com\/fr\/\"]}]},{\"@type\":\"BreadcrumbList\",\"@id\":\"https:\/\/www.cleanlease.com\/fr\/#breadcrumb\",\"itemListElement\":[{\"@type\":\"ListItem\",\"position\":1,\"name\":\"Home\",\"item\":\"https:\/\/www.cleanlease.com\/fr\/\"},{\"@type\":\"ListItem\",\"position\":2,\"name\":\"Home\"}]},{\"@type\":\"WebSite\",\"@id\":\"https:\/\/www.cleanlease.com\/#website\",\"url\":\"https:\/\/www.cleanlease.com\/\",\"name\":\"CleanLease\",\"description\":\"Because we care\",\"potentialAction\":[{\"@type\":\"SearchAction\",\"target\":{\"@type\":\"EntryPoint\",\"urlTemplate\":\"https:\/\/www.cleanlease.com\/?s={search_term_string}\"},\"query-input\":{\"@type\":\"PropertyValueSpecification\",\"valueRequired\":true,\"valueName\":\"search_term_string\"}}],\"inLanguage\":\"fr-FR\"}]}<\/script>\n<!-- \/ Yoast SEO plugin. -->","yoast_head_json":{"title":"CleanLease | Votre partenaire pour l\u2019entretien du textile","description":"Choisissez CleanLease pour un service textile de qualit\u00e9 dans les soins de sant\u00e9, l\u2019h\u00f4tellerie et plus encore.","robots":{"index":"index","follow":"follow","max-snippet":"max-snippet:-1","max-image-preview":"max-image-preview:large","max-video-preview":"max-video-preview:-1"},"canonical":"https:\/\/www.cleanlease.com\/fr\/","og_locale":"fr_FR","og_type":"article","og_title":"CleanLease | Votre partenaire pour l\u2019entretien du textile","og_description":"Choisissez CleanLease pour un service textile de qualit\u00e9 dans les soins de sant\u00e9, l\u2019h\u00f4tellerie et plus encore.","og_url":"https:\/\/www.cleanlease.com\/fr\/","og_site_name":"CleanLease","article_modified_time":"2025-04-09T18:28:19+00:00","twitter_card":"summary_large_image","twitter_misc":{"Dur\u00e9e de lecture estim\u00e9e":"3 minutes"},"schema":{"@context":"https:\/\/schema.org","@graph":[{"@type":"WebPage","@id":"https:\/\/www.cleanlease.com\/fr\/","url":"https:\/\/www.cleanlease.com\/fr\/","name":"CleanLease | Votre partenaire pour l\u2019entretien du textile","isPartOf":{"@id":"https:\/\/www.cleanlease.com\/#website"},"datePublished":"2023-06-16T14:51:14+00:00","dateModified":"2025-04-09T18:28:19+00:00","description":"Choisissez CleanLease pour un service textile de qualit\u00e9 dans les soins de sant\u00e9, l\u2019h\u00f4tellerie et plus encore.","breadcrumb":{"@id":"https:\/\/www.cleanlease.com\/fr\/#breadcrumb"},"inLanguage":"fr-FR","potentialAction":[{"@type":"ReadAction","target":["https:\/\/www.cleanlease.com\/fr\/"]}]},{"@type":"BreadcrumbList","@id":"https:\/\/www.cleanlease.com\/fr\/#breadcrumb","itemListElement":[{"@type":"ListItem","position":1,"name":"Home","item":"https:\/\/www.cleanlease.com\/fr\/"},{"@type":"ListItem","position":2,"name":"Home"}]},{"@type":"WebSite","@id":"https:\/\/www.cleanlease.com\/#website","url":"https:\/\/www.cleanlease.com\/","name":"CleanLease","description":"Because we care","potentialAction":[{"@type":"SearchAction","target":{"@type":"EntryPoint","urlTemplate":"https:\/\/www.cleanlease.com\/?s={search_term_string}"},"query-input":{"@type":"PropertyValueSpecification","valueRequired":true,"valueName":"search_term_string"}}],"inLanguage":"fr-FR"}]}},"_links":{"self":[{"href":"https:\/\/www.cleanlease.com\/fr\/wp-json\/wp\/v2\/pages\/10799","targetHints":{"allow":["GET"]}}],"collection":[{"href":"https:\/\/www.cleanlease.com\/fr\/wp-json\/wp\/v2\/pages"}],"about":[{"href":"https:\/\/www.cleanlease.com\/fr\/wp-json\/wp\/v2\/types\/page"}],"author":[{"embeddable":true,"href":"https:\/\/www.cleanlease.com\/fr\/wp-json\/wp\/v2\/users\/1"}],"replies":[{"embeddable":true,"href":"https:\/\/www.cleanlease.com\/fr\/wp-json\/wp\/v2\/comments?post=10799"}],"version-history":[{"count":8,"href":"https:\/\/www.cleanlease.com\/fr\/wp-json\/wp\/v2\/pages\/10799\/revisions"}],"predecessor-version":[{"id":11923,"href":"https:\/\/www.cleanlease.com\/fr\/wp-json\/wp\/v2\/pages\/10799\/revisions\/11923"}],"wp:attachment":[{"href":"https:\/\/www.cleanlease.com\/fr\/wp-json\/wp\/v2\/media?parent=10799"}],"curies":[{"name":"wp","href":"https:\/\/api.w.org\/{rel}","templated":true}]}}