{"id":11184,"date":"2023-08-24T07:25:29","date_gmt":"2023-08-24T07:25:29","guid":{"rendered":"https:\/\/www.cleanlease.com\/?page_id=11184"},"modified":"2025-04-09T18:44:49","modified_gmt":"2025-04-09T18:44:49","slug":"wasservice","status":"publish","type":"page","link":"https:\/\/www.cleanlease.com\/be\/leisure\/wasservice\/","title":{"rendered":"Wasservice"},"content":{"rendered":"\n<\/div>\n<div class=\"block simple-content   block-margin-top-normal block-margin-bottom-normal block-text-center\"\n        style=\"background-color:#f8f8f8\">\n    <div class=\"container small\">\n        <div class=\"row\">\n            <div class=\"col-12 \">\n                <div class=\"simple-content-container\">\n                    <div class=\"simple-content-intro\">\n                                                    <span class=\"tagline\">LEISURE<\/span>\n                                            <\/div>\n                    \n                        <h1>Wasservice<\/h1>\n<p>Er komt heel wat kijken bij een professionele textielverzorging. Onze wasprocessen zijn duurzaam en effici\u00ebnt ingericht. Het textiel wordt netjes gepakketteerd en in rolcontainers op uw park geleverd. Na de levering nemen wij direct het vuile linnen mee retour naar de wasserij om weer schoon te kunnen wassen, volgens strenge kwaliteitsnormen. Wij bedienen alle vakantieparken in Nederland en Belgi\u00eb vanuit vijf industri\u00eble wasserijen. We gebruiken daarbij onze ervaring en nauwkeurige forecast, zodat wij goed voorbereid zijn op drukke (vakantie-)weken. Mede dankzij onze professionals in de wasserij en ervaren chauffeurs zijn wij al voor meer dan 260 vakantieparken een betrouwbare partner op het gebied van textielverzorging.<\/p>\n                        \n                                    <\/div>\n            <\/div>\n                    <\/div>\n    <\/div>\n<\/div>\n<div class=\"container\">\n\n\n\n<\/div>\n<div class=\"block simple-content position-right  block-margin-top-large block-margin-bottom-normal block-text-left\"\n        style=\"background-color:#FFFFFF\">\n    <div class=\"container\">\n        <div class=\"row\">\n            <div class=\"col-12 col-lg-7 \">\n                <div class=\"simple-content-container\">\n                    <div class=\"simple-content-intro\">\n                                                    <span class=\"tagline\">Wasservice<\/span>\n                        <h2 class='block-title'>Kwaliteit borgen<\/h2>                    <\/div>\n                    \n                        <p>Onze wasserijen worden continu voorzien van de laatste innovaties en technologie\u00ebn. Om het wasproces duurzamer, maar ook n\u00f3g beter en effici\u00ebnter te maken. Onze mangelstraten zorgen dat het linnen kreukvrij wordt. Tevens wordt er gebruikt gemaakt van cameradetectiesystemen, zodat wij afkeur uit het proces kunnen halen.<\/p>\n<p>Het wasproces wordt nauwkeurig afgesteld, zodat de kleur behouden wordt en de was hygi\u00ebnisch schoon komt.<\/p>\n                        \n                                    <\/div>\n            <\/div>\n                            <div class=\"simple-content-media has-image offset-lg-1\">\n                                            <img loading=\"lazy\" decoding=\"async\" width=\"1024\" height=\"1024\" src=\"https:\/\/www.cleanlease.com\/wp-content\/uploads\/2023\/10\/LEISURE30-1024x1024.png\" class=\"attachment-large size-large\" alt=\"\" srcset=\"https:\/\/www.cleanlease.com\/wp-content\/uploads\/2023\/10\/LEISURE30-1024x1024.png 1024w, https:\/\/www.cleanlease.com\/wp-content\/uploads\/2023\/10\/LEISURE30-300x300.png 300w, https:\/\/www.cleanlease.com\/wp-content\/uploads\/2023\/10\/LEISURE30-150x150.png 150w, https:\/\/www.cleanlease.com\/wp-content\/uploads\/2023\/10\/LEISURE30-768x768.png 768w, https:\/\/www.cleanlease.com\/wp-content\/uploads\/2023\/10\/LEISURE30-1536x1536.png 1536w, https:\/\/www.cleanlease.com\/wp-content\/uploads\/2023\/10\/LEISURE30.png 1667w\" sizes=\"auto, (max-width: 1024px) 100vw, 1024px\" \/>                                                        <\/div>\n                    <\/div>\n    <\/div>\n<\/div>\n<div class=\"container\">\n\n\n\n<\/div>\n<div class=\"block simple-content position-left  block-margin-top-normal block-margin-bottom-normal block-text-left\"\n        style=\"background-color:#FFFFFF\">\n    <div class=\"container\">\n        <div class=\"row\">\n            <div class=\"col-12 col-lg-7 offset-lg-1\">\n                <div class=\"simple-content-container\">\n                    <div class=\"simple-content-intro\">\n                                                    <span class=\"tagline\">Wasservice<\/span>\n                        <h2 class='block-title'>Duurzaam wasproces<\/h2>                    <\/div>\n                    \n                        <p>Duurzaamheid zit in het DNA van CleanLease. Wij voldoen aan alle milieu wet- en regelgeving en streven ernaar het milieu zo min mogelijk te belasten met onze activiteiten. Dit houdt in dat we continu inzetten op het minimaliseren van het gebruik van chemicali\u00ebn en water voor de faciliteiten in het wasproces. Dit is belangrijk voor de milieu-impact van het wasproces en, in mindere mate, de uitstoot van fijnstof van het wagenpark.<\/p>\n<p>Wij hebben een milieumanagementsysteem ge\u00efmplementeerd volgens ISO 14001 dat jaarlijks door een certificerende instelling wordt gecontroleerd. Door te voldoen aan deze <a href=\"https:\/\/www.cleanlease.com\/be\/certificeringen-keurmerken\/\">certificering<\/a> zorgen wij voor een verantwoord gebruik van hulpbronnen en verminderen wij de belasting op onze omgeving.<\/p>\n                        <a class=\"btn btn-primary\" href=\"https:\/\/cleanlease.com\/be\/over-cleanlease\/duurzaamheid\/\" target=\"_self\"><span class=\"btn-text\">Lees meer over ons duurzaamheidsbeleid<\/span><\/a>\n                                    <\/div>\n            <\/div>\n                            <div class=\"simple-content-media has-image\">\n                                            <img loading=\"lazy\" decoding=\"async\" width=\"1024\" height=\"1024\" src=\"https:\/\/www.cleanlease.com\/wp-content\/uploads\/2023\/10\/LEISURE29-1024x1024.png\" class=\"attachment-large size-large\" alt=\"\" srcset=\"https:\/\/www.cleanlease.com\/wp-content\/uploads\/2023\/10\/LEISURE29-1024x1024.png 1024w, https:\/\/www.cleanlease.com\/wp-content\/uploads\/2023\/10\/LEISURE29-300x300.png 300w, https:\/\/www.cleanlease.com\/wp-content\/uploads\/2023\/10\/LEISURE29-150x150.png 150w, https:\/\/www.cleanlease.com\/wp-content\/uploads\/2023\/10\/LEISURE29-768x768.png 768w, https:\/\/www.cleanlease.com\/wp-content\/uploads\/2023\/10\/LEISURE29-1536x1536.png 1536w, https:\/\/www.cleanlease.com\/wp-content\/uploads\/2023\/10\/LEISURE29.png 1667w\" sizes=\"auto, (max-width: 1024px) 100vw, 1024px\" \/>                                                        <\/div>\n                    <\/div>\n    <\/div>\n<\/div>\n<div class=\"container\">\n\n\n\n<\/div>\n<div class=\"block simple-content position-right  block-margin-top-normal block-margin-bottom-normal block-text-left\"\n        style=\"background-color:#FFFFFF\">\n    <div class=\"container\">\n        <div class=\"row\">\n            <div class=\"col-12 col-lg-7 \">\n                <div class=\"simple-content-container\">\n                    <div class=\"simple-content-intro\">\n                                                    <span class=\"tagline\">Wasservice<\/span>\n                        <h2 class='block-title'>Betrouwbaar<\/h2>                    <\/div>\n                    \n                        <p>Laagseizoen of hoogseizoen? U moet altijd kunnen vertrouwen op voldoende kwalitatief textiel! Wij zijn gewend om wekelijks voor meer dan 200.000 gasten en op meer dan 260 vakantieparken het textiel te verzorgen. Dat maakt ons uw betrouwbare partner!<\/p>\n                        \n                                    <\/div>\n            <\/div>\n                            <div class=\"simple-content-media has-image offset-lg-1\">\n                                            <img loading=\"lazy\" decoding=\"async\" width=\"1024\" height=\"1024\" src=\"https:\/\/www.cleanlease.com\/wp-content\/uploads\/2023\/10\/LEISURE31-1024x1024.png\" class=\"attachment-large size-large\" alt=\"\" srcset=\"https:\/\/www.cleanlease.com\/wp-content\/uploads\/2023\/10\/LEISURE31-1024x1024.png 1024w, https:\/\/www.cleanlease.com\/wp-content\/uploads\/2023\/10\/LEISURE31-300x300.png 300w, https:\/\/www.cleanlease.com\/wp-content\/uploads\/2023\/10\/LEISURE31-150x150.png 150w, https:\/\/www.cleanlease.com\/wp-content\/uploads\/2023\/10\/LEISURE31-768x768.png 768w, https:\/\/www.cleanlease.com\/wp-content\/uploads\/2023\/10\/LEISURE31-1536x1536.png 1536w, https:\/\/www.cleanlease.com\/wp-content\/uploads\/2023\/10\/LEISURE31.png 1667w\" sizes=\"auto, (max-width: 1024px) 100vw, 1024px\" \/>                                                        <\/div>\n                    <\/div>\n    <\/div>\n<\/div>\n<div class=\"container\">\n\n\n\n<\/div>\n<div class=\"block simple-content position-left  block-margin-top-none block-margin-bottom-none block-text-left\"\n        style=\"background-color:#FFFFFF\">\n    <div class=\"container\">\n        <div class=\"row\">\n            <div class=\"col-12 col-lg-7 offset-lg-1\">\n                <div class=\"simple-content-container\">\n                    <div class=\"simple-content-intro\">\n                                                    <span class=\"tagline\">Wasservice<\/span>\n                        <h2 class='block-title'>Kwalitatief textiel met slimme techniek<\/h2>                    <\/div>\n                    \n                        <p>Met onze onzichtbare RFiD-chips in het textiel weten we op ieder moment precies waar het textiel zich bevindt. Maar ook hoe vaak het artikel al is gewassen. Zo kunnen we het textiel optimaal beheren. Geen zorgen, deze technologie zit in de zoom verwerkt. Daarom is deze niet te zien of te voelen!<\/p>\n                        \n                                    <\/div>\n            <\/div>\n                            <div class=\"simple-content-media has-image\">\n                                            <img loading=\"lazy\" decoding=\"async\" width=\"1\" height=\"1\" src=\"https:\/\/www.cleanlease.com\/wp-content\/uploads\/2023\/08\/RFID-1.svg\" class=\"attachment-large size-large\" alt=\"\" \/>                                                        <\/div>\n                    <\/div>\n    <\/div>\n<\/div>\n<div class=\"container\">\n\n\n\n<div class=\"contact-location-block block  block-margin-top-none block-margin-bottom-none block-text-left\" >\n    <div class=\"row g-3\">\n        <div class=\"col-md-6 align-self-center\">\n            <div class=\"block-introduction\">\n                <h2>Altijd bij u in de buurt<\/h2><p>Er is altijd wel een <a href=\"https:\/\/www.cleanlease.com\/be\/contact\/\">CleanLease vestiging<\/a> bij u in de buurt. Wij hebben maar liefst 27 locaties in heel Belgi\u00eb en Nederland, waarvan er vijf speciaal zijn ingericht voor vakantieparken. Wij zijn gespecialiseerd in het verwerken van grote volumes textiel. Daarnaast hebben wij een landelijke dekking en verzorgen wekelijks al voor meer dan 260 vakantieparken het textiel. Onze routes worden zo effici\u00ebnt mogelijk ingepland om de CO2 uitstoot te beperken. Zo garanderen wij een optimale dienstverlening!<\/p>\n            <\/div>\n            <div class=\"content\">\n                            <\/div>\n        <\/div>\n                <div class=\"col-md-6\">\n            <div class=\"image\">\n<!--                -->                <img loading=\"lazy\" decoding=\"async\" width=\"928\" height=\"1024\" src=\"https:\/\/www.cleanlease.com\/wp-content\/uploads\/2024\/01\/CL-landkaartNLBE-1-928x1024.png\" class=\"attachment-large size-large\" alt=\"\" srcset=\"https:\/\/www.cleanlease.com\/wp-content\/uploads\/2024\/01\/CL-landkaartNLBE-1-928x1024.png 928w, https:\/\/www.cleanlease.com\/wp-content\/uploads\/2024\/01\/CL-landkaartNLBE-1-272x300.png 272w, https:\/\/www.cleanlease.com\/wp-content\/uploads\/2024\/01\/CL-landkaartNLBE-1-768x847.png 768w, https:\/\/www.cleanlease.com\/wp-content\/uploads\/2024\/01\/CL-landkaartNLBE-1.png 969w\" sizes=\"auto, (max-width: 928px) 100vw, 928px\" \/>            <\/div>\n        <\/div>\n            <\/div>\n<\/div>\n","protected":false},"excerpt":{"rendered":"","protected":false},"author":5,"featured_media":0,"parent":11180,"menu_order":0,"comment_status":"closed","ping_status":"closed","template":"","meta":{"_acf_changed":false,"footnotes":""},"class_list":["post-11184","page","type-page","status-publish","hentry"],"acf":[],"yoast_head":"<!-- This site is optimized with the Yoast SEO plugin v26.8 - https:\/\/yoast.com\/product\/yoast-seo-wordpress\/ -->\n<title>Professionele wasservice voor recreatie | CleanLease<\/title>\n<meta name=\"description\" content=\"Onze wasservice combineert kwaliteit en nauwkeurigheid \u2013 precies wat u nodig heeft voor recreatief textielonderhoud.\" \/>\n<meta name=\"robots\" content=\"index, follow, max-snippet:-1, max-image-preview:large, max-video-preview:-1\" \/>\n<link rel=\"canonical\" href=\"https:\/\/www.cleanlease.com\/be\/leisure\/wasservice\/\" \/>\n<meta property=\"og:locale\" content=\"nl_BE\" \/>\n<meta property=\"og:type\" content=\"article\" \/>\n<meta property=\"og:title\" content=\"Professionele wasservice voor recreatie | CleanLease\" \/>\n<meta property=\"og:description\" content=\"Onze wasservice combineert kwaliteit en nauwkeurigheid \u2013 precies wat u nodig heeft voor recreatief textielonderhoud.\" \/>\n<meta property=\"og:url\" content=\"https:\/\/www.cleanlease.com\/be\/leisure\/wasservice\/\" \/>\n<meta property=\"og:site_name\" content=\"CleanLease\" \/>\n<meta property=\"article:modified_time\" content=\"2025-04-09T18:44:49+00:00\" \/>\n<meta name=\"twitter:card\" content=\"summary_large_image\" \/>\n<meta name=\"twitter:label1\" content=\"Geschatte leestijd\" \/>\n\t<meta name=\"twitter:data1\" content=\"1 minuut\" \/>\n<script type=\"application\/ld+json\" class=\"yoast-schema-graph\">{\"@context\":\"https:\/\/schema.org\",\"@graph\":[{\"@type\":\"WebPage\",\"@id\":\"https:\/\/www.cleanlease.com\/be\/leisure\/wasservice\/\",\"url\":\"https:\/\/www.cleanlease.com\/be\/leisure\/wasservice\/\",\"name\":\"Professionele wasservice voor recreatie | CleanLease\",\"isPartOf\":{\"@id\":\"https:\/\/www.cleanlease.com\/#website\"},\"datePublished\":\"2023-08-24T07:25:29+00:00\",\"dateModified\":\"2025-04-09T18:44:49+00:00\",\"description\":\"Onze wasservice combineert kwaliteit en nauwkeurigheid \u2013 precies wat u nodig heeft voor recreatief textielonderhoud.\",\"breadcrumb\":{\"@id\":\"https:\/\/www.cleanlease.com\/be\/leisure\/wasservice\/#breadcrumb\"},\"inLanguage\":\"nl-BE\",\"potentialAction\":[{\"@type\":\"ReadAction\",\"target\":[\"https:\/\/www.cleanlease.com\/be\/leisure\/wasservice\/\"]}]},{\"@type\":\"BreadcrumbList\",\"@id\":\"https:\/\/www.cleanlease.com\/be\/leisure\/wasservice\/#breadcrumb\",\"itemListElement\":[{\"@type\":\"ListItem\",\"position\":1,\"name\":\"Home\",\"item\":\"https:\/\/www.cleanlease.com\/be\/\"},{\"@type\":\"ListItem\",\"position\":2,\"name\":\"Leisure\",\"item\":\"https:\/\/www.cleanlease.com\/be\/leisure\/\"},{\"@type\":\"ListItem\",\"position\":3,\"name\":\"Wasservice\"}]},{\"@type\":\"WebSite\",\"@id\":\"https:\/\/www.cleanlease.com\/#website\",\"url\":\"https:\/\/www.cleanlease.com\/\",\"name\":\"CleanLease\",\"description\":\"Because we care\",\"potentialAction\":[{\"@type\":\"SearchAction\",\"target\":{\"@type\":\"EntryPoint\",\"urlTemplate\":\"https:\/\/www.cleanlease.com\/?s={search_term_string}\"},\"query-input\":{\"@type\":\"PropertyValueSpecification\",\"valueRequired\":true,\"valueName\":\"search_term_string\"}}],\"inLanguage\":\"nl-BE\"}]}<\/script>\n<!-- \/ Yoast SEO plugin. -->","yoast_head_json":{"title":"Professionele wasservice voor recreatie | CleanLease","description":"Onze wasservice combineert kwaliteit en nauwkeurigheid \u2013 precies wat u nodig heeft voor recreatief textielonderhoud.","robots":{"index":"index","follow":"follow","max-snippet":"max-snippet:-1","max-image-preview":"max-image-preview:large","max-video-preview":"max-video-preview:-1"},"canonical":"https:\/\/www.cleanlease.com\/be\/leisure\/wasservice\/","og_locale":"nl_BE","og_type":"article","og_title":"Professionele wasservice voor recreatie | CleanLease","og_description":"Onze wasservice combineert kwaliteit en nauwkeurigheid \u2013 precies wat u nodig heeft voor recreatief textielonderhoud.","og_url":"https:\/\/www.cleanlease.com\/be\/leisure\/wasservice\/","og_site_name":"CleanLease","article_modified_time":"2025-04-09T18:44:49+00:00","twitter_card":"summary_large_image","twitter_misc":{"Geschatte leestijd":"1 minuut"},"schema":{"@context":"https:\/\/schema.org","@graph":[{"@type":"WebPage","@id":"https:\/\/www.cleanlease.com\/be\/leisure\/wasservice\/","url":"https:\/\/www.cleanlease.com\/be\/leisure\/wasservice\/","name":"Professionele wasservice voor recreatie | CleanLease","isPartOf":{"@id":"https:\/\/www.cleanlease.com\/#website"},"datePublished":"2023-08-24T07:25:29+00:00","dateModified":"2025-04-09T18:44:49+00:00","description":"Onze wasservice combineert kwaliteit en nauwkeurigheid \u2013 precies wat u nodig heeft voor recreatief textielonderhoud.","breadcrumb":{"@id":"https:\/\/www.cleanlease.com\/be\/leisure\/wasservice\/#breadcrumb"},"inLanguage":"nl-BE","potentialAction":[{"@type":"ReadAction","target":["https:\/\/www.cleanlease.com\/be\/leisure\/wasservice\/"]}]},{"@type":"BreadcrumbList","@id":"https:\/\/www.cleanlease.com\/be\/leisure\/wasservice\/#breadcrumb","itemListElement":[{"@type":"ListItem","position":1,"name":"Home","item":"https:\/\/www.cleanlease.com\/be\/"},{"@type":"ListItem","position":2,"name":"Leisure","item":"https:\/\/www.cleanlease.com\/be\/leisure\/"},{"@type":"ListItem","position":3,"name":"Wasservice"}]},{"@type":"WebSite","@id":"https:\/\/www.cleanlease.com\/#website","url":"https:\/\/www.cleanlease.com\/","name":"CleanLease","description":"Because we care","potentialAction":[{"@type":"SearchAction","target":{"@type":"EntryPoint","urlTemplate":"https:\/\/www.cleanlease.com\/?s={search_term_string}"},"query-input":{"@type":"PropertyValueSpecification","valueRequired":true,"valueName":"search_term_string"}}],"inLanguage":"nl-BE"}]}},"_links":{"self":[{"href":"https:\/\/www.cleanlease.com\/be\/wp-json\/wp\/v2\/pages\/11184","targetHints":{"allow":["GET"]}}],"collection":[{"href":"https:\/\/www.cleanlease.com\/be\/wp-json\/wp\/v2\/pages"}],"about":[{"href":"https:\/\/www.cleanlease.com\/be\/wp-json\/wp\/v2\/types\/page"}],"author":[{"embeddable":true,"href":"https:\/\/www.cleanlease.com\/be\/wp-json\/wp\/v2\/users\/5"}],"replies":[{"embeddable":true,"href":"https:\/\/www.cleanlease.com\/be\/wp-json\/wp\/v2\/comments?post=11184"}],"version-history":[{"count":8,"href":"https:\/\/www.cleanlease.com\/be\/wp-json\/wp\/v2\/pages\/11184\/revisions"}],"predecessor-version":[{"id":12002,"href":"https:\/\/www.cleanlease.com\/be\/wp-json\/wp\/v2\/pages\/11184\/revisions\/12002"}],"up":[{"embeddable":true,"href":"https:\/\/www.cleanlease.com\/be\/wp-json\/wp\/v2\/pages\/11180"}],"wp:attachment":[{"href":"https:\/\/www.cleanlease.com\/be\/wp-json\/wp\/v2\/media?parent=11184"}],"curies":[{"name":"wp","href":"https:\/\/api.w.org\/{rel}","templated":true}]}}