{"id":11178,"date":"2023-09-05T11:48:00","date_gmt":"2023-09-05T11:48:00","guid":{"rendered":"https:\/\/www.cleanlease.com\/?page_id=11178"},"modified":"2025-04-09T18:39:13","modified_gmt":"2025-04-09T18:39:13","slug":"huurlinnen","status":"publish","type":"page","link":"https:\/\/www.cleanlease.com\/be\/cure\/huurlinnen\/","title":{"rendered":"Huurlinnen"},"content":{"rendered":"\n<\/div>\n<div class=\"block simple-content   block-margin-top-normal block-margin-bottom-normal block-text-center\"\n        style=\"background-color:#f8f8f8\">\n    <div class=\"container\">\n        <div class=\"row\">\n            <div class=\"col-12 \">\n                <div class=\"simple-content-container\">\n                    <div class=\"simple-content-intro\">\n                        <h1 class='block-title'>Huurlinnen<\/h1>                    <\/div>\n                    \n                        <p>Uw pati\u00ebnten voelen zich prettiger en comfortabeler in een omgeving die zij als hygi\u00ebnisch schoon ervaren. De reiniging van het linnengoed is daarin van groot belang. Een schoon en fris bed geeft pati\u00ebnten een lekker gevoel tijdens het verblijf in uw zorginstelling. Wij staan voor veilig en hoogwaardig kwalitatief (huur-) linnen dat ook nog eens ontzettend duurzaam is. Wij zorgen ervoor dat u altijd voldoende textiel op voorraad heeft en de voorraad goed af te stemmen op het gebruik. Daarnaast zorgen onze acht gespecialiseerde linnengoed locaties voor continu\u00efteit in de roulatie van uw textiel.<\/p>\n<p>Naast bed- en badtextiel kunt u ook bij ons terecht voor keukentextiel en <a href=\"https:\/\/cleanlease.com\/be\/cure\/dienstkleding\/\">dienstkleding<\/a>.<\/p>\n                        \n                                    <\/div>\n            <\/div>\n                    <\/div>\n    <\/div>\n<\/div>\n<div class=\"container\">\n\n\n\n<\/div>\n<div class=\"block simple-content position-right  block-margin-top-normal block-margin-bottom-normal block-text-left\"\n        style=\"background-color:#FFFFFF\">\n    <div class=\"container\">\n        <div class=\"row\">\n            <div class=\"col-12 col-lg-7 \">\n                <div class=\"simple-content-container\">\n                    <div class=\"simple-content-intro\">\n                        <h2 class='block-title'>Normleveringen<\/h2>                    <\/div>\n                    \n                        <p>Bij huurlinnen horen normleveringen. Dit zijn vaste hoeveelheden textiel per artikel per afdeling, per leveringsdag. Wanneer u klant bij ons wordt, beginnen we met het vaststellen of overnemen van het huidig verbruik van het bed-, bad- en huishoudlinnen en het verschoningsprotocol. Hier wordt natuurlijk rekening gehouden met de zorgzwaarte van pati\u00ebnten op de afdelingen.<\/p>\n<p>Normen stellen wij vast aan de hand van het bad- en bed verschoningsprotocol. Om de voorraden, en hiermee de kosten, in de hand te houden, wordt er wekelijks op een vaste dag een voorraadtelling gehouden. Deze handeling kost uw organisatie slechts enkele minuten tijd. Uiteraard is het naast het afbestellen van artikelen ook mogelijk om volgens dezelfde werkwijze extra artikelen bij te bestellen. Bij de levering van de artikelen ontvangen de afdelingen een pakbon met hierop de naam van de locatie, de afdeling, de kostenplaats en de aantallen van de geleverde artikelen. Inzichtelijk en transparant!<\/p>\n                        \n                                    <\/div>\n            <\/div>\n                            <div class=\"simple-content-media has-image offset-lg-1\">\n                                            <img loading=\"lazy\" decoding=\"async\" width=\"1024\" height=\"942\" src=\"https:\/\/www.cleanlease.com\/wp-content\/uploads\/2023\/10\/cleanlease-screen-1-1024x942.png\" class=\"attachment-large size-large\" alt=\"\" srcset=\"https:\/\/www.cleanlease.com\/wp-content\/uploads\/2023\/10\/cleanlease-screen-1-1024x942.png 1024w, https:\/\/www.cleanlease.com\/wp-content\/uploads\/2023\/10\/cleanlease-screen-1-300x276.png 300w, https:\/\/www.cleanlease.com\/wp-content\/uploads\/2023\/10\/cleanlease-screen-1-768x706.png 768w, https:\/\/www.cleanlease.com\/wp-content\/uploads\/2023\/10\/cleanlease-screen-1-1536x1412.png 1536w, https:\/\/www.cleanlease.com\/wp-content\/uploads\/2023\/10\/cleanlease-screen-1-2048x1883.png 2048w\" sizes=\"auto, (max-width: 1024px) 100vw, 1024px\" \/>                                                        <\/div>\n                    <\/div>\n    <\/div>\n<\/div>\n<div class=\"container\">\n\n\n\n<\/div>\n<div class=\"block simple-content   block-margin-top-normal block-margin-bottom-large block-text-left\"\n        style=\"background-color:#FFFFFF\">\n    <div class=\"container\">\n        <div class=\"row\">\n            <div class=\"col-12 \">\n                <div class=\"simple-content-container\">\n                    <div class=\"simple-content-intro\">\n                        <h2 class='block-title'>Tellingen via internet<\/h2>                    <\/div>\n                    \n                        <p>Voor het doorgeven van de voorraadtellingen wordt gebruik gemaakt van een module voorraadbeheer met internettellen of de tel app. Vooraf is per afdeling vastgelegd welke artikelen er geleverd en dus geteld kunnen worden.<\/p>\n<p><b><span data-contrast=\"none\">Het verzorgen van tellingen via internet heeft grote voordelen:<\/span><\/b><\/p>\n<ul>\n<li><span data-contrast=\"none\">Niet afhankelijk van \u00e9\u00e9n persoon, maar intern decentraal te gebruiken.<\/span><span data-ccp-props=\"{&quot;134233117&quot;:false,&quot;134233118&quot;:false,&quot;335559738&quot;:0,&quot;335559739&quot;:0}\">\u00a0<\/span><\/li>\n<li><span data-contrast=\"none\">Tellingen kunnen doorgegeven worden vanaf elke willekeurige werkplek welke over een internetverbinding beschikt.<\/span><\/li>\n<li><span data-contrast=\"none\">24 uur per dag, 7 dagen per week te gebruiken.<\/span><\/li>\n<li><span data-contrast=\"none\">Invoer direct in het wasserij softwaresysteem zonder handmatige herinvoeren van de gegevens, dus minder kans op fouten.<\/span><span data-ccp-props=\"{&quot;134233117&quot;:false,&quot;134233118&quot;:false,&quot;335559738&quot;:0,&quot;335559739&quot;:240}\">\u00a0<\/span><\/li>\n<\/ul>\n                        \n                                    <\/div>\n            <\/div>\n                    <\/div>\n    <\/div>\n<\/div>\n<div class=\"container\">\n\n\n\n<\/div>\n<div class=\"block simple-content position-left  block-margin-top-large block-margin-bottom-none block-text-left\"\n        style=\"background-color:#FFFFFF\">\n    <div class=\"container\">\n        <div class=\"row\">\n            <div class=\"col-12 col-lg-7 offset-lg-1\">\n                <div class=\"simple-content-container\">\n                    <div class=\"simple-content-intro\">\n                        <h2 class='block-title'>Managementinformatie<\/h2>                    <\/div>\n                    \n                        <p>Door de inzet van de RFID-chip kan alle textiel van uw organisatie worden gevolgd. Via een speciaal portal is op managementniveau zichtbaar w\u00e1\u00e1r het textiel zich bevindt en hoe lang het zich op een bepaalde locatie bevindt. Zo houdt u grip op de kosten en grip op verbruik.<\/p>\n                        \n                                    <\/div>\n            <\/div>\n                            <div class=\"simple-content-media has-image\">\n                                            <img loading=\"lazy\" decoding=\"async\" width=\"1\" height=\"1\" src=\"https:\/\/www.cleanlease.com\/wp-content\/uploads\/2023\/08\/RFID-1.svg\" class=\"attachment-large size-large\" alt=\"\" \/>                                                        <\/div>\n                    <\/div>\n    <\/div>\n<\/div>\n<div class=\"container\">\n\n\n\n<p><\/p>\n","protected":false},"excerpt":{"rendered":"","protected":false},"author":5,"featured_media":0,"parent":11168,"menu_order":0,"comment_status":"closed","ping_status":"closed","template":"","meta":{"_acf_changed":false,"footnotes":""},"class_list":["post-11178","page","type-page","status-publish","hentry"],"acf":[],"yoast_head":"<!-- This site is optimized with the Yoast SEO plugin v26.8 - https:\/\/yoast.com\/product\/yoast-seo-wordpress\/ -->\n<title>Huurlinnen voor medische toepassingen | CleanLease<\/title>\n<meta name=\"description\" content=\"Vertrouw op ons medisch huurlinnen \u2013 hygi\u00ebnisch, comfortabel en met zorg geleverd door CleanLease, wanneer u het nodig heeft.\" \/>\n<meta name=\"robots\" content=\"index, follow, max-snippet:-1, max-image-preview:large, max-video-preview:-1\" \/>\n<link rel=\"canonical\" href=\"https:\/\/www.cleanlease.com\/be\/cure\/huurlinnen\/\" \/>\n<meta property=\"og:locale\" content=\"nl_BE\" \/>\n<meta property=\"og:type\" content=\"article\" \/>\n<meta property=\"og:title\" content=\"Huurlinnen voor medische toepassingen | CleanLease\" \/>\n<meta property=\"og:description\" content=\"Vertrouw op ons medisch huurlinnen \u2013 hygi\u00ebnisch, comfortabel en met zorg geleverd door CleanLease, wanneer u het nodig heeft.\" \/>\n<meta property=\"og:url\" content=\"https:\/\/www.cleanlease.com\/be\/cure\/huurlinnen\/\" \/>\n<meta property=\"og:site_name\" content=\"CleanLease\" \/>\n<meta property=\"article:modified_time\" content=\"2025-04-09T18:39:13+00:00\" \/>\n<meta name=\"twitter:card\" content=\"summary_large_image\" \/>\n<script type=\"application\/ld+json\" class=\"yoast-schema-graph\">{\"@context\":\"https:\/\/schema.org\",\"@graph\":[{\"@type\":\"WebPage\",\"@id\":\"https:\/\/www.cleanlease.com\/be\/cure\/huurlinnen\/\",\"url\":\"https:\/\/www.cleanlease.com\/be\/cure\/huurlinnen\/\",\"name\":\"Huurlinnen voor medische toepassingen | CleanLease\",\"isPartOf\":{\"@id\":\"https:\/\/www.cleanlease.com\/#website\"},\"datePublished\":\"2023-09-05T11:48:00+00:00\",\"dateModified\":\"2025-04-09T18:39:13+00:00\",\"description\":\"Vertrouw op ons medisch huurlinnen \u2013 hygi\u00ebnisch, comfortabel en met zorg geleverd door CleanLease, wanneer u het nodig heeft.\",\"breadcrumb\":{\"@id\":\"https:\/\/www.cleanlease.com\/be\/cure\/huurlinnen\/#breadcrumb\"},\"inLanguage\":\"nl-BE\",\"potentialAction\":[{\"@type\":\"ReadAction\",\"target\":[\"https:\/\/www.cleanlease.com\/be\/cure\/huurlinnen\/\"]}]},{\"@type\":\"BreadcrumbList\",\"@id\":\"https:\/\/www.cleanlease.com\/be\/cure\/huurlinnen\/#breadcrumb\",\"itemListElement\":[{\"@type\":\"ListItem\",\"position\":1,\"name\":\"Home\",\"item\":\"https:\/\/www.cleanlease.com\/be\/\"},{\"@type\":\"ListItem\",\"position\":2,\"name\":\"Cure\",\"item\":\"https:\/\/www.cleanlease.com\/be\/cure\/\"},{\"@type\":\"ListItem\",\"position\":3,\"name\":\"Huurlinnen\"}]},{\"@type\":\"WebSite\",\"@id\":\"https:\/\/www.cleanlease.com\/#website\",\"url\":\"https:\/\/www.cleanlease.com\/\",\"name\":\"CleanLease\",\"description\":\"Because we care\",\"potentialAction\":[{\"@type\":\"SearchAction\",\"target\":{\"@type\":\"EntryPoint\",\"urlTemplate\":\"https:\/\/www.cleanlease.com\/?s={search_term_string}\"},\"query-input\":{\"@type\":\"PropertyValueSpecification\",\"valueRequired\":true,\"valueName\":\"search_term_string\"}}],\"inLanguage\":\"nl-BE\"}]}<\/script>\n<!-- \/ Yoast SEO plugin. -->","yoast_head_json":{"title":"Huurlinnen voor medische toepassingen | CleanLease","description":"Vertrouw op ons medisch huurlinnen \u2013 hygi\u00ebnisch, comfortabel en met zorg geleverd door CleanLease, wanneer u het nodig heeft.","robots":{"index":"index","follow":"follow","max-snippet":"max-snippet:-1","max-image-preview":"max-image-preview:large","max-video-preview":"max-video-preview:-1"},"canonical":"https:\/\/www.cleanlease.com\/be\/cure\/huurlinnen\/","og_locale":"nl_BE","og_type":"article","og_title":"Huurlinnen voor medische toepassingen | CleanLease","og_description":"Vertrouw op ons medisch huurlinnen \u2013 hygi\u00ebnisch, comfortabel en met zorg geleverd door CleanLease, wanneer u het nodig heeft.","og_url":"https:\/\/www.cleanlease.com\/be\/cure\/huurlinnen\/","og_site_name":"CleanLease","article_modified_time":"2025-04-09T18:39:13+00:00","twitter_card":"summary_large_image","schema":{"@context":"https:\/\/schema.org","@graph":[{"@type":"WebPage","@id":"https:\/\/www.cleanlease.com\/be\/cure\/huurlinnen\/","url":"https:\/\/www.cleanlease.com\/be\/cure\/huurlinnen\/","name":"Huurlinnen voor medische toepassingen | CleanLease","isPartOf":{"@id":"https:\/\/www.cleanlease.com\/#website"},"datePublished":"2023-09-05T11:48:00+00:00","dateModified":"2025-04-09T18:39:13+00:00","description":"Vertrouw op ons medisch huurlinnen \u2013 hygi\u00ebnisch, comfortabel en met zorg geleverd door CleanLease, wanneer u het nodig heeft.","breadcrumb":{"@id":"https:\/\/www.cleanlease.com\/be\/cure\/huurlinnen\/#breadcrumb"},"inLanguage":"nl-BE","potentialAction":[{"@type":"ReadAction","target":["https:\/\/www.cleanlease.com\/be\/cure\/huurlinnen\/"]}]},{"@type":"BreadcrumbList","@id":"https:\/\/www.cleanlease.com\/be\/cure\/huurlinnen\/#breadcrumb","itemListElement":[{"@type":"ListItem","position":1,"name":"Home","item":"https:\/\/www.cleanlease.com\/be\/"},{"@type":"ListItem","position":2,"name":"Cure","item":"https:\/\/www.cleanlease.com\/be\/cure\/"},{"@type":"ListItem","position":3,"name":"Huurlinnen"}]},{"@type":"WebSite","@id":"https:\/\/www.cleanlease.com\/#website","url":"https:\/\/www.cleanlease.com\/","name":"CleanLease","description":"Because we care","potentialAction":[{"@type":"SearchAction","target":{"@type":"EntryPoint","urlTemplate":"https:\/\/www.cleanlease.com\/?s={search_term_string}"},"query-input":{"@type":"PropertyValueSpecification","valueRequired":true,"valueName":"search_term_string"}}],"inLanguage":"nl-BE"}]}},"_links":{"self":[{"href":"https:\/\/www.cleanlease.com\/be\/wp-json\/wp\/v2\/pages\/11178","targetHints":{"allow":["GET"]}}],"collection":[{"href":"https:\/\/www.cleanlease.com\/be\/wp-json\/wp\/v2\/pages"}],"about":[{"href":"https:\/\/www.cleanlease.com\/be\/wp-json\/wp\/v2\/types\/page"}],"author":[{"embeddable":true,"href":"https:\/\/www.cleanlease.com\/be\/wp-json\/wp\/v2\/users\/5"}],"replies":[{"embeddable":true,"href":"https:\/\/www.cleanlease.com\/be\/wp-json\/wp\/v2\/comments?post=11178"}],"version-history":[{"count":4,"href":"https:\/\/www.cleanlease.com\/be\/wp-json\/wp\/v2\/pages\/11178\/revisions"}],"predecessor-version":[{"id":11493,"href":"https:\/\/www.cleanlease.com\/be\/wp-json\/wp\/v2\/pages\/11178\/revisions\/11493"}],"up":[{"embeddable":true,"href":"https:\/\/www.cleanlease.com\/be\/wp-json\/wp\/v2\/pages\/11168"}],"wp:attachment":[{"href":"https:\/\/www.cleanlease.com\/be\/wp-json\/wp\/v2\/media?parent=11178"}],"curies":[{"name":"wp","href":"https:\/\/api.w.org\/{rel}","templated":true}]}}